{"id":9179,"date":"2023-01-23T15:57:24","date_gmt":"2023-01-23T14:57:24","guid":{"rendered":"https:\/\/www.green-planet.market\/prodotto\/indici-vegetazionali-ampliamento-estensione-modulo-agro\/"},"modified":"2025-09-03T08:46:52","modified_gmt":"2025-09-03T06:46:52","slug":"indici-vegetazionali","status":"publish","type":"product","link":"https:\/\/www.green-planet.market\/tr\/urun\/indici-vegetazionali\/","title":{"rendered":"DSS GREEN PLANET INDICI VEGETAZIONALI &#8211; Soluzione digitale in abbonamento 12 mesi"},"content":{"rendered":"<p><a href=\"https:\/\/www.green-planet.market\/wp-content\/uploads\/2023\/04\/Depliant-3a8.pdf\">Bro\u015f\u00fcr\u00fc indirin<\/a><\/p>\n<p>L&#8217;estensione consente di elaborare le mappe degli indici su un&#8217;area aggiuntiva fino a 25Ha.<\/p>\n<p>Hizmet abonelik tabanl\u0131d\u0131r (12 ay ge\u00e7erlilik)<\/p>\n<p>Bitki \u00f6rt\u00fcs\u00fc endeksleri ve canl\u0131l\u0131k haritalar\u0131, klorofilin farkl\u0131 spektral aral\u0131klarda \u0131\u015f\u0131\u011f\u0131 absorbe etme ve yayma oran\u0131n\u0131 ifade eder. Temel \u00f6l\u00e7\u00fcmler d\u00fczenli aral\u0131klarla bir uydu tak\u0131my\u0131ld\u0131z\u0131 taraf\u0131ndan yap\u0131l\u0131r. Bunlar biyok\u00fctle miktar\u0131n\u0131n ve bitki sa\u011fl\u0131\u011f\u0131n\u0131n g\u00f6stergesidir, ancak \u00f6zel kullan\u0131mlar\u0131 olan \u00e7ok say\u0131da endeks vard\u0131r:<\/p>\n<ul>\n<li>NDVI = Indice di vegetazione a differenza normalizzata;<\/li>\n<li>EVI = Indice di vegetazione potenziato;<\/li>\n<li>NDWI = Indice di differenza normalizzata dell&#8217;acqua;<\/li>\n<li>NDMI = Indice di differenza normalizzata dell&#8217;umidit\u00e0;<\/li>\n<li>LAI = Indice di area fogliare;<\/li>\n<li>FAPAR = Frazione di radiazione fotosinteticamente attiva;<\/li>\n<li>CCC = Contenuto di clorofilla nella copertura;<\/li>\n<li>CWC = Contenuto di acqua nella copertura;<\/li>\n<li>MSAVI2 = Indice di vegetazione modificato e regolato per il suolo;<\/li>\n<li>NDRE = Indice di differenza normalizzata della zona di rosso (B05, B08);<\/li>\n<li>NDREX = Indice di differenza normalizzata della zona di rosso (B04, B09);<\/li>\n<li>ARI1 = Indice di Riflettanza Antocianina 1;<\/li>\n<li>CAR_RE = Indice di Riflettanza dei Carotenoidi nell&#8217;Area di Rosso;<\/li>\n<li>CL_RE = Indice di Clorofilla nell&#8217;Area di Rosso;<\/li>\n<li>NMDI = Indice Normalizzato di Durezza Multibanda;<\/li>\n<li>SI = Indice di Salinit\u00e0;<\/li>\n<li>SOC_VIS = Carbonio Organico del Suolo (spettro visibile);<\/li>\n<li>SOC_SWIR = Carbonio Organico del Suolo (spettro nel vicino infrarosso e infrarosso a onde corte);<\/li>\n<li>WIW &#8211; Acqua nelle Zone Umide;<\/li>\n<li>YRSI &#8211; Indice di Spore di Ruggine Gialla.<\/li>\n<\/ul>","protected":false},"excerpt":{"rendered":"<p>Scarica brochure L&#8217;estensione consente di elaborare le mappe degli indici [&hellip;]<\/p>\n","protected":false},"featured_media":10601,"template":"","meta":{"_acf_changed":false},"product_brand":[],"product_cat":[44],"product_tag":[],"class_list":{"0":"post-9179","1":"product","2":"type-product","3":"status-publish","4":"has-post-thumbnail","6":"product_cat-senza-categoria","8":"first","9":"instock","10":"virtual","11":"taxable","12":"purchasable","13":"product-type-simple"},"acf":[],"yoast_head":"<!-- This site is optimized with the Yoast SEO plugin v27.5 - https:\/\/yoast.com\/product\/yoast-seo-wordpress\/ -->\n<title>DSS GREEN PLANET INDICI VEGETAZIONALI - Soluzione digitale in abbonamento 12 mesi - 3a Green Planet Shop<\/title>\n<meta name=\"description\" content=\"L&#039;estensione consente di elaborare le mappe degli indici su un&#039;area aggiuntiva fino a 25H e un solo poligono\u00a0\" \/>\n<meta name=\"robots\" content=\"index, follow, max-snippet:-1, max-image-preview:large, max-video-preview:-1\" \/>\n<link rel=\"canonical\" href=\"https:\/\/www.green-planet.market\/tr\/urun\/indici-vegetazionali\/\" \/>\n<meta property=\"og:locale\" content=\"tr_TR\" \/>\n<meta property=\"og:type\" content=\"article\" \/>\n<meta property=\"og:title\" content=\"DSS GREEN PLANET INDICI VEGETAZIONALI - Soluzione digitale in abbonamento 12 mesi - 3a Green Planet Shop\" \/>\n<meta property=\"og:description\" content=\"L&#039;estensione consente di elaborare le mappe degli indici su un&#039;area aggiuntiva fino a 25H e un solo poligono\u00a0\" \/>\n<meta property=\"og:url\" content=\"https:\/\/www.green-planet.market\/tr\/urun\/indici-vegetazionali\/\" \/>\n<meta property=\"og:site_name\" content=\"3a Green Planet Shop\" \/>\n<meta property=\"article:modified_time\" content=\"2025-09-03T06:46:52+00:00\" \/>\n<meta property=\"og:image\" content=\"https:\/\/www.green-planet.market\/wp-content\/uploads\/2023\/01\/gp4.jpg\" \/>\n\t<meta property=\"og:image:width\" content=\"2121\" \/>\n\t<meta property=\"og:image:height\" content=\"1414\" \/>\n\t<meta property=\"og:image:type\" content=\"image\/jpeg\" \/>\n<meta name=\"twitter:card\" content=\"summary_large_image\" \/>\n<meta name=\"twitter:label1\" content=\"Tahmini okuma s\u00fcresi\" \/>\n\t<meta name=\"twitter:data1\" content=\"2 dakika\" \/>\n<script type=\"application\/ld+json\" class=\"yoast-schema-graph\">{\"@context\":\"https:\\\/\\\/schema.org\",\"@graph\":[{\"@type\":\"WebPage\",\"@id\":\"https:\\\/\\\/www.green-planet.market\\\/prodotto\\\/indici-vegetazionali\\\/\",\"url\":\"https:\\\/\\\/www.green-planet.market\\\/prodotto\\\/indici-vegetazionali\\\/\",\"name\":\"DSS GREEN PLANET INDICI VEGETAZIONALI - Soluzione digitale in abbonamento 12 mesi - 3a Green Planet Shop\",\"isPartOf\":{\"@id\":\"https:\\\/\\\/www.green-planet.market\\\/#website\"},\"primaryImageOfPage\":{\"@id\":\"https:\\\/\\\/www.green-planet.market\\\/prodotto\\\/indici-vegetazionali\\\/#primaryimage\"},\"image\":{\"@id\":\"https:\\\/\\\/www.green-planet.market\\\/prodotto\\\/indici-vegetazionali\\\/#primaryimage\"},\"thumbnailUrl\":\"https:\\\/\\\/www.green-planet.market\\\/wp-content\\\/uploads\\\/2023\\\/01\\\/gp4.jpg\",\"datePublished\":\"2023-01-23T14:57:24+00:00\",\"dateModified\":\"2025-09-03T06:46:52+00:00\",\"description\":\"L'estensione consente di elaborare le mappe degli indici su un'area aggiuntiva fino a 25H e un solo poligono\u00a0\",\"breadcrumb\":{\"@id\":\"https:\\\/\\\/www.green-planet.market\\\/prodotto\\\/indici-vegetazionali\\\/#breadcrumb\"},\"inLanguage\":\"tr\",\"potentialAction\":[{\"@type\":\"ReadAction\",\"target\":[\"https:\\\/\\\/www.green-planet.market\\\/prodotto\\\/indici-vegetazionali\\\/\"]}]},{\"@type\":\"ImageObject\",\"inLanguage\":\"tr\",\"@id\":\"https:\\\/\\\/www.green-planet.market\\\/prodotto\\\/indici-vegetazionali\\\/#primaryimage\",\"url\":\"https:\\\/\\\/www.green-planet.market\\\/wp-content\\\/uploads\\\/2023\\\/01\\\/gp4.jpg\",\"contentUrl\":\"https:\\\/\\\/www.green-planet.market\\\/wp-content\\\/uploads\\\/2023\\\/01\\\/gp4.jpg\",\"width\":2121,\"height\":1414},{\"@type\":\"BreadcrumbList\",\"@id\":\"https:\\\/\\\/www.green-planet.market\\\/prodotto\\\/indici-vegetazionali\\\/#breadcrumb\",\"itemListElement\":[{\"@type\":\"ListItem\",\"position\":1,\"name\":\"Home\",\"item\":\"https:\\\/\\\/www.green-planet.market\\\/\"},{\"@type\":\"ListItem\",\"position\":2,\"name\":\"Shop\",\"item\":\"https:\\\/\\\/www.green-planet.market\\\/\"},{\"@type\":\"ListItem\",\"position\":3,\"name\":\"DSS GREEN PLANET INDICI VEGETAZIONALI (ESTENSIONE) &#8211; Soluzione digitale in abbonamento 12 mesi\"}]},{\"@type\":\"WebSite\",\"@id\":\"https:\\\/\\\/www.green-planet.market\\\/#website\",\"url\":\"https:\\\/\\\/www.green-planet.market\\\/\",\"name\":\"3a Green Planet Shop\",\"description\":\"Clima, ambiente e agricoltura sostenibile\",\"publisher\":{\"@id\":\"https:\\\/\\\/www.green-planet.market\\\/#organization\"},\"potentialAction\":[{\"@type\":\"SearchAction\",\"target\":{\"@type\":\"EntryPoint\",\"urlTemplate\":\"https:\\\/\\\/www.green-planet.market\\\/?s={search_term_string}\"},\"query-input\":{\"@type\":\"PropertyValueSpecification\",\"valueRequired\":true,\"valueName\":\"search_term_string\"}}],\"inLanguage\":\"tr\"},{\"@type\":\"Organization\",\"@id\":\"https:\\\/\\\/www.green-planet.market\\\/#organization\",\"name\":\"3a Green Planet Shop\",\"url\":\"https:\\\/\\\/www.green-planet.market\\\/\",\"logo\":{\"@type\":\"ImageObject\",\"inLanguage\":\"tr\",\"@id\":\"https:\\\/\\\/www.green-planet.market\\\/#\\\/schema\\\/logo\\\/image\\\/\",\"url\":\"https:\\\/\\\/www.green-planet.market\\\/wp-content\\\/uploads\\\/2022\\\/06\\\/3a_shop_colorato.png\",\"contentUrl\":\"https:\\\/\\\/www.green-planet.market\\\/wp-content\\\/uploads\\\/2022\\\/06\\\/3a_shop_colorato.png\",\"width\":150,\"height\":105,\"caption\":\"3a Green Planet Shop\"},\"image\":{\"@id\":\"https:\\\/\\\/www.green-planet.market\\\/#\\\/schema\\\/logo\\\/image\\\/\"}}]}<\/script>\n<!-- \/ Yoast SEO plugin. -->","yoast_head_json":{"title":"DSS GREEN PLANET INDICI VEGETAZIONALI - Soluzione digitale in abbonamento 12 mesi - 3a Green Planet Shop","description":"L'estensione consente di elaborare le mappe degli indici su un'area aggiuntiva fino a 25H e un solo poligono\u00a0","robots":{"index":"index","follow":"follow","max-snippet":"max-snippet:-1","max-image-preview":"max-image-preview:large","max-video-preview":"max-video-preview:-1"},"canonical":"https:\/\/www.green-planet.market\/tr\/urun\/indici-vegetazionali\/","og_locale":"tr_TR","og_type":"article","og_title":"DSS GREEN PLANET INDICI VEGETAZIONALI - Soluzione digitale in abbonamento 12 mesi - 3a Green Planet Shop","og_description":"L'estensione consente di elaborare le mappe degli indici su un'area aggiuntiva fino a 25H e un solo poligono\u00a0","og_url":"https:\/\/www.green-planet.market\/tr\/urun\/indici-vegetazionali\/","og_site_name":"3a Green Planet Shop","article_modified_time":"2025-09-03T06:46:52+00:00","og_image":[{"width":2121,"height":1414,"url":"https:\/\/www.green-planet.market\/wp-content\/uploads\/2023\/01\/gp4.jpg","type":"image\/jpeg"}],"twitter_card":"summary_large_image","twitter_misc":{"Tahmini okuma s\u00fcresi":"2 dakika"},"schema":{"@context":"https:\/\/schema.org","@graph":[{"@type":"WebPage","@id":"https:\/\/www.green-planet.market\/prodotto\/indici-vegetazionali\/","url":"https:\/\/www.green-planet.market\/prodotto\/indici-vegetazionali\/","name":"DSS GREEN PLANET INDICI VEGETAZIONALI - Soluzione digitale in abbonamento 12 mesi - 3a Green Planet Shop","isPartOf":{"@id":"https:\/\/www.green-planet.market\/#website"},"primaryImageOfPage":{"@id":"https:\/\/www.green-planet.market\/prodotto\/indici-vegetazionali\/#primaryimage"},"image":{"@id":"https:\/\/www.green-planet.market\/prodotto\/indici-vegetazionali\/#primaryimage"},"thumbnailUrl":"https:\/\/www.green-planet.market\/wp-content\/uploads\/2023\/01\/gp4.jpg","datePublished":"2023-01-23T14:57:24+00:00","dateModified":"2025-09-03T06:46:52+00:00","description":"L'estensione consente di elaborare le mappe degli indici su un'area aggiuntiva fino a 25H e un solo poligono\u00a0","breadcrumb":{"@id":"https:\/\/www.green-planet.market\/prodotto\/indici-vegetazionali\/#breadcrumb"},"inLanguage":"tr","potentialAction":[{"@type":"ReadAction","target":["https:\/\/www.green-planet.market\/prodotto\/indici-vegetazionali\/"]}]},{"@type":"ImageObject","inLanguage":"tr","@id":"https:\/\/www.green-planet.market\/prodotto\/indici-vegetazionali\/#primaryimage","url":"https:\/\/www.green-planet.market\/wp-content\/uploads\/2023\/01\/gp4.jpg","contentUrl":"https:\/\/www.green-planet.market\/wp-content\/uploads\/2023\/01\/gp4.jpg","width":2121,"height":1414},{"@type":"BreadcrumbList","@id":"https:\/\/www.green-planet.market\/prodotto\/indici-vegetazionali\/#breadcrumb","itemListElement":[{"@type":"ListItem","position":1,"name":"Home","item":"https:\/\/www.green-planet.market\/"},{"@type":"ListItem","position":2,"name":"Shop","item":"https:\/\/www.green-planet.market\/"},{"@type":"ListItem","position":3,"name":"DSS GREEN PLANET INDICI VEGETAZIONALI (ESTENSIONE) &#8211; Soluzione digitale in abbonamento 12 mesi"}]},{"@type":"WebSite","@id":"https:\/\/www.green-planet.market\/#website","url":"https:\/\/www.green-planet.market\/","name":"3a Green Planet Shop","description":"Clima, ambiente e agricoltura sostenibile","publisher":{"@id":"https:\/\/www.green-planet.market\/#organization"},"potentialAction":[{"@type":"SearchAction","target":{"@type":"EntryPoint","urlTemplate":"https:\/\/www.green-planet.market\/?s={search_term_string}"},"query-input":{"@type":"PropertyValueSpecification","valueRequired":true,"valueName":"search_term_string"}}],"inLanguage":"tr"},{"@type":"Organization","@id":"https:\/\/www.green-planet.market\/#organization","name":"3a Green Planet Shop","url":"https:\/\/www.green-planet.market\/","logo":{"@type":"ImageObject","inLanguage":"tr","@id":"https:\/\/www.green-planet.market\/#\/schema\/logo\/image\/","url":"https:\/\/www.green-planet.market\/wp-content\/uploads\/2022\/06\/3a_shop_colorato.png","contentUrl":"https:\/\/www.green-planet.market\/wp-content\/uploads\/2022\/06\/3a_shop_colorato.png","width":150,"height":105,"caption":"3a Green Planet Shop"},"image":{"@id":"https:\/\/www.green-planet.market\/#\/schema\/logo\/image\/"}}]}},"_links":{"self":[{"href":"https:\/\/www.green-planet.market\/tr\/wp-json\/wp\/v2\/product\/9179","targetHints":{"allow":["GET"]}}],"collection":[{"href":"https:\/\/www.green-planet.market\/tr\/wp-json\/wp\/v2\/product"}],"about":[{"href":"https:\/\/www.green-planet.market\/tr\/wp-json\/wp\/v2\/types\/product"}],"wp:featuredmedia":[{"embeddable":true,"href":"https:\/\/www.green-planet.market\/tr\/wp-json\/wp\/v2\/media\/10601"}],"wp:attachment":[{"href":"https:\/\/www.green-planet.market\/tr\/wp-json\/wp\/v2\/media?parent=9179"}],"wp:term":[{"taxonomy":"product_brand","embeddable":true,"href":"https:\/\/www.green-planet.market\/tr\/wp-json\/wp\/v2\/product_brand?post=9179"},{"taxonomy":"product_cat","embeddable":true,"href":"https:\/\/www.green-planet.market\/tr\/wp-json\/wp\/v2\/product_cat?post=9179"},{"taxonomy":"product_tag","embeddable":true,"href":"https:\/\/www.green-planet.market\/tr\/wp-json\/wp\/v2\/product_tag?post=9179"}],"curies":[{"name":"wp","href":"https:\/\/api.w.org\/{rel}","templated":true}]}}