{"id":9177,"date":"2023-01-23T15:57:23","date_gmt":"2023-01-23T14:57:23","guid":{"rendered":"https:\/\/www.green-planet.market\/prodotto\/modulo-agro-monitoraggio-colturale-e-gestione-tecnica-green-planet\/"},"modified":"2025-02-13T13:28:53","modified_gmt":"2025-02-13T12:28:53","slug":"modulo-agro-monitoraggio-colturale-e-gestione-tecnica-green-planet","status":"publish","type":"product","link":"https:\/\/www.green-planet.market\/tr\/urun\/modulo-agro-monitoraggio-colturale-e-gestione-tecnica-green-planet\/","title":{"rendered":"DSS GREEN PLANET AGRO MOD\u00dcL\u00dc: mahsul izleme ve teknik y\u00f6netim - 12 ayl\u0131k abonelikli dijital \u00e7\u00f6z\u00fcm\nKDV hari\u00e7 450,00 \u20ac"},"content":{"rendered":"<h4><a href=\"https:\/\/www.green-planet.market\/wp-content\/uploads\/2023\/04\/Depliant-3a8.pdf\">Bro\u015f\u00fcr\u00fc indirin<\/a><\/h4>\n<h4>Green Planet platformu bu konfig\u00fcrasyonda tar\u0131msal bilgilerin girilmesine ve g\u00f6r\u00fcnt\u00fclenmesine, bitki \u00f6rt\u00fcs\u00fc endekslerinin g\u00f6rselle\u015ftirilmesine ve re\u00e7ete haritalar\u0131n\u0131n olu\u015fturulmas\u0131na olanak tan\u0131r<\/h4>\n<ul>\n<li>Uygulama ayr\u0131ca Android i\u00e7in Google Play Store'da ve iOS i\u00e7in APP Store'da da mevcuttur.<\/li>\n<li>Hizmetin s\u00fcresi 12 ayd\u0131r ve en fazla 5 giri\u015f i\u00e7erir<\/li>\n<li>Uygulama, Google Haritalar'\u0131n hizmetlerini kullanarak eri\u015fimde Web GIS g\u00f6r\u00fcn\u00fcm modunu sunar.<\/li>\n<li>Platform \u00e7ok dillidir: \u0130talyanca, \u0130ngilizce, \u0130spanyolca, Frans\u0131zca, T\u00fcrk\u00e7e<\/li>\n<\/ul>\n<p>Ana i\u015flevler a\u015fa\u011f\u0131daki gibidir<\/p>\n<p><strong>SAHA G\u00d6ZLEMLERI<\/strong><\/p>\n<p>Saha ara\u015ft\u0131rmalar\u0131n\u0131n notland\u0131r\u0131lmas\u0131na ve g\u00f6rselle\u015ftirilmesine ve teknik faaliyetlerin koordinasyonuna olanak tan\u0131r. 10'a kadar \u00fcr\u00fcn biriminin y\u00f6netimine izin verir<br \/>\nAra\u015ft\u0131rmalar\u0131n ve faaliyetlerin kay\u0131t sayfalar\u0131 a\u015fa\u011f\u0131daki gibidir:<br \/>\nFenolojik ara\u015ft\u0131rmalar - Patojenik zararl\u0131lar - Fitofag zararl\u0131lar - Atmosferik zararl\u0131lar - Raporlama - Tuzakla yakalama. Mod\u00fcl, asma, zeytin, f\u0131nd\u0131k, armut, elma, \u015feftali, kay\u0131s\u0131, erik, kiraz, kivi, m\u0131s\u0131r, pirin\u00e7, bu\u011fday, arpa, sorgum, yonca, fasulye, domates, patates, kavun, karpuz, balkaba\u011f\u0131, kabak, yaban mersini, ahududu, so\u011fan, biber, enginar, avokado, mango, kahve, kakao gibi \u00e7e\u015fitli \u00fcr\u00fcnlerin surveyleri i\u00e7in kartlar sa\u011flar.<\/p>\n<p><strong>UYDU G\u00d6ZLEMLERI<\/strong><\/p>\n<p>25 HA'ya kadar farkl\u0131 VEGETASYON \u0130NDEKSLER\u0130N\u0130N g\u00f6r\u00fcnt\u00fclerini indirmenize olanak tan\u0131r. Bitki \u00f6rt\u00fcs\u00fc endeksleri ve canl\u0131l\u0131k haritalar\u0131, klorofilin farkl\u0131 spektral aral\u0131klarda \u0131\u015f\u0131\u011f\u0131 absorbe etme ve yayma oran\u0131n\u0131 ifade eder. Tabandaki \u00f6l\u00e7\u00fcmler d\u00fczenli aral\u0131klarla bir uydu tak\u0131my\u0131ld\u0131z\u0131 taraf\u0131ndan yap\u0131l\u0131r. Bunlar biyok\u00fctle miktar\u0131n\u0131n ve bitki sa\u011fl\u0131\u011f\u0131n\u0131n g\u00f6stergesidir, ancak \u00f6zel kullan\u0131mlar\u0131 olan \u00e7ok say\u0131da endeks vard\u0131r:<\/p>\n<ul>\n<li>NDVI = Indice di vegetazione a differenza normalizzata;<\/li>\n<li>EVI = Indice di vegetazione potenziato;<\/li>\n<li>NDWI = Indice di differenza normalizzata dell\u2019acqua;<\/li>\n<li>NDMI = Indice di differenza normalizzata dell\u2019umidit\u00e0;<\/li>\n<li>LAI = Indice di area fogliare;<\/li>\n<li>FAPAR = Frazione di radiazione fotosinteticamente attiva;<\/li>\n<li>CCC = Contenuto di clorofilla nella copertura;<\/li>\n<li>CWC = Contenuto di acqua nella copertura;<\/li>\n<li>MSAVI2 = Indice di vegetazione modificato e regolato per il suolo;<\/li>\n<li>NDRE = Indice di differenza normalizzata della zona di rosso (B05, B08);<\/li>\n<li>NDREX = Indice di differenza normalizzata della zona di rosso (B04, B09);<\/li>\n<li>ARI1 = Indice di Riflettanza Antocianina 1;<\/li>\n<li>CAR_RE = Indice di Riflettanza dei Carotenoidi nell\u2019Area di Rosso;<\/li>\n<li>CL_RE = Indice di Clorofilla nell\u2019Area di Rosso;<\/li>\n<li>NMDI = Indice Normalizzato di Durezza Multibanda;<\/li>\n<li>SI = Indice di Salinit\u00e0;<\/li>\n<li>SOC_VIS = Carbonio Organico del Suolo (spettro visibile);<\/li>\n<li>SOC_SWIR = Carbonio Organico del Suolo (spettro nel vicino infrarosso e infrarosso a onde corte);<\/li>\n<li>WIW \u2013 Acqua nelle Zone Umide;<\/li>\n<li>YRSI \u2013 Indice di Spore di Ruggine Gialla.<\/li>\n<\/ul>\n<p><strong>FAALIYETLERIN KAYDEDILMESI<\/strong><\/p>\n<p>\u00dcretim, Toprak Analizi, Saha Operasyonlar\u0131 ve Sulama verilerinin girilmesine izin verir.<\/p>\n<p>Il database \u00e8 interfacciato automaticamente con l&#8217;Archivio ministeriale dei prodotti fitosanitari.<\/p>\n<p><strong>CALCOLO DEGLI ASPORTI E DEL PIANO DI CONCIMAZIONE<\/strong><\/p>\n<p>Lo strumento per il \u201cCalcolo asporti\u201d dei principali elementi, quali azoto (N), fosforo (P) e potassio (K) restituisce valori corrispondenti al fabbisogno colturale (kg\/ha) di ciascun elemento.<\/p>\n<p>Lo strumento \u201cPiano di concimazione\u201d \u00e8 basato sulle LINEE GUIDA NAZIONALI DI PRODUZIONE INTEGRATA. Costituisce un supporto utile alla pianificazione delle concimazioni. Consente l\u2019elaborazione di un consiglio di quantit\u00e0 (kg\/ha) di azoto (N), fosforo (P) e potassio (K) da distribuire in funzione delle caratteristiche ambientali e agronomiche configurate.<\/p>\n<p><strong>RE\u00c7ETELER<\/strong><\/p>\n<p>Re\u00e7etelerin olu\u015fturulmas\u0131 yoluyla bir Google Haritas\u0131 \u00fczerinde \u00e7izilen alanlarda re\u00e7etelerin olu\u015fturulmas\u0131na ve g\u00f6r\u00fcnt\u00fclenmesine olanak tan\u0131r. Mod\u00fcl ayr\u0131ca a\u015fa\u011f\u0131dakilerin olu\u015fturulmas\u0131na da izin verir:<\/p>\n<ul>\n<li>B\u00f6lge birimi ve re\u00e7ete alan\u0131 ba\u015f\u0131na ayr\u0131nt\u0131larla y\u00fcr\u00fct\u00fclen operasyonlar\u0131n raporu<\/li>\n<li>Report delle prescrizioni inviate<\/li>\n<li>Report dei trattamenti eseguiti e dei prodotti utilizzati<\/li>\n<\/ul>","protected":false},"excerpt":{"rendered":"<p>Scarica brochure La piattaforma Green Planet consente in questa configurazione [&hellip;]<\/p>\n","protected":false},"featured_media":10599,"template":"","meta":{"_acf_changed":false},"product_brand":[],"product_cat":[44],"product_tag":[],"class_list":{"0":"post-9177","1":"product","2":"type-product","3":"status-publish","4":"has-post-thumbnail","6":"product_cat-senza-categoria","8":"first","9":"instock","10":"virtual","11":"taxable","12":"purchasable","13":"product-type-simple"},"acf":[],"yoast_head":"<!-- This site is optimized with the Yoast SEO plugin v27.5 - https:\/\/yoast.com\/product\/yoast-seo-wordpress\/ -->\n<title>DSS GREEN PLANET MODULO AGRO: monitoraggio colturale e gestione tecnica - Soluzione digitale in abbonamento 12 mesi - 3a Green Planet Shop<\/title>\n<meta name=\"description\" content=\"La piattaforma Green Planet consente in questa configurazione l\u2019inserimento e la visualizzazione di informazioni agronomiche, la visualizzazione degli indici vegetazionali e la creazione di mappe di prescrizione.\" \/>\n<meta name=\"robots\" content=\"index, follow, max-snippet:-1, max-image-preview:large, max-video-preview:-1\" \/>\n<link rel=\"canonical\" href=\"https:\/\/www.green-planet.market\/tr\/urun\/modulo-agro-monitoraggio-colturale-e-gestione-tecnica-green-planet\/\" \/>\n<meta property=\"og:locale\" content=\"tr_TR\" \/>\n<meta property=\"og:type\" content=\"article\" \/>\n<meta property=\"og:title\" content=\"DSS GREEN PLANET MODULO AGRO: monitoraggio colturale e gestione tecnica - Soluzione digitale in abbonamento 12 mesi - 3a Green Planet Shop\" \/>\n<meta property=\"og:description\" content=\"La piattaforma Green Planet consente in questa configurazione l\u2019inserimento e la visualizzazione di informazioni agronomiche, la visualizzazione degli indici vegetazionali e la creazione di mappe di prescrizione.\" \/>\n<meta property=\"og:url\" content=\"https:\/\/www.green-planet.market\/tr\/urun\/modulo-agro-monitoraggio-colturale-e-gestione-tecnica-green-planet\/\" \/>\n<meta property=\"og:site_name\" content=\"3a Green Planet Shop\" \/>\n<meta property=\"article:modified_time\" content=\"2025-02-13T12:28:53+00:00\" \/>\n<meta property=\"og:image\" content=\"https:\/\/www.green-planet.market\/wp-content\/uploads\/2023\/01\/gp2.jpg\" \/>\n\t<meta property=\"og:image:width\" content=\"2121\" \/>\n\t<meta property=\"og:image:height\" content=\"1414\" \/>\n\t<meta property=\"og:image:type\" content=\"image\/jpeg\" \/>\n<meta name=\"twitter:card\" content=\"summary_large_image\" \/>\n<meta name=\"twitter:label1\" content=\"Tahmini okuma s\u00fcresi\" \/>\n\t<meta name=\"twitter:data1\" content=\"3 dakika\" \/>\n<script type=\"application\/ld+json\" class=\"yoast-schema-graph\">{\"@context\":\"https:\\\/\\\/schema.org\",\"@graph\":[{\"@type\":\"WebPage\",\"@id\":\"https:\\\/\\\/www.green-planet.market\\\/prodotto\\\/modulo-agro-monitoraggio-colturale-e-gestione-tecnica-green-planet\\\/\",\"url\":\"https:\\\/\\\/www.green-planet.market\\\/prodotto\\\/modulo-agro-monitoraggio-colturale-e-gestione-tecnica-green-planet\\\/\",\"name\":\"DSS GREEN PLANET MODULO AGRO: monitoraggio colturale e gestione tecnica - Soluzione digitale in abbonamento 12 mesi - 3a Green Planet Shop\",\"isPartOf\":{\"@id\":\"https:\\\/\\\/www.green-planet.market\\\/#website\"},\"primaryImageOfPage\":{\"@id\":\"https:\\\/\\\/www.green-planet.market\\\/prodotto\\\/modulo-agro-monitoraggio-colturale-e-gestione-tecnica-green-planet\\\/#primaryimage\"},\"image\":{\"@id\":\"https:\\\/\\\/www.green-planet.market\\\/prodotto\\\/modulo-agro-monitoraggio-colturale-e-gestione-tecnica-green-planet\\\/#primaryimage\"},\"thumbnailUrl\":\"https:\\\/\\\/www.green-planet.market\\\/wp-content\\\/uploads\\\/2023\\\/01\\\/gp2.jpg\",\"datePublished\":\"2023-01-23T14:57:23+00:00\",\"dateModified\":\"2025-02-13T12:28:53+00:00\",\"description\":\"La piattaforma Green Planet consente in questa configurazione l\u2019inserimento e la visualizzazione di informazioni agronomiche, la visualizzazione degli indici vegetazionali e la creazione di mappe di prescrizione.\",\"breadcrumb\":{\"@id\":\"https:\\\/\\\/www.green-planet.market\\\/prodotto\\\/modulo-agro-monitoraggio-colturale-e-gestione-tecnica-green-planet\\\/#breadcrumb\"},\"inLanguage\":\"tr\",\"potentialAction\":[{\"@type\":\"ReadAction\",\"target\":[\"https:\\\/\\\/www.green-planet.market\\\/prodotto\\\/modulo-agro-monitoraggio-colturale-e-gestione-tecnica-green-planet\\\/\"]}]},{\"@type\":\"ImageObject\",\"inLanguage\":\"tr\",\"@id\":\"https:\\\/\\\/www.green-planet.market\\\/prodotto\\\/modulo-agro-monitoraggio-colturale-e-gestione-tecnica-green-planet\\\/#primaryimage\",\"url\":\"https:\\\/\\\/www.green-planet.market\\\/wp-content\\\/uploads\\\/2023\\\/01\\\/gp2.jpg\",\"contentUrl\":\"https:\\\/\\\/www.green-planet.market\\\/wp-content\\\/uploads\\\/2023\\\/01\\\/gp2.jpg\",\"width\":2121,\"height\":1414},{\"@type\":\"BreadcrumbList\",\"@id\":\"https:\\\/\\\/www.green-planet.market\\\/prodotto\\\/modulo-agro-monitoraggio-colturale-e-gestione-tecnica-green-planet\\\/#breadcrumb\",\"itemListElement\":[{\"@type\":\"ListItem\",\"position\":1,\"name\":\"Home\",\"item\":\"https:\\\/\\\/www.green-planet.market\\\/\"},{\"@type\":\"ListItem\",\"position\":2,\"name\":\"Shop\",\"item\":\"https:\\\/\\\/www.green-planet.market\\\/\"},{\"@type\":\"ListItem\",\"position\":3,\"name\":\"DSS GREEN PLANET MODULO AGRO: monitoraggio colturale e gestione tecnica &#8211; Soluzione digitale in abbonamento 12 mesi\"}]},{\"@type\":\"WebSite\",\"@id\":\"https:\\\/\\\/www.green-planet.market\\\/#website\",\"url\":\"https:\\\/\\\/www.green-planet.market\\\/\",\"name\":\"3a Green Planet Shop\",\"description\":\"Clima, ambiente e agricoltura sostenibile\",\"publisher\":{\"@id\":\"https:\\\/\\\/www.green-planet.market\\\/#organization\"},\"potentialAction\":[{\"@type\":\"SearchAction\",\"target\":{\"@type\":\"EntryPoint\",\"urlTemplate\":\"https:\\\/\\\/www.green-planet.market\\\/?s={search_term_string}\"},\"query-input\":{\"@type\":\"PropertyValueSpecification\",\"valueRequired\":true,\"valueName\":\"search_term_string\"}}],\"inLanguage\":\"tr\"},{\"@type\":\"Organization\",\"@id\":\"https:\\\/\\\/www.green-planet.market\\\/#organization\",\"name\":\"3a Green Planet Shop\",\"url\":\"https:\\\/\\\/www.green-planet.market\\\/\",\"logo\":{\"@type\":\"ImageObject\",\"inLanguage\":\"tr\",\"@id\":\"https:\\\/\\\/www.green-planet.market\\\/#\\\/schema\\\/logo\\\/image\\\/\",\"url\":\"https:\\\/\\\/www.green-planet.market\\\/wp-content\\\/uploads\\\/2022\\\/06\\\/3a_shop_colorato.png\",\"contentUrl\":\"https:\\\/\\\/www.green-planet.market\\\/wp-content\\\/uploads\\\/2022\\\/06\\\/3a_shop_colorato.png\",\"width\":150,\"height\":105,\"caption\":\"3a Green Planet Shop\"},\"image\":{\"@id\":\"https:\\\/\\\/www.green-planet.market\\\/#\\\/schema\\\/logo\\\/image\\\/\"}}]}<\/script>\n<!-- \/ Yoast SEO plugin. -->","yoast_head_json":{"title":"DSS GREEN PLANET MODULO AGRO: monitoraggio colturale e gestione tecnica - Soluzione digitale in abbonamento 12 mesi - 3a Green Planet Shop","description":"Green Planet platformu bu konfig\u00fcrasyonda tar\u0131msal bilgilerin girilmesine ve g\u00f6r\u00fcnt\u00fclenmesine, bitki \u00f6rt\u00fcs\u00fc endekslerinin g\u00f6rselle\u015ftirilmesine ve re\u00e7ete haritalar\u0131n\u0131n olu\u015fturulmas\u0131na olanak tan\u0131r","robots":{"index":"index","follow":"follow","max-snippet":"max-snippet:-1","max-image-preview":"max-image-preview:large","max-video-preview":"max-video-preview:-1"},"canonical":"https:\/\/www.green-planet.market\/tr\/urun\/modulo-agro-monitoraggio-colturale-e-gestione-tecnica-green-planet\/","og_locale":"tr_TR","og_type":"article","og_title":"DSS GREEN PLANET MODULO AGRO: monitoraggio colturale e gestione tecnica - Soluzione digitale in abbonamento 12 mesi - 3a Green Planet Shop","og_description":"La piattaforma Green Planet consente in questa configurazione l\u2019inserimento e la visualizzazione di informazioni agronomiche, la visualizzazione degli indici vegetazionali e la creazione di mappe di prescrizione.","og_url":"https:\/\/www.green-planet.market\/tr\/urun\/modulo-agro-monitoraggio-colturale-e-gestione-tecnica-green-planet\/","og_site_name":"3a Green Planet Shop","article_modified_time":"2025-02-13T12:28:53+00:00","og_image":[{"width":2121,"height":1414,"url":"https:\/\/www.green-planet.market\/wp-content\/uploads\/2023\/01\/gp2.jpg","type":"image\/jpeg"}],"twitter_card":"summary_large_image","twitter_misc":{"Tahmini okuma s\u00fcresi":"3 dakika"},"schema":{"@context":"https:\/\/schema.org","@graph":[{"@type":"WebPage","@id":"https:\/\/www.green-planet.market\/prodotto\/modulo-agro-monitoraggio-colturale-e-gestione-tecnica-green-planet\/","url":"https:\/\/www.green-planet.market\/prodotto\/modulo-agro-monitoraggio-colturale-e-gestione-tecnica-green-planet\/","name":"DSS GREEN PLANET MODULO AGRO: monitoraggio colturale e gestione tecnica - Soluzione digitale in abbonamento 12 mesi - 3a Green Planet Shop","isPartOf":{"@id":"https:\/\/www.green-planet.market\/#website"},"primaryImageOfPage":{"@id":"https:\/\/www.green-planet.market\/prodotto\/modulo-agro-monitoraggio-colturale-e-gestione-tecnica-green-planet\/#primaryimage"},"image":{"@id":"https:\/\/www.green-planet.market\/prodotto\/modulo-agro-monitoraggio-colturale-e-gestione-tecnica-green-planet\/#primaryimage"},"thumbnailUrl":"https:\/\/www.green-planet.market\/wp-content\/uploads\/2023\/01\/gp2.jpg","datePublished":"2023-01-23T14:57:23+00:00","dateModified":"2025-02-13T12:28:53+00:00","description":"Green Planet platformu bu konfig\u00fcrasyonda tar\u0131msal bilgilerin girilmesine ve g\u00f6r\u00fcnt\u00fclenmesine, bitki \u00f6rt\u00fcs\u00fc endekslerinin g\u00f6rselle\u015ftirilmesine ve re\u00e7ete haritalar\u0131n\u0131n olu\u015fturulmas\u0131na olanak tan\u0131r","breadcrumb":{"@id":"https:\/\/www.green-planet.market\/prodotto\/modulo-agro-monitoraggio-colturale-e-gestione-tecnica-green-planet\/#breadcrumb"},"inLanguage":"tr","potentialAction":[{"@type":"ReadAction","target":["https:\/\/www.green-planet.market\/prodotto\/modulo-agro-monitoraggio-colturale-e-gestione-tecnica-green-planet\/"]}]},{"@type":"ImageObject","inLanguage":"tr","@id":"https:\/\/www.green-planet.market\/prodotto\/modulo-agro-monitoraggio-colturale-e-gestione-tecnica-green-planet\/#primaryimage","url":"https:\/\/www.green-planet.market\/wp-content\/uploads\/2023\/01\/gp2.jpg","contentUrl":"https:\/\/www.green-planet.market\/wp-content\/uploads\/2023\/01\/gp2.jpg","width":2121,"height":1414},{"@type":"BreadcrumbList","@id":"https:\/\/www.green-planet.market\/prodotto\/modulo-agro-monitoraggio-colturale-e-gestione-tecnica-green-planet\/#breadcrumb","itemListElement":[{"@type":"ListItem","position":1,"name":"Home","item":"https:\/\/www.green-planet.market\/"},{"@type":"ListItem","position":2,"name":"Shop","item":"https:\/\/www.green-planet.market\/"},{"@type":"ListItem","position":3,"name":"DSS GREEN PLANET MODULO AGRO: monitoraggio colturale e gestione tecnica &#8211; Soluzione digitale in abbonamento 12 mesi"}]},{"@type":"WebSite","@id":"https:\/\/www.green-planet.market\/#website","url":"https:\/\/www.green-planet.market\/","name":"3a Green Planet Shop","description":"Clima, ambiente e agricoltura sostenibile","publisher":{"@id":"https:\/\/www.green-planet.market\/#organization"},"potentialAction":[{"@type":"SearchAction","target":{"@type":"EntryPoint","urlTemplate":"https:\/\/www.green-planet.market\/?s={search_term_string}"},"query-input":{"@type":"PropertyValueSpecification","valueRequired":true,"valueName":"search_term_string"}}],"inLanguage":"tr"},{"@type":"Organization","@id":"https:\/\/www.green-planet.market\/#organization","name":"3a Green Planet Shop","url":"https:\/\/www.green-planet.market\/","logo":{"@type":"ImageObject","inLanguage":"tr","@id":"https:\/\/www.green-planet.market\/#\/schema\/logo\/image\/","url":"https:\/\/www.green-planet.market\/wp-content\/uploads\/2022\/06\/3a_shop_colorato.png","contentUrl":"https:\/\/www.green-planet.market\/wp-content\/uploads\/2022\/06\/3a_shop_colorato.png","width":150,"height":105,"caption":"3a Green Planet Shop"},"image":{"@id":"https:\/\/www.green-planet.market\/#\/schema\/logo\/image\/"}}]}},"_links":{"self":[{"href":"https:\/\/www.green-planet.market\/tr\/wp-json\/wp\/v2\/product\/9177","targetHints":{"allow":["GET"]}}],"collection":[{"href":"https:\/\/www.green-planet.market\/tr\/wp-json\/wp\/v2\/product"}],"about":[{"href":"https:\/\/www.green-planet.market\/tr\/wp-json\/wp\/v2\/types\/product"}],"wp:featuredmedia":[{"embeddable":true,"href":"https:\/\/www.green-planet.market\/tr\/wp-json\/wp\/v2\/media\/10599"}],"wp:attachment":[{"href":"https:\/\/www.green-planet.market\/tr\/wp-json\/wp\/v2\/media?parent=9177"}],"wp:term":[{"taxonomy":"product_brand","embeddable":true,"href":"https:\/\/www.green-planet.market\/tr\/wp-json\/wp\/v2\/product_brand?post=9177"},{"taxonomy":"product_cat","embeddable":true,"href":"https:\/\/www.green-planet.market\/tr\/wp-json\/wp\/v2\/product_cat?post=9177"},{"taxonomy":"product_tag","embeddable":true,"href":"https:\/\/www.green-planet.market\/tr\/wp-json\/wp\/v2\/product_tag?post=9177"}],"curies":[{"name":"wp","href":"https:\/\/api.w.org\/{rel}","templated":true}]}}