{"id":9176,"date":"2023-01-23T15:57:23","date_gmt":"2023-01-23T14:57:23","guid":{"rendered":"https:\/\/www.green-planet.market\/prodotto\/modulo-meteo-monitoraggio-meteorologico-visualizzazione-dei-dati-rilevati-da-stazioni-di-misura-ed-elaborazione-di-indici-bioclimatici\/"},"modified":"2023-05-16T08:51:55","modified_gmt":"2023-05-16T06:51:55","slug":"modulo-meteo-monitoraggio-meteorologico-visualizzazione-dei-dati-rilevati-da-stazioni-di-misura-ed-elaborazione-di-indici-bioclimatici","status":"publish","type":"product","link":"https:\/\/www.green-planet.market\/tr\/urun\/modulo-meteo-monitoraggio-meteorologico-visualizzazione-dei-dati-rilevati-da-stazioni-di-misura-ed-elaborazione-di-indici-bioclimatici\/","title":{"rendered":"DSS GREEN PLANET METEO MOD\u00dcL\u00dc: meteorolojik izleme - \u00f6l\u00e7\u00fcm istasyonlar\u0131ndan gelen verilerin g\u00f6rselle\u015ftirilmesi ve biyoklimatik endekslerin i\u015flenmesi - 12 ayl\u0131k abonelikli dijital \u00e7\u00f6z\u00fcm"},"content":{"rendered":"<h4><a href=\"https:\/\/www.green-planet.market\/wp-content\/uploads\/2023\/04\/Depliant-3a8.pdf\">Bro\u015f\u00fcr\u00fc indirin<\/a><\/h4>\n<h4>Green Planet platformu, bu yap\u0131land\u0131rmada \u00f6l\u00e7\u00fcm istasyonlar\u0131ndan toplanan verilerin g\u00f6rselle\u015ftirilmesine ve biyoiklimsel endekslerin, grafiklerin ve kar\u015f\u0131la\u015ft\u0131rma tablolar\u0131n\u0131n i\u015flenmesine olanak tan\u0131r.<\/h4>\n<ul>\n<li>Uygulama ayr\u0131ca Android i\u00e7in Google Play Store'da ve iOS i\u00e7in APP Store'da da mevcuttur.<\/li>\n<li>Hizmetin s\u00fcresi 12 ayd\u0131r ve en fazla 5 giri\u015f i\u00e7erir<\/li>\n<li>Uygulama, Google Haritalar'\u0131n hizmetlerini kullanarak eri\u015fimde Web GIS g\u00f6r\u00fcn\u00fcm modunu sunar.<\/li>\n<li>Platform \u00e7ok dillidir: \u0130talyanca, \u0130ngilizce, \u0130spanyolca, Frans\u0131zca, T\u00fcrk\u00e7e<\/li>\n<\/ul>\n<p>Ana i\u015flevler a\u015fa\u011f\u0131daki gibidir<\/p>\n<p><strong>VER\u0130 AR\u015e\u0130V\u0130:<\/strong>GreenPlanet platformuna ba\u011fl\u0131 tar\u0131msal meteoroloji istasyonlar\u0131 taraf\u0131ndan kaydedilen \u00f6l\u00e7\u00fcmleri ar\u015fivler, endeksleri ve \u00f6zet verileri i\u015fler. Yay\u0131nlanan tar\u0131msal-meteorolojik \u00f6l\u00e7\u00fcmler istasyonda bulunan sens\u00f6rlere ba\u011fl\u0131d\u0131r. Her \u00f6l\u00e7\u00fcm i\u00e7in, \u00f6l\u00e7\u00fcm t\u00fcr\u00fcne ba\u011fl\u0131 olarak min - med - max aral\u0131k ve g\u00fcnl\u00fck de\u011ferler veya aral\u0131k ve g\u00fcnl\u00fck toplama de\u011ferleri mevcuttur.<\/p>\n<p><strong>BIYOKLIMATIK ENDEKSLER<\/strong>Sisteme y\u00fcklenen klimatolojik g\u00f6stergeleri hesaplama prosed\u00fcr\u00fc, istasyon taraf\u0131ndan belirli bir zaman aral\u0131\u011f\u0131nda i\u015flenen verilerden on y\u0131ll\u0131k, ayl\u0131k ve y\u0131ll\u0131k zaman baz\u0131nda bir dizi istatistiksel g\u00f6stergenin yeniden olu\u015fturulmas\u0131na izin veren bir dizi programdan olu\u015fur. G\u00f6stergelerin hesaplanmas\u0131 i\u00e7in benimsenen genel kriterler D\u00fcnya Meteoroloji \u00d6rg\u00fct\u00fc taraf\u0131ndan tan\u0131mlanm\u0131\u015ft\u0131r (Klimatolojik Uygulamalar K\u0131lavuzu).<\/p>\n<p><strong>UYARILAR<\/strong>SMS, e-posta ve uygulama bildirimi hava durumu uyar\u0131lar\u0131n\u0131 yap\u0131land\u0131r\u0131r ve kullan\u0131c\u0131 listelerine alarmlar g\u00f6nderir. Bir kontrol paneli alarmlar\u0131n izlenmesini sa\u011flar. SMS maliyeti hari\u00e7tir.<\/p>\n<p><strong>RADAR YA\u011eMURLARI<\/strong>Ulusal radar a\u011f\u0131ndan ve ya\u011f\u0131\u015f istasyonlar\u0131 a\u011f\u0131ndan al\u0131nan ham verilerin ger\u00e7ek zamanl\u0131 olarak i\u015flenmesi yoluyla hem mevcut olaylar\u0131n hem de son 24 saat i\u00e7inde kaydedilen olaylar\u0131n ulusal \u00f6l\u00e7ekte g\u00f6rselle\u015ftirilmesini sa\u011flayan etkile\u015fimli bir ara\u00e7t\u0131r. Bu hizmet Sivil Savunma Dairesi taraf\u0131ndan sunulmaktad\u0131r\n(Green Planet platformuna ba\u011fl\u0131 her istasyon i\u00e7in fiyat teklifi).<br \/>\n(Green Planet platformuna ba\u011fl\u0131 her istasyon i\u00e7in fiyat teklifi).<\/p>","protected":false},"excerpt":{"rendered":"<p>Scarica brochure La piattaforma Green Planet consente in questa configurazione [&hellip;]<\/p>\n","protected":false},"featured_media":10598,"template":"","meta":{"_acf_changed":false},"product_brand":[],"product_cat":[44],"product_tag":[],"class_list":{"0":"post-9176","1":"product","2":"type-product","3":"status-publish","4":"has-post-thumbnail","6":"product_cat-senza-categoria","8":"first","9":"instock","10":"virtual","11":"taxable","12":"purchasable","13":"product-type-simple"},"acf":[],"yoast_head":"<!-- This site is optimized with the Yoast SEO plugin v27.5 - https:\/\/yoast.com\/product\/yoast-seo-wordpress\/ -->\n<title>DSS GREEN PLANET MODULO METEO: monitoraggio meteorologico - visualizzazione dei dati rilevati da stazioni di misura ed elaborazione di indici bioclimatici - Soluzione digitale in abbonamento 12 mesi - 3a Green Planet Shop<\/title>\n<meta name=\"description\" content=\"La piattaforma Green Planet consente in questa configurazione la visualizzazione dei dati rilevati da stazioni di misura e l\u2019elaborazione di indici bioclimatici, grafici, tabelle di confronto\" \/>\n<meta name=\"robots\" content=\"index, follow, max-snippet:-1, max-image-preview:large, max-video-preview:-1\" \/>\n<link rel=\"canonical\" href=\"https:\/\/www.green-planet.market\/tr\/urun\/modulo-meteo-monitoraggio-meteorologico-visualizzazione-dei-dati-rilevati-da-stazioni-di-misura-ed-elaborazione-di-indici-bioclimatici\/\" \/>\n<meta property=\"og:locale\" content=\"tr_TR\" \/>\n<meta property=\"og:type\" content=\"article\" \/>\n<meta property=\"og:title\" content=\"DSS GREEN PLANET MODULO METEO: monitoraggio meteorologico - visualizzazione dei dati rilevati da stazioni di misura ed elaborazione di indici bioclimatici - Soluzione digitale in abbonamento 12 mesi - 3a Green Planet Shop\" \/>\n<meta property=\"og:description\" content=\"La piattaforma Green Planet consente in questa configurazione la visualizzazione dei dati rilevati da stazioni di misura e l\u2019elaborazione di indici bioclimatici, grafici, tabelle di confronto\" \/>\n<meta property=\"og:url\" content=\"https:\/\/www.green-planet.market\/tr\/urun\/modulo-meteo-monitoraggio-meteorologico-visualizzazione-dei-dati-rilevati-da-stazioni-di-misura-ed-elaborazione-di-indici-bioclimatici\/\" \/>\n<meta property=\"og:site_name\" content=\"3a Green Planet Shop\" \/>\n<meta property=\"article:modified_time\" content=\"2023-05-16T06:51:55+00:00\" \/>\n<meta property=\"og:image\" content=\"https:\/\/www.green-planet.market\/wp-content\/uploads\/2023\/01\/gp1.jpg\" \/>\n\t<meta property=\"og:image:width\" content=\"2121\" \/>\n\t<meta property=\"og:image:height\" content=\"1414\" \/>\n\t<meta property=\"og:image:type\" content=\"image\/jpeg\" \/>\n<meta name=\"twitter:card\" content=\"summary_large_image\" \/>\n<meta name=\"twitter:label1\" content=\"Tahmini okuma s\u00fcresi\" \/>\n\t<meta name=\"twitter:data1\" content=\"2 dakika\" \/>\n<script type=\"application\/ld+json\" class=\"yoast-schema-graph\">{\"@context\":\"https:\\\/\\\/schema.org\",\"@graph\":[{\"@type\":\"WebPage\",\"@id\":\"https:\\\/\\\/www.green-planet.market\\\/prodotto\\\/modulo-meteo-monitoraggio-meteorologico-visualizzazione-dei-dati-rilevati-da-stazioni-di-misura-ed-elaborazione-di-indici-bioclimatici\\\/\",\"url\":\"https:\\\/\\\/www.green-planet.market\\\/prodotto\\\/modulo-meteo-monitoraggio-meteorologico-visualizzazione-dei-dati-rilevati-da-stazioni-di-misura-ed-elaborazione-di-indici-bioclimatici\\\/\",\"name\":\"DSS GREEN PLANET MODULO METEO: monitoraggio meteorologico - visualizzazione dei dati rilevati da stazioni di misura ed elaborazione di indici bioclimatici - Soluzione digitale in abbonamento 12 mesi - 3a Green Planet Shop\",\"isPartOf\":{\"@id\":\"https:\\\/\\\/www.green-planet.market\\\/#website\"},\"primaryImageOfPage\":{\"@id\":\"https:\\\/\\\/www.green-planet.market\\\/prodotto\\\/modulo-meteo-monitoraggio-meteorologico-visualizzazione-dei-dati-rilevati-da-stazioni-di-misura-ed-elaborazione-di-indici-bioclimatici\\\/#primaryimage\"},\"image\":{\"@id\":\"https:\\\/\\\/www.green-planet.market\\\/prodotto\\\/modulo-meteo-monitoraggio-meteorologico-visualizzazione-dei-dati-rilevati-da-stazioni-di-misura-ed-elaborazione-di-indici-bioclimatici\\\/#primaryimage\"},\"thumbnailUrl\":\"https:\\\/\\\/www.green-planet.market\\\/wp-content\\\/uploads\\\/2023\\\/01\\\/gp1.jpg\",\"datePublished\":\"2023-01-23T14:57:23+00:00\",\"dateModified\":\"2023-05-16T06:51:55+00:00\",\"description\":\"La piattaforma Green Planet consente in questa configurazione la visualizzazione dei dati rilevati da stazioni di misura e l\u2019elaborazione di indici bioclimatici, grafici, tabelle di confronto\",\"breadcrumb\":{\"@id\":\"https:\\\/\\\/www.green-planet.market\\\/prodotto\\\/modulo-meteo-monitoraggio-meteorologico-visualizzazione-dei-dati-rilevati-da-stazioni-di-misura-ed-elaborazione-di-indici-bioclimatici\\\/#breadcrumb\"},\"inLanguage\":\"tr\",\"potentialAction\":[{\"@type\":\"ReadAction\",\"target\":[\"https:\\\/\\\/www.green-planet.market\\\/prodotto\\\/modulo-meteo-monitoraggio-meteorologico-visualizzazione-dei-dati-rilevati-da-stazioni-di-misura-ed-elaborazione-di-indici-bioclimatici\\\/\"]}]},{\"@type\":\"ImageObject\",\"inLanguage\":\"tr\",\"@id\":\"https:\\\/\\\/www.green-planet.market\\\/prodotto\\\/modulo-meteo-monitoraggio-meteorologico-visualizzazione-dei-dati-rilevati-da-stazioni-di-misura-ed-elaborazione-di-indici-bioclimatici\\\/#primaryimage\",\"url\":\"https:\\\/\\\/www.green-planet.market\\\/wp-content\\\/uploads\\\/2023\\\/01\\\/gp1.jpg\",\"contentUrl\":\"https:\\\/\\\/www.green-planet.market\\\/wp-content\\\/uploads\\\/2023\\\/01\\\/gp1.jpg\",\"width\":2121,\"height\":1414},{\"@type\":\"BreadcrumbList\",\"@id\":\"https:\\\/\\\/www.green-planet.market\\\/prodotto\\\/modulo-meteo-monitoraggio-meteorologico-visualizzazione-dei-dati-rilevati-da-stazioni-di-misura-ed-elaborazione-di-indici-bioclimatici\\\/#breadcrumb\",\"itemListElement\":[{\"@type\":\"ListItem\",\"position\":1,\"name\":\"Home\",\"item\":\"https:\\\/\\\/www.green-planet.market\\\/\"},{\"@type\":\"ListItem\",\"position\":2,\"name\":\"Shop\",\"item\":\"https:\\\/\\\/www.green-planet.market\\\/\"},{\"@type\":\"ListItem\",\"position\":3,\"name\":\"DSS GREEN PLANET MODULO METEO: monitoraggio meteorologico &#8211; visualizzazione dei dati rilevati da stazioni di misura ed elaborazione di indici bioclimatici &#8211; Soluzione digitale in abbonamento 12 mesi\"}]},{\"@type\":\"WebSite\",\"@id\":\"https:\\\/\\\/www.green-planet.market\\\/#website\",\"url\":\"https:\\\/\\\/www.green-planet.market\\\/\",\"name\":\"3a Green Planet Shop\",\"description\":\"Clima, ambiente e agricoltura sostenibile\",\"publisher\":{\"@id\":\"https:\\\/\\\/www.green-planet.market\\\/#organization\"},\"potentialAction\":[{\"@type\":\"SearchAction\",\"target\":{\"@type\":\"EntryPoint\",\"urlTemplate\":\"https:\\\/\\\/www.green-planet.market\\\/?s={search_term_string}\"},\"query-input\":{\"@type\":\"PropertyValueSpecification\",\"valueRequired\":true,\"valueName\":\"search_term_string\"}}],\"inLanguage\":\"tr\"},{\"@type\":\"Organization\",\"@id\":\"https:\\\/\\\/www.green-planet.market\\\/#organization\",\"name\":\"3a Green Planet Shop\",\"url\":\"https:\\\/\\\/www.green-planet.market\\\/\",\"logo\":{\"@type\":\"ImageObject\",\"inLanguage\":\"tr\",\"@id\":\"https:\\\/\\\/www.green-planet.market\\\/#\\\/schema\\\/logo\\\/image\\\/\",\"url\":\"https:\\\/\\\/www.green-planet.market\\\/wp-content\\\/uploads\\\/2022\\\/06\\\/3a_shop_colorato.png\",\"contentUrl\":\"https:\\\/\\\/www.green-planet.market\\\/wp-content\\\/uploads\\\/2022\\\/06\\\/3a_shop_colorato.png\",\"width\":150,\"height\":105,\"caption\":\"3a Green Planet Shop\"},\"image\":{\"@id\":\"https:\\\/\\\/www.green-planet.market\\\/#\\\/schema\\\/logo\\\/image\\\/\"}}]}<\/script>\n<!-- \/ Yoast SEO plugin. -->","yoast_head_json":{"title":"DSS GREEN PLANET MODULO METEO: monitoraggio meteorologico - visualizzazione dei dati rilevati da stazioni di misura ed elaborazione di indici bioclimatici - Soluzione digitale in abbonamento 12 mesi - 3a Green Planet Shop","description":"La piattaforma Green Planet consente in questa configurazione la visualizzazione dei dati rilevati da stazioni di misura e l\u2019elaborazione di indici bioclimatici, grafici, tabelle di confronto","robots":{"index":"index","follow":"follow","max-snippet":"max-snippet:-1","max-image-preview":"max-image-preview:large","max-video-preview":"max-video-preview:-1"},"canonical":"https:\/\/www.green-planet.market\/tr\/urun\/modulo-meteo-monitoraggio-meteorologico-visualizzazione-dei-dati-rilevati-da-stazioni-di-misura-ed-elaborazione-di-indici-bioclimatici\/","og_locale":"tr_TR","og_type":"article","og_title":"DSS GREEN PLANET MODULO METEO: monitoraggio meteorologico - visualizzazione dei dati rilevati da stazioni di misura ed elaborazione di indici bioclimatici - Soluzione digitale in abbonamento 12 mesi - 3a Green Planet Shop","og_description":"La piattaforma Green Planet consente in questa configurazione la visualizzazione dei dati rilevati da stazioni di misura e l\u2019elaborazione di indici bioclimatici, grafici, tabelle di confronto","og_url":"https:\/\/www.green-planet.market\/tr\/urun\/modulo-meteo-monitoraggio-meteorologico-visualizzazione-dei-dati-rilevati-da-stazioni-di-misura-ed-elaborazione-di-indici-bioclimatici\/","og_site_name":"3a Green Planet Shop","article_modified_time":"2023-05-16T06:51:55+00:00","og_image":[{"width":2121,"height":1414,"url":"https:\/\/www.green-planet.market\/wp-content\/uploads\/2023\/01\/gp1.jpg","type":"image\/jpeg"}],"twitter_card":"summary_large_image","twitter_misc":{"Tahmini okuma s\u00fcresi":"2 dakika"},"schema":{"@context":"https:\/\/schema.org","@graph":[{"@type":"WebPage","@id":"https:\/\/www.green-planet.market\/prodotto\/modulo-meteo-monitoraggio-meteorologico-visualizzazione-dei-dati-rilevati-da-stazioni-di-misura-ed-elaborazione-di-indici-bioclimatici\/","url":"https:\/\/www.green-planet.market\/prodotto\/modulo-meteo-monitoraggio-meteorologico-visualizzazione-dei-dati-rilevati-da-stazioni-di-misura-ed-elaborazione-di-indici-bioclimatici\/","name":"DSS GREEN PLANET MODULO METEO: monitoraggio meteorologico - visualizzazione dei dati rilevati da stazioni di misura ed elaborazione di indici bioclimatici - Soluzione digitale in abbonamento 12 mesi - 3a Green Planet Shop","isPartOf":{"@id":"https:\/\/www.green-planet.market\/#website"},"primaryImageOfPage":{"@id":"https:\/\/www.green-planet.market\/prodotto\/modulo-meteo-monitoraggio-meteorologico-visualizzazione-dei-dati-rilevati-da-stazioni-di-misura-ed-elaborazione-di-indici-bioclimatici\/#primaryimage"},"image":{"@id":"https:\/\/www.green-planet.market\/prodotto\/modulo-meteo-monitoraggio-meteorologico-visualizzazione-dei-dati-rilevati-da-stazioni-di-misura-ed-elaborazione-di-indici-bioclimatici\/#primaryimage"},"thumbnailUrl":"https:\/\/www.green-planet.market\/wp-content\/uploads\/2023\/01\/gp1.jpg","datePublished":"2023-01-23T14:57:23+00:00","dateModified":"2023-05-16T06:51:55+00:00","description":"La piattaforma Green Planet consente in questa configurazione la visualizzazione dei dati rilevati da stazioni di misura e l\u2019elaborazione di indici bioclimatici, grafici, tabelle di confronto","breadcrumb":{"@id":"https:\/\/www.green-planet.market\/prodotto\/modulo-meteo-monitoraggio-meteorologico-visualizzazione-dei-dati-rilevati-da-stazioni-di-misura-ed-elaborazione-di-indici-bioclimatici\/#breadcrumb"},"inLanguage":"tr","potentialAction":[{"@type":"ReadAction","target":["https:\/\/www.green-planet.market\/prodotto\/modulo-meteo-monitoraggio-meteorologico-visualizzazione-dei-dati-rilevati-da-stazioni-di-misura-ed-elaborazione-di-indici-bioclimatici\/"]}]},{"@type":"ImageObject","inLanguage":"tr","@id":"https:\/\/www.green-planet.market\/prodotto\/modulo-meteo-monitoraggio-meteorologico-visualizzazione-dei-dati-rilevati-da-stazioni-di-misura-ed-elaborazione-di-indici-bioclimatici\/#primaryimage","url":"https:\/\/www.green-planet.market\/wp-content\/uploads\/2023\/01\/gp1.jpg","contentUrl":"https:\/\/www.green-planet.market\/wp-content\/uploads\/2023\/01\/gp1.jpg","width":2121,"height":1414},{"@type":"BreadcrumbList","@id":"https:\/\/www.green-planet.market\/prodotto\/modulo-meteo-monitoraggio-meteorologico-visualizzazione-dei-dati-rilevati-da-stazioni-di-misura-ed-elaborazione-di-indici-bioclimatici\/#breadcrumb","itemListElement":[{"@type":"ListItem","position":1,"name":"Home","item":"https:\/\/www.green-planet.market\/"},{"@type":"ListItem","position":2,"name":"Shop","item":"https:\/\/www.green-planet.market\/"},{"@type":"ListItem","position":3,"name":"DSS GREEN PLANET MODULO METEO: monitoraggio meteorologico &#8211; visualizzazione dei dati rilevati da stazioni di misura ed elaborazione di indici bioclimatici &#8211; Soluzione digitale in abbonamento 12 mesi"}]},{"@type":"WebSite","@id":"https:\/\/www.green-planet.market\/#website","url":"https:\/\/www.green-planet.market\/","name":"3a Green Planet Shop","description":"Clima, ambiente e agricoltura sostenibile","publisher":{"@id":"https:\/\/www.green-planet.market\/#organization"},"potentialAction":[{"@type":"SearchAction","target":{"@type":"EntryPoint","urlTemplate":"https:\/\/www.green-planet.market\/?s={search_term_string}"},"query-input":{"@type":"PropertyValueSpecification","valueRequired":true,"valueName":"search_term_string"}}],"inLanguage":"tr"},{"@type":"Organization","@id":"https:\/\/www.green-planet.market\/#organization","name":"3a Green Planet Shop","url":"https:\/\/www.green-planet.market\/","logo":{"@type":"ImageObject","inLanguage":"tr","@id":"https:\/\/www.green-planet.market\/#\/schema\/logo\/image\/","url":"https:\/\/www.green-planet.market\/wp-content\/uploads\/2022\/06\/3a_shop_colorato.png","contentUrl":"https:\/\/www.green-planet.market\/wp-content\/uploads\/2022\/06\/3a_shop_colorato.png","width":150,"height":105,"caption":"3a Green Planet Shop"},"image":{"@id":"https:\/\/www.green-planet.market\/#\/schema\/logo\/image\/"}}]}},"_links":{"self":[{"href":"https:\/\/www.green-planet.market\/tr\/wp-json\/wp\/v2\/product\/9176","targetHints":{"allow":["GET"]}}],"collection":[{"href":"https:\/\/www.green-planet.market\/tr\/wp-json\/wp\/v2\/product"}],"about":[{"href":"https:\/\/www.green-planet.market\/tr\/wp-json\/wp\/v2\/types\/product"}],"wp:featuredmedia":[{"embeddable":true,"href":"https:\/\/www.green-planet.market\/tr\/wp-json\/wp\/v2\/media\/10598"}],"wp:attachment":[{"href":"https:\/\/www.green-planet.market\/tr\/wp-json\/wp\/v2\/media?parent=9176"}],"wp:term":[{"taxonomy":"product_brand","embeddable":true,"href":"https:\/\/www.green-planet.market\/tr\/wp-json\/wp\/v2\/product_brand?post=9176"},{"taxonomy":"product_cat","embeddable":true,"href":"https:\/\/www.green-planet.market\/tr\/wp-json\/wp\/v2\/product_cat?post=9176"},{"taxonomy":"product_tag","embeddable":true,"href":"https:\/\/www.green-planet.market\/tr\/wp-json\/wp\/v2\/product_tag?post=9176"}],"curies":[{"name":"wp","href":"https:\/\/api.w.org\/{rel}","templated":true}]}}