{"id":9150,"date":"2023-01-23T15:51:18","date_gmt":"2023-01-23T14:51:18","guid":{"rendered":"https:\/\/www.green-planet.market\/prodotto\/tensiometro-manuale-sr-224-60-cm\/"},"modified":"2024-03-14T16:07:01","modified_gmt":"2024-03-14T15:07:01","slug":"tensiometro-manuale-sr-224-60-cm","status":"publish","type":"product","link":"https:\/\/www.green-planet.market\/tr\/urun\/tensiometro-manuale-sr-224-60-cm\/","title":{"rendered":"TENSIOMETRO MANUALE SR 224 &#8211; 60 cm CONF 1 PEZZO"},"content":{"rendered":"<h3><strong>SPECIFICHE TECNICHE<\/strong><\/h3>\n<ul>\n<li>Struttura : Butyrate<\/li>\n<li>Tenute : neoprene<\/li>\n<li>Bulbo poroso : ceramica<\/li>\n<li>Vacuometro : Butyrate \/ Policarbonato<\/li>\n<li>Temperatura impiego : da 0\u00b0 a 65\u00b0 C<\/li>\n<li>Temperatura stoccaggio : da \u201340\u00b0 a 65\u00b0 C<\/li>\n<\/ul>\n<h3><strong>CARATTERISTICHE TECNICHE<\/strong><\/h3>\n<p>Il tensiometro e\u2019 costituito da quattro parti fondamentali:<\/p>\n<ul>\n<li><strong>il bulbo poroso<\/strong>: realizzato in una particolare ceramica , questo permette alle molecole di acqua di muoversi tra l\u2019interno del-lo strumento verso il terreno. La sua durata e\u2019 molto legata al tipo di utilizzo che ne viene fatto, alla sua manu-tenzione e alla qualit\u00e0 dell\u2019acqua impiegata.<\/li>\n<li><strong>il vacuometro:<\/strong>\u00a0posizionato nella parte esterna del tensiometro , questo strumento misura i millibar negativi che vengono generati all\u2019interno del tensiometro stesso. Valori bassi indicano una buona disponibilit\u00e0 idrica mentre valori pi\u00f9 alti uno stato di carenza idrica.<\/li>\n<li><strong>l\u2019asta:<\/strong>\u00a0a seconda dell\u2019applicazione che si dovr\u00e0 andare a realizzare sono disponibili tensiometri con lunghezze di aste diffe-renti, da 15 cm sino a 150 cm<\/li>\n<li><strong>il serbatoio:<\/strong>\u00a0nella parte alta del tensiometro , chiuso da un coperchio tenuta ermetica \u00e8 ricavato un piccolo serbatoio per l\u2019acqua. Dovr\u00e0 essere cura dell\u2019utilizzatore verificare che questo serbatoio sia sempre pieno in quanto funzio-nale alla corretta lettura dello strumento<\/li>\n<\/ul>","protected":false},"excerpt":{"rendered":"<p>I tensiometri sono uno degli strumenti di misura e monitoraggio delle colture in campo piu\u2019 utilizzati.<br \/>\nIndipendentemente dalla coltura in essere , posizionati nel terreno , a differenti livelli, permettono di valutare in modo rapido e preciso la \u201c tensione matriciale\u201d, cio\u00e8 lo sforzo che la pianta deve esercitare per poter estrarre , mediante le radici, l\u2019acqua dal terreno.<\/p>\n<p>Nelle colture orticole il bulbo poroso, cio\u00e8 la parte di effettivo scambio tra terreno e strumento , viene posizionato aduna profondit\u00e0 che pu\u00f2 variare tra i 15 cm sino a 50cm, mentre in quelle arboree le pro-fondita\u2019 possono scendere sino a 1 mt.<\/p>","protected":false},"featured_media":9348,"template":"","meta":{"_acf_changed":false},"product_brand":[],"product_cat":[44],"product_tag":[],"class_list":{"0":"post-9150","1":"product","2":"type-product","3":"status-publish","4":"has-post-thumbnail","6":"product_cat-senza-categoria","8":"first","9":"instock","10":"taxable","11":"shipping-taxable","12":"purchasable","13":"product-type-simple"},"acf":[],"yoast_head":"<!-- This site is optimized with the Yoast SEO plugin v27.5 - https:\/\/yoast.com\/product\/yoast-seo-wordpress\/ -->\n<title>TENSIOMETRO MANUALE SR 224 - 60 cm CONF 1 PEZZO - 3a Green Planet Shop<\/title>\n<meta name=\"description\" content=\"I tensiometri sono uno degli strumenti di misura e monitoraggio delle colture in campo piu\u2019 utilizzati.Indipendentemente dalla coltura in essere , posizionati nel terreno , a differenti livelli, permettono di valutare in modo rapido e preciso la \u201c tensione matriciale\u201d, cio\u00e8 lo sforzo che la pianta deve esercitare per poter estrarre , mediante le radici, l\u2019acqua dal terreno.Nelle colture orticole il bulbo poroso, cio\u00e8 la parte di effettivo scambio tra terreno e strumento , viene posizionato aduna profondit\u00e0 che pu\u00f2 variare tra i 15 cm sino a 50cm, mentre in quelle arboree le pro-fondita\u2019 possono scendere sino a 1 mt.\" \/>\n<meta name=\"robots\" content=\"index, follow, max-snippet:-1, max-image-preview:large, max-video-preview:-1\" \/>\n<link rel=\"canonical\" href=\"https:\/\/www.green-planet.market\/tr\/urun\/tensiometro-manuale-sr-224-60-cm\/\" \/>\n<meta property=\"og:locale\" content=\"tr_TR\" \/>\n<meta property=\"og:type\" content=\"article\" \/>\n<meta property=\"og:title\" content=\"TENSIOMETRO MANUALE SR 224 - 60 cm CONF 1 PEZZO - 3a Green Planet Shop\" \/>\n<meta property=\"og:description\" content=\"I tensiometri sono uno degli strumenti di misura e monitoraggio delle colture in campo piu\u2019 utilizzati.Indipendentemente dalla coltura in essere , posizionati nel terreno , a differenti livelli, permettono di valutare in modo rapido e preciso la \u201c tensione matriciale\u201d, cio\u00e8 lo sforzo che la pianta deve esercitare per poter estrarre , mediante le radici, l\u2019acqua dal terreno.Nelle colture orticole il bulbo poroso, cio\u00e8 la parte di effettivo scambio tra terreno e strumento , viene posizionato aduna profondit\u00e0 che pu\u00f2 variare tra i 15 cm sino a 50cm, mentre in quelle arboree le pro-fondita\u2019 possono scendere sino a 1 mt.\" \/>\n<meta property=\"og:url\" content=\"https:\/\/www.green-planet.market\/tr\/urun\/tensiometro-manuale-sr-224-60-cm\/\" \/>\n<meta property=\"og:site_name\" content=\"3a Green Planet Shop\" \/>\n<meta property=\"article:modified_time\" content=\"2024-03-14T15:07:01+00:00\" \/>\n<meta property=\"og:image\" content=\"https:\/\/www.green-planet.market\/wp-content\/uploads\/2023\/01\/AGRIMIL-118.jpg\" \/>\n\t<meta property=\"og:image:width\" content=\"2000\" \/>\n\t<meta property=\"og:image:height\" content=\"1333\" \/>\n\t<meta property=\"og:image:type\" content=\"image\/jpeg\" \/>\n<meta name=\"twitter:card\" content=\"summary_large_image\" \/>\n<meta name=\"twitter:label1\" content=\"Tahmini okuma s\u00fcresi\" \/>\n\t<meta name=\"twitter:data1\" content=\"1 dakika\" \/>\n<script type=\"application\/ld+json\" class=\"yoast-schema-graph\">{\"@context\":\"https:\\\/\\\/schema.org\",\"@graph\":[{\"@type\":\"WebPage\",\"@id\":\"https:\\\/\\\/www.green-planet.market\\\/prodotto\\\/tensiometro-manuale-sr-224-60-cm\\\/\",\"url\":\"https:\\\/\\\/www.green-planet.market\\\/prodotto\\\/tensiometro-manuale-sr-224-60-cm\\\/\",\"name\":\"TENSIOMETRO MANUALE SR 224 - 60 cm CONF 1 PEZZO - 3a Green Planet Shop\",\"isPartOf\":{\"@id\":\"https:\\\/\\\/www.green-planet.market\\\/#website\"},\"primaryImageOfPage\":{\"@id\":\"https:\\\/\\\/www.green-planet.market\\\/prodotto\\\/tensiometro-manuale-sr-224-60-cm\\\/#primaryimage\"},\"image\":{\"@id\":\"https:\\\/\\\/www.green-planet.market\\\/prodotto\\\/tensiometro-manuale-sr-224-60-cm\\\/#primaryimage\"},\"thumbnailUrl\":\"https:\\\/\\\/www.green-planet.market\\\/wp-content\\\/uploads\\\/2023\\\/01\\\/AGRIMIL-118.jpg\",\"datePublished\":\"2023-01-23T14:51:18+00:00\",\"dateModified\":\"2024-03-14T15:07:01+00:00\",\"description\":\"I tensiometri sono uno degli strumenti di misura e monitoraggio delle colture in campo piu\u2019 utilizzati.Indipendentemente dalla coltura in essere , posizionati nel terreno , a differenti livelli, permettono di valutare in modo rapido e preciso la \u201c tensione matriciale\u201d, cio\u00e8 lo sforzo che la pianta deve esercitare per poter estrarre , mediante le radici, l\u2019acqua dal terreno.Nelle colture orticole il bulbo poroso, cio\u00e8 la parte di effettivo scambio tra terreno e strumento , viene posizionato aduna profondit\u00e0 che pu\u00f2 variare tra i 15 cm sino a 50cm, mentre in quelle arboree le pro-fondita\u2019 possono scendere sino a 1 mt.\",\"breadcrumb\":{\"@id\":\"https:\\\/\\\/www.green-planet.market\\\/prodotto\\\/tensiometro-manuale-sr-224-60-cm\\\/#breadcrumb\"},\"inLanguage\":\"tr\",\"potentialAction\":[{\"@type\":\"ReadAction\",\"target\":[\"https:\\\/\\\/www.green-planet.market\\\/prodotto\\\/tensiometro-manuale-sr-224-60-cm\\\/\"]}]},{\"@type\":\"ImageObject\",\"inLanguage\":\"tr\",\"@id\":\"https:\\\/\\\/www.green-planet.market\\\/prodotto\\\/tensiometro-manuale-sr-224-60-cm\\\/#primaryimage\",\"url\":\"https:\\\/\\\/www.green-planet.market\\\/wp-content\\\/uploads\\\/2023\\\/01\\\/AGRIMIL-118.jpg\",\"contentUrl\":\"https:\\\/\\\/www.green-planet.market\\\/wp-content\\\/uploads\\\/2023\\\/01\\\/AGRIMIL-118.jpg\",\"width\":2000,\"height\":1333},{\"@type\":\"BreadcrumbList\",\"@id\":\"https:\\\/\\\/www.green-planet.market\\\/prodotto\\\/tensiometro-manuale-sr-224-60-cm\\\/#breadcrumb\",\"itemListElement\":[{\"@type\":\"ListItem\",\"position\":1,\"name\":\"Home\",\"item\":\"https:\\\/\\\/www.green-planet.market\\\/\"},{\"@type\":\"ListItem\",\"position\":2,\"name\":\"Shop\",\"item\":\"https:\\\/\\\/www.green-planet.market\\\/\"},{\"@type\":\"ListItem\",\"position\":3,\"name\":\"TENSIOMETRO MANUALE SR 224 &#8211; 60 cm CONF 1 PEZZO\"}]},{\"@type\":\"WebSite\",\"@id\":\"https:\\\/\\\/www.green-planet.market\\\/#website\",\"url\":\"https:\\\/\\\/www.green-planet.market\\\/\",\"name\":\"3a Green Planet Shop\",\"description\":\"Clima, ambiente e agricoltura sostenibile\",\"publisher\":{\"@id\":\"https:\\\/\\\/www.green-planet.market\\\/#organization\"},\"potentialAction\":[{\"@type\":\"SearchAction\",\"target\":{\"@type\":\"EntryPoint\",\"urlTemplate\":\"https:\\\/\\\/www.green-planet.market\\\/?s={search_term_string}\"},\"query-input\":{\"@type\":\"PropertyValueSpecification\",\"valueRequired\":true,\"valueName\":\"search_term_string\"}}],\"inLanguage\":\"tr\"},{\"@type\":\"Organization\",\"@id\":\"https:\\\/\\\/www.green-planet.market\\\/#organization\",\"name\":\"3a Green Planet Shop\",\"url\":\"https:\\\/\\\/www.green-planet.market\\\/\",\"logo\":{\"@type\":\"ImageObject\",\"inLanguage\":\"tr\",\"@id\":\"https:\\\/\\\/www.green-planet.market\\\/#\\\/schema\\\/logo\\\/image\\\/\",\"url\":\"https:\\\/\\\/www.green-planet.market\\\/wp-content\\\/uploads\\\/2022\\\/06\\\/3a_shop_colorato.png\",\"contentUrl\":\"https:\\\/\\\/www.green-planet.market\\\/wp-content\\\/uploads\\\/2022\\\/06\\\/3a_shop_colorato.png\",\"width\":150,\"height\":105,\"caption\":\"3a Green Planet Shop\"},\"image\":{\"@id\":\"https:\\\/\\\/www.green-planet.market\\\/#\\\/schema\\\/logo\\\/image\\\/\"}}]}<\/script>\n<!-- \/ Yoast SEO plugin. -->","yoast_head_json":{"title":"TENSIOMETRO MANUALE SR 224 - 60 cm CONF 1 PEZZO - 3a Green Planet Shop","description":"I tensiometri sono uno degli strumenti di misura e monitoraggio delle colture in campo piu\u2019 utilizzati.Indipendentemente dalla coltura in essere , posizionati nel terreno , a differenti livelli, permettono di valutare in modo rapido e preciso la \u201c tensione matriciale\u201d, cio\u00e8 lo sforzo che la pianta deve esercitare per poter estrarre , mediante le radici, l\u2019acqua dal terreno.Nelle colture orticole il bulbo poroso, cio\u00e8 la parte di effettivo scambio tra terreno e strumento , viene posizionato aduna profondit\u00e0 che pu\u00f2 variare tra i 15 cm sino a 50cm, mentre in quelle arboree le pro-fondita\u2019 possono scendere sino a 1 mt.","robots":{"index":"index","follow":"follow","max-snippet":"max-snippet:-1","max-image-preview":"max-image-preview:large","max-video-preview":"max-video-preview:-1"},"canonical":"https:\/\/www.green-planet.market\/tr\/urun\/tensiometro-manuale-sr-224-60-cm\/","og_locale":"tr_TR","og_type":"article","og_title":"TENSIOMETRO MANUALE SR 224 - 60 cm CONF 1 PEZZO - 3a Green Planet Shop","og_description":"I tensiometri sono uno degli strumenti di misura e monitoraggio delle colture in campo piu\u2019 utilizzati.Indipendentemente dalla coltura in essere , posizionati nel terreno , a differenti livelli, permettono di valutare in modo rapido e preciso la \u201c tensione matriciale\u201d, cio\u00e8 lo sforzo che la pianta deve esercitare per poter estrarre , mediante le radici, l\u2019acqua dal terreno.Nelle colture orticole il bulbo poroso, cio\u00e8 la parte di effettivo scambio tra terreno e strumento , viene posizionato aduna profondit\u00e0 che pu\u00f2 variare tra i 15 cm sino a 50cm, mentre in quelle arboree le pro-fondita\u2019 possono scendere sino a 1 mt.","og_url":"https:\/\/www.green-planet.market\/tr\/urun\/tensiometro-manuale-sr-224-60-cm\/","og_site_name":"3a Green Planet Shop","article_modified_time":"2024-03-14T15:07:01+00:00","og_image":[{"width":2000,"height":1333,"url":"https:\/\/www.green-planet.market\/wp-content\/uploads\/2023\/01\/AGRIMIL-118.jpg","type":"image\/jpeg"}],"twitter_card":"summary_large_image","twitter_misc":{"Tahmini okuma s\u00fcresi":"1 dakika"},"schema":{"@context":"https:\/\/schema.org","@graph":[{"@type":"WebPage","@id":"https:\/\/www.green-planet.market\/prodotto\/tensiometro-manuale-sr-224-60-cm\/","url":"https:\/\/www.green-planet.market\/prodotto\/tensiometro-manuale-sr-224-60-cm\/","name":"TENSIOMETRO MANUALE SR 224 - 60 cm CONF 1 PEZZO - 3a Green Planet Shop","isPartOf":{"@id":"https:\/\/www.green-planet.market\/#website"},"primaryImageOfPage":{"@id":"https:\/\/www.green-planet.market\/prodotto\/tensiometro-manuale-sr-224-60-cm\/#primaryimage"},"image":{"@id":"https:\/\/www.green-planet.market\/prodotto\/tensiometro-manuale-sr-224-60-cm\/#primaryimage"},"thumbnailUrl":"https:\/\/www.green-planet.market\/wp-content\/uploads\/2023\/01\/AGRIMIL-118.jpg","datePublished":"2023-01-23T14:51:18+00:00","dateModified":"2024-03-14T15:07:01+00:00","description":"I tensiometri sono uno degli strumenti di misura e monitoraggio delle colture in campo piu\u2019 utilizzati.Indipendentemente dalla coltura in essere , posizionati nel terreno , a differenti livelli, permettono di valutare in modo rapido e preciso la \u201c tensione matriciale\u201d, cio\u00e8 lo sforzo che la pianta deve esercitare per poter estrarre , mediante le radici, l\u2019acqua dal terreno.Nelle colture orticole il bulbo poroso, cio\u00e8 la parte di effettivo scambio tra terreno e strumento , viene posizionato aduna profondit\u00e0 che pu\u00f2 variare tra i 15 cm sino a 50cm, mentre in quelle arboree le pro-fondita\u2019 possono scendere sino a 1 mt.","breadcrumb":{"@id":"https:\/\/www.green-planet.market\/prodotto\/tensiometro-manuale-sr-224-60-cm\/#breadcrumb"},"inLanguage":"tr","potentialAction":[{"@type":"ReadAction","target":["https:\/\/www.green-planet.market\/prodotto\/tensiometro-manuale-sr-224-60-cm\/"]}]},{"@type":"ImageObject","inLanguage":"tr","@id":"https:\/\/www.green-planet.market\/prodotto\/tensiometro-manuale-sr-224-60-cm\/#primaryimage","url":"https:\/\/www.green-planet.market\/wp-content\/uploads\/2023\/01\/AGRIMIL-118.jpg","contentUrl":"https:\/\/www.green-planet.market\/wp-content\/uploads\/2023\/01\/AGRIMIL-118.jpg","width":2000,"height":1333},{"@type":"BreadcrumbList","@id":"https:\/\/www.green-planet.market\/prodotto\/tensiometro-manuale-sr-224-60-cm\/#breadcrumb","itemListElement":[{"@type":"ListItem","position":1,"name":"Home","item":"https:\/\/www.green-planet.market\/"},{"@type":"ListItem","position":2,"name":"Shop","item":"https:\/\/www.green-planet.market\/"},{"@type":"ListItem","position":3,"name":"TENSIOMETRO MANUALE SR 224 &#8211; 60 cm CONF 1 PEZZO"}]},{"@type":"WebSite","@id":"https:\/\/www.green-planet.market\/#website","url":"https:\/\/www.green-planet.market\/","name":"3a Green Planet Shop","description":"Clima, ambiente e agricoltura sostenibile","publisher":{"@id":"https:\/\/www.green-planet.market\/#organization"},"potentialAction":[{"@type":"SearchAction","target":{"@type":"EntryPoint","urlTemplate":"https:\/\/www.green-planet.market\/?s={search_term_string}"},"query-input":{"@type":"PropertyValueSpecification","valueRequired":true,"valueName":"search_term_string"}}],"inLanguage":"tr"},{"@type":"Organization","@id":"https:\/\/www.green-planet.market\/#organization","name":"3a Green Planet Shop","url":"https:\/\/www.green-planet.market\/","logo":{"@type":"ImageObject","inLanguage":"tr","@id":"https:\/\/www.green-planet.market\/#\/schema\/logo\/image\/","url":"https:\/\/www.green-planet.market\/wp-content\/uploads\/2022\/06\/3a_shop_colorato.png","contentUrl":"https:\/\/www.green-planet.market\/wp-content\/uploads\/2022\/06\/3a_shop_colorato.png","width":150,"height":105,"caption":"3a Green Planet Shop"},"image":{"@id":"https:\/\/www.green-planet.market\/#\/schema\/logo\/image\/"}}]}},"_links":{"self":[{"href":"https:\/\/www.green-planet.market\/tr\/wp-json\/wp\/v2\/product\/9150","targetHints":{"allow":["GET"]}}],"collection":[{"href":"https:\/\/www.green-planet.market\/tr\/wp-json\/wp\/v2\/product"}],"about":[{"href":"https:\/\/www.green-planet.market\/tr\/wp-json\/wp\/v2\/types\/product"}],"wp:featuredmedia":[{"embeddable":true,"href":"https:\/\/www.green-planet.market\/tr\/wp-json\/wp\/v2\/media\/9348"}],"wp:attachment":[{"href":"https:\/\/www.green-planet.market\/tr\/wp-json\/wp\/v2\/media?parent=9150"}],"wp:term":[{"taxonomy":"product_brand","embeddable":true,"href":"https:\/\/www.green-planet.market\/tr\/wp-json\/wp\/v2\/product_brand?post=9150"},{"taxonomy":"product_cat","embeddable":true,"href":"https:\/\/www.green-planet.market\/tr\/wp-json\/wp\/v2\/product_cat?post=9150"},{"taxonomy":"product_tag","embeddable":true,"href":"https:\/\/www.green-planet.market\/tr\/wp-json\/wp\/v2\/product_tag?post=9150"}],"curies":[{"name":"wp","href":"https:\/\/api.w.org\/{rel}","templated":true}]}}