{"id":8748,"date":"2023-01-23T15:05:53","date_gmt":"2023-01-23T14:05:53","guid":{"rendered":"https:\/\/www.green-planet.market\/prodotto\/irriga-smart-applicazione-per-la-gestione-programmazione-e-controllo-in-modalita-automatica-o-manuale-dellimpianto-irriguo\/"},"modified":"2023-05-16T13:02:57","modified_gmt":"2023-05-16T11:02:57","slug":"irriga-smart-applicazione-per-la-gestione-programmazione-e-controllo-in-modalita-automatica-o-manuale-dellimpianto-irriguo","status":"publish","type":"product","link":"https:\/\/www.green-planet.market\/tr\/urun\/irriga-smart-applicazione-per-la-gestione-programmazione-e-controllo-in-modalita-automatica-o-manuale-dellimpianto-irriguo\/","title":{"rendered":"IRRIGA-SMART Y\u00d6NET\u0130M UYGULAMASI Sulama sisteminin otomatik veya manuel modda programlanmas\u0131 ve kontrol\u00fc - Y\u0131ll\u0131k abonelikte dijital \u00e7\u00f6z\u00fcm\n540,00 \u20ac KDV hari\u00e7"},"content":{"rendered":"<p><a href=\"https:\/\/www.green-planet.market\/wp-content\/uploads\/2023\/04\/Irriga-Smart_210x297_it.pdf\">Bro\u015f\u00fcr\u00fc indirin<\/a><\/p>\n<p>DSS IRRIGA-SMART, su ve enerji t\u00fcketiminin verimlili\u011fini art\u0131rmak ve b\u00f6ylece \u015firket maliyetlerini ve \u00e7evre \u00fczerindeki etkiyi azaltmak amac\u0131yla tedarik edilen su hacimlerinin y\u00f6netimine giderek daha fazla \u00f6zen g\u00f6steren bir tar\u0131m\u0131n ihtiya\u00e7lar\u0131na cevap veren sulama sistemleri i\u00e7in ak\u0131ll\u0131 bir kontrol ve otomasyon sistemidir.<\/p>\n<p class=\"translation-block\">Kontrol sistemi, \u00e7iftlikte veya yak\u0131nlarda kurulu bir veya daha fazla istasyon taraf\u0131ndan kaydedilen meteorolojik verileri i\u015fleyen bir toprak su dengesi modeli kullanarak su i\u00e7eri\u011fini g\u00fcnl\u00fck olarak tahmin eder. Kullan\u0131c\u0131n\u0131n ula\u015fmak istedi\u011fi hedefe ba\u011fl\u0131 olarak, bitki i\u00e7in mevcut su y\u00fczdesini temsil eden haz\u0131r rezerv t\u00fckendi\u011finde sulama m\u00fcdahalesi \u00f6nerilir. Yap\u0131land\u0131rma a\u015famas\u0131nda, \u00fcr\u00fcnlerin ihtiya\u00e7lar\u0131na ve benimsemek istedi\u011fi stratejiye g\u00f6re minimum sulama m\u00fcdahalesi e\u015fi\u011fini ve maksimum sulama e\u015fi\u011fini se\u00e7en kullan\u0131c\u0131d\u0131r.<\/p>\n<p class=\"translation-block\">Sulama hacmi ve sulama yolu gibi parametreleri de\u011ferlendirirken, model ger\u00e7ek \u0131slat\u0131lm\u0131\u015f alan\u0131 veya daha kesin bir ifadeyle, \u00fcr\u00fcn i\u00e7in ger\u00e7ekten bir su rezervuar\u0131 g\u00f6revi g\u00f6ren toprak hacmini dikkate al\u0131r.<\/p>\n<p>\u00dc\u00e7 t\u00fcr sulama modu vard\u0131r: otomatik (mahsul\u00fcn su ihtiyac\u0131na g\u00f6re), manuel (kullan\u0131c\u0131 taraf\u0131ndan a\u00e7ma\/kapama kontrolleri ile y\u00f6netilir), zaman ayarl\u0131 (kullan\u0131c\u0131 taraf\u0131ndan ayarlanan haftal\u0131k takvime g\u00f6re).<\/p>\n<p>Sistem, gelecek g\u00fcnler i\u00e7in sulama stratejisinin belirlenmesine yard\u0131mc\u0131 olmak \u00fczere d\u00f6rt g\u00fcnl\u00fck su i\u00e7eri\u011fini tahmin etti\u011fi say\u0131sal tahminleri entegre eder<\/p>\n<p>Irriga-Smart, sulama sisteminin yap\u0131land\u0131r\u0131lmas\u0131 ve izlenmesi i\u00e7in iki ara\u00e7 sa\u011flar: verilerin ve sistem durumunun eksiksiz yap\u0131land\u0131r\u0131lmas\u0131 ve g\u00f6rselle\u015ftirilmesi i\u00e7in bir web platformu ve sistemin uzaktan kontrol\u00fc ve araziler, sulama ve sulama tavsiyeleri ile ilgili \u00f6nemli verilerin ger\u00e7ek zamanl\u0131 olarak g\u00f6rselle\u015ftirilmesi i\u00e7in bir APP.<\/p>\n<p>&nbsp;<\/p>\n<p>&nbsp;<\/p>","protected":false},"excerpt":{"rendered":"<p>Scarica brochure DSS IRRIGA-SMART \u00e8 un sistema intelligente di controllo [&hellip;]<\/p>\n","protected":false},"featured_media":10604,"template":"","meta":{"_acf_changed":false},"product_brand":[],"product_cat":[44],"product_tag":[],"class_list":{"0":"post-8748","1":"product","2":"type-product","3":"status-publish","4":"has-post-thumbnail","6":"product_cat-senza-categoria","8":"first","9":"instock","10":"virtual","11":"taxable","12":"purchasable","13":"product-type-simple"},"acf":[],"yoast_head":"<!-- This site is optimized with the Yoast SEO plugin v27.5 - https:\/\/yoast.com\/product\/yoast-seo-wordpress\/ -->\n<title>IRRIGA-SMART APPLICAZIONE PER LA GESTIONE Programmazione e controllo in modalit\u00e0 automatica o manuale dell&#039;impianto irriguo-Soluzione digitale in abbonamento annuale - 3a Green Planet Shop<\/title>\n<meta name=\"robots\" content=\"index, follow, max-snippet:-1, max-image-preview:large, max-video-preview:-1\" \/>\n<link rel=\"canonical\" href=\"https:\/\/www.green-planet.market\/tr\/urun\/irriga-smart-applicazione-per-la-gestione-programmazione-e-controllo-in-modalita-automatica-o-manuale-dellimpianto-irriguo\/\" \/>\n<meta property=\"og:locale\" content=\"tr_TR\" \/>\n<meta property=\"og:type\" content=\"article\" \/>\n<meta property=\"og:title\" content=\"IRRIGA-SMART APPLICAZIONE PER LA GESTIONE Programmazione e controllo in modalit\u00e0 automatica o manuale dell&#039;impianto irriguo-Soluzione digitale in abbonamento annuale - 3a Green Planet Shop\" \/>\n<meta property=\"og:description\" content=\"Scarica brochure DSS IRRIGA-SMART \u00e8 un sistema intelligente di controllo [&hellip;]\" \/>\n<meta property=\"og:url\" content=\"https:\/\/www.green-planet.market\/tr\/urun\/irriga-smart-applicazione-per-la-gestione-programmazione-e-controllo-in-modalita-automatica-o-manuale-dellimpianto-irriguo\/\" \/>\n<meta property=\"og:site_name\" content=\"3a Green Planet Shop\" \/>\n<meta property=\"article:modified_time\" content=\"2023-05-16T11:02:57+00:00\" \/>\n<meta property=\"og:image\" content=\"https:\/\/www.green-planet.market\/wp-content\/uploads\/2023\/01\/irriga6.jpg\" \/>\n\t<meta property=\"og:image:width\" content=\"338\" \/>\n\t<meta property=\"og:image:height\" content=\"339\" \/>\n\t<meta property=\"og:image:type\" content=\"image\/jpeg\" \/>\n<meta name=\"twitter:card\" content=\"summary_large_image\" \/>\n<meta name=\"twitter:label1\" content=\"Tahmini okuma s\u00fcresi\" \/>\n\t<meta name=\"twitter:data1\" content=\"2 dakika\" \/>\n<script type=\"application\/ld+json\" class=\"yoast-schema-graph\">{\"@context\":\"https:\\\/\\\/schema.org\",\"@graph\":[{\"@type\":\"WebPage\",\"@id\":\"https:\\\/\\\/www.green-planet.market\\\/prodotto\\\/irriga-smart-applicazione-per-la-gestione-programmazione-e-controllo-in-modalita-automatica-o-manuale-dellimpianto-irriguo\\\/\",\"url\":\"https:\\\/\\\/www.green-planet.market\\\/prodotto\\\/irriga-smart-applicazione-per-la-gestione-programmazione-e-controllo-in-modalita-automatica-o-manuale-dellimpianto-irriguo\\\/\",\"name\":\"IRRIGA-SMART APPLICAZIONE PER LA GESTIONE Programmazione e controllo in modalit\u00e0 automatica o manuale dell'impianto irriguo-Soluzione digitale in abbonamento annuale - 3a Green Planet Shop\",\"isPartOf\":{\"@id\":\"https:\\\/\\\/www.green-planet.market\\\/#website\"},\"primaryImageOfPage\":{\"@id\":\"https:\\\/\\\/www.green-planet.market\\\/prodotto\\\/irriga-smart-applicazione-per-la-gestione-programmazione-e-controllo-in-modalita-automatica-o-manuale-dellimpianto-irriguo\\\/#primaryimage\"},\"image\":{\"@id\":\"https:\\\/\\\/www.green-planet.market\\\/prodotto\\\/irriga-smart-applicazione-per-la-gestione-programmazione-e-controllo-in-modalita-automatica-o-manuale-dellimpianto-irriguo\\\/#primaryimage\"},\"thumbnailUrl\":\"https:\\\/\\\/www.green-planet.market\\\/wp-content\\\/uploads\\\/2023\\\/01\\\/irriga6.jpg\",\"datePublished\":\"2023-01-23T14:05:53+00:00\",\"dateModified\":\"2023-05-16T11:02:57+00:00\",\"breadcrumb\":{\"@id\":\"https:\\\/\\\/www.green-planet.market\\\/prodotto\\\/irriga-smart-applicazione-per-la-gestione-programmazione-e-controllo-in-modalita-automatica-o-manuale-dellimpianto-irriguo\\\/#breadcrumb\"},\"inLanguage\":\"tr\",\"potentialAction\":[{\"@type\":\"ReadAction\",\"target\":[\"https:\\\/\\\/www.green-planet.market\\\/prodotto\\\/irriga-smart-applicazione-per-la-gestione-programmazione-e-controllo-in-modalita-automatica-o-manuale-dellimpianto-irriguo\\\/\"]}]},{\"@type\":\"ImageObject\",\"inLanguage\":\"tr\",\"@id\":\"https:\\\/\\\/www.green-planet.market\\\/prodotto\\\/irriga-smart-applicazione-per-la-gestione-programmazione-e-controllo-in-modalita-automatica-o-manuale-dellimpianto-irriguo\\\/#primaryimage\",\"url\":\"https:\\\/\\\/www.green-planet.market\\\/wp-content\\\/uploads\\\/2023\\\/01\\\/irriga6.jpg\",\"contentUrl\":\"https:\\\/\\\/www.green-planet.market\\\/wp-content\\\/uploads\\\/2023\\\/01\\\/irriga6.jpg\",\"width\":338,\"height\":339,\"caption\":\"Water saving drip irrigation system being used in a Blueberry field.\"},{\"@type\":\"BreadcrumbList\",\"@id\":\"https:\\\/\\\/www.green-planet.market\\\/prodotto\\\/irriga-smart-applicazione-per-la-gestione-programmazione-e-controllo-in-modalita-automatica-o-manuale-dellimpianto-irriguo\\\/#breadcrumb\",\"itemListElement\":[{\"@type\":\"ListItem\",\"position\":1,\"name\":\"Home\",\"item\":\"https:\\\/\\\/www.green-planet.market\\\/\"},{\"@type\":\"ListItem\",\"position\":2,\"name\":\"Shop\",\"item\":\"https:\\\/\\\/www.green-planet.market\\\/\"},{\"@type\":\"ListItem\",\"position\":3,\"name\":\"IRRIGA-SMART APPLICAZIONE PER LA GESTIONE Programmazione e controllo in modalit\u00e0 automatica o manuale dell&#8217;impianto irriguo-Soluzione digitale in abbonamento annuale\"}]},{\"@type\":\"WebSite\",\"@id\":\"https:\\\/\\\/www.green-planet.market\\\/#website\",\"url\":\"https:\\\/\\\/www.green-planet.market\\\/\",\"name\":\"3a Green Planet Shop\",\"description\":\"Clima, ambiente e agricoltura sostenibile\",\"publisher\":{\"@id\":\"https:\\\/\\\/www.green-planet.market\\\/#organization\"},\"potentialAction\":[{\"@type\":\"SearchAction\",\"target\":{\"@type\":\"EntryPoint\",\"urlTemplate\":\"https:\\\/\\\/www.green-planet.market\\\/?s={search_term_string}\"},\"query-input\":{\"@type\":\"PropertyValueSpecification\",\"valueRequired\":true,\"valueName\":\"search_term_string\"}}],\"inLanguage\":\"tr\"},{\"@type\":\"Organization\",\"@id\":\"https:\\\/\\\/www.green-planet.market\\\/#organization\",\"name\":\"3a Green Planet Shop\",\"url\":\"https:\\\/\\\/www.green-planet.market\\\/\",\"logo\":{\"@type\":\"ImageObject\",\"inLanguage\":\"tr\",\"@id\":\"https:\\\/\\\/www.green-planet.market\\\/#\\\/schema\\\/logo\\\/image\\\/\",\"url\":\"https:\\\/\\\/www.green-planet.market\\\/wp-content\\\/uploads\\\/2022\\\/06\\\/3a_shop_colorato.png\",\"contentUrl\":\"https:\\\/\\\/www.green-planet.market\\\/wp-content\\\/uploads\\\/2022\\\/06\\\/3a_shop_colorato.png\",\"width\":150,\"height\":105,\"caption\":\"3a Green Planet Shop\"},\"image\":{\"@id\":\"https:\\\/\\\/www.green-planet.market\\\/#\\\/schema\\\/logo\\\/image\\\/\"}}]}<\/script>\n<!-- \/ Yoast SEO plugin. -->","yoast_head_json":{"title":"IRRIGA-SMART APPLICAZIONE PER LA GESTIONE Programmazione e controllo in modalit\u00e0 automatica o manuale dell'impianto irriguo-Soluzione digitale in abbonamento annuale - 3a Green Planet Shop","robots":{"index":"index","follow":"follow","max-snippet":"max-snippet:-1","max-image-preview":"max-image-preview:large","max-video-preview":"max-video-preview:-1"},"canonical":"https:\/\/www.green-planet.market\/tr\/urun\/irriga-smart-applicazione-per-la-gestione-programmazione-e-controllo-in-modalita-automatica-o-manuale-dellimpianto-irriguo\/","og_locale":"tr_TR","og_type":"article","og_title":"IRRIGA-SMART APPLICAZIONE PER LA GESTIONE Programmazione e controllo in modalit\u00e0 automatica o manuale dell'impianto irriguo-Soluzione digitale in abbonamento annuale - 3a Green Planet Shop","og_description":"Scarica brochure DSS IRRIGA-SMART \u00e8 un sistema intelligente di controllo [&hellip;]","og_url":"https:\/\/www.green-planet.market\/tr\/urun\/irriga-smart-applicazione-per-la-gestione-programmazione-e-controllo-in-modalita-automatica-o-manuale-dellimpianto-irriguo\/","og_site_name":"3a Green Planet Shop","article_modified_time":"2023-05-16T11:02:57+00:00","og_image":[{"width":338,"height":339,"url":"https:\/\/www.green-planet.market\/wp-content\/uploads\/2023\/01\/irriga6.jpg","type":"image\/jpeg"}],"twitter_card":"summary_large_image","twitter_misc":{"Tahmini okuma s\u00fcresi":"2 dakika"},"schema":{"@context":"https:\/\/schema.org","@graph":[{"@type":"WebPage","@id":"https:\/\/www.green-planet.market\/prodotto\/irriga-smart-applicazione-per-la-gestione-programmazione-e-controllo-in-modalita-automatica-o-manuale-dellimpianto-irriguo\/","url":"https:\/\/www.green-planet.market\/prodotto\/irriga-smart-applicazione-per-la-gestione-programmazione-e-controllo-in-modalita-automatica-o-manuale-dellimpianto-irriguo\/","name":"IRRIGA-SMART APPLICAZIONE PER LA GESTIONE Programmazione e controllo in modalit\u00e0 automatica o manuale dell'impianto irriguo-Soluzione digitale in abbonamento annuale - 3a Green Planet Shop","isPartOf":{"@id":"https:\/\/www.green-planet.market\/#website"},"primaryImageOfPage":{"@id":"https:\/\/www.green-planet.market\/prodotto\/irriga-smart-applicazione-per-la-gestione-programmazione-e-controllo-in-modalita-automatica-o-manuale-dellimpianto-irriguo\/#primaryimage"},"image":{"@id":"https:\/\/www.green-planet.market\/prodotto\/irriga-smart-applicazione-per-la-gestione-programmazione-e-controllo-in-modalita-automatica-o-manuale-dellimpianto-irriguo\/#primaryimage"},"thumbnailUrl":"https:\/\/www.green-planet.market\/wp-content\/uploads\/2023\/01\/irriga6.jpg","datePublished":"2023-01-23T14:05:53+00:00","dateModified":"2023-05-16T11:02:57+00:00","breadcrumb":{"@id":"https:\/\/www.green-planet.market\/prodotto\/irriga-smart-applicazione-per-la-gestione-programmazione-e-controllo-in-modalita-automatica-o-manuale-dellimpianto-irriguo\/#breadcrumb"},"inLanguage":"tr","potentialAction":[{"@type":"ReadAction","target":["https:\/\/www.green-planet.market\/prodotto\/irriga-smart-applicazione-per-la-gestione-programmazione-e-controllo-in-modalita-automatica-o-manuale-dellimpianto-irriguo\/"]}]},{"@type":"ImageObject","inLanguage":"tr","@id":"https:\/\/www.green-planet.market\/prodotto\/irriga-smart-applicazione-per-la-gestione-programmazione-e-controllo-in-modalita-automatica-o-manuale-dellimpianto-irriguo\/#primaryimage","url":"https:\/\/www.green-planet.market\/wp-content\/uploads\/2023\/01\/irriga6.jpg","contentUrl":"https:\/\/www.green-planet.market\/wp-content\/uploads\/2023\/01\/irriga6.jpg","width":338,"height":339,"caption":"Water saving drip irrigation system being used in a Blueberry field."},{"@type":"BreadcrumbList","@id":"https:\/\/www.green-planet.market\/prodotto\/irriga-smart-applicazione-per-la-gestione-programmazione-e-controllo-in-modalita-automatica-o-manuale-dellimpianto-irriguo\/#breadcrumb","itemListElement":[{"@type":"ListItem","position":1,"name":"Home","item":"https:\/\/www.green-planet.market\/"},{"@type":"ListItem","position":2,"name":"Shop","item":"https:\/\/www.green-planet.market\/"},{"@type":"ListItem","position":3,"name":"IRRIGA-SMART APPLICAZIONE PER LA GESTIONE Programmazione e controllo in modalit\u00e0 automatica o manuale dell&#8217;impianto irriguo-Soluzione digitale in abbonamento annuale"}]},{"@type":"WebSite","@id":"https:\/\/www.green-planet.market\/#website","url":"https:\/\/www.green-planet.market\/","name":"3a Green Planet Shop","description":"Clima, ambiente e agricoltura sostenibile","publisher":{"@id":"https:\/\/www.green-planet.market\/#organization"},"potentialAction":[{"@type":"SearchAction","target":{"@type":"EntryPoint","urlTemplate":"https:\/\/www.green-planet.market\/?s={search_term_string}"},"query-input":{"@type":"PropertyValueSpecification","valueRequired":true,"valueName":"search_term_string"}}],"inLanguage":"tr"},{"@type":"Organization","@id":"https:\/\/www.green-planet.market\/#organization","name":"3a Green Planet Shop","url":"https:\/\/www.green-planet.market\/","logo":{"@type":"ImageObject","inLanguage":"tr","@id":"https:\/\/www.green-planet.market\/#\/schema\/logo\/image\/","url":"https:\/\/www.green-planet.market\/wp-content\/uploads\/2022\/06\/3a_shop_colorato.png","contentUrl":"https:\/\/www.green-planet.market\/wp-content\/uploads\/2022\/06\/3a_shop_colorato.png","width":150,"height":105,"caption":"3a Green Planet Shop"},"image":{"@id":"https:\/\/www.green-planet.market\/#\/schema\/logo\/image\/"}}]}},"_links":{"self":[{"href":"https:\/\/www.green-planet.market\/tr\/wp-json\/wp\/v2\/product\/8748","targetHints":{"allow":["GET"]}}],"collection":[{"href":"https:\/\/www.green-planet.market\/tr\/wp-json\/wp\/v2\/product"}],"about":[{"href":"https:\/\/www.green-planet.market\/tr\/wp-json\/wp\/v2\/types\/product"}],"wp:featuredmedia":[{"embeddable":true,"href":"https:\/\/www.green-planet.market\/tr\/wp-json\/wp\/v2\/media\/10604"}],"wp:attachment":[{"href":"https:\/\/www.green-planet.market\/tr\/wp-json\/wp\/v2\/media?parent=8748"}],"wp:term":[{"taxonomy":"product_brand","embeddable":true,"href":"https:\/\/www.green-planet.market\/tr\/wp-json\/wp\/v2\/product_brand?post=8748"},{"taxonomy":"product_cat","embeddable":true,"href":"https:\/\/www.green-planet.market\/tr\/wp-json\/wp\/v2\/product_cat?post=8748"},{"taxonomy":"product_tag","embeddable":true,"href":"https:\/\/www.green-planet.market\/tr\/wp-json\/wp\/v2\/product_tag?post=8748"}],"curies":[{"name":"wp","href":"https:\/\/api.w.org\/{rel}","templated":true}]}}