{"id":8747,"date":"2023-01-23T15:05:53","date_gmt":"2023-01-23T14:05:53","guid":{"rendered":"https:\/\/www.green-planet.market\/prodotto\/irriga-smart-unita-di-controllo-per-impianti-goccia-a-goccia-completo-di-sensore-di-flusso-da-acquistare-con-almeno-una-licenza-in-abbonamento-di-is_app\/"},"modified":"2023-05-04T10:44:26","modified_gmt":"2023-05-04T08:44:26","slug":"irriga-smart-unita-di-controllo-per-impianti-goccia-a-goccia-completo-di-sensore-di-flusso-da-acquistare-con-almeno-una-licenza-in-abbonamento-di-is_app","status":"publish","type":"product","link":"https:\/\/www.green-planet.market\/tr\/urun\/irriga-smart-unita-di-controllo-per-impianti-goccia-a-goccia-completo-di-sensore-di-flusso-da-acquistare-con-almeno-una-licenza-in-abbonamento-di-is_app\/","title":{"rendered":"IRRIGA-SMART Ak\u0131\u015f sens\u00f6r\u00fc ile birlikte damlama sistemleri i\u00e7in kontrol \u00fcnitesi. En az bir IS_APP abonelik lisans\u0131 ile birlikte sat\u0131n al\u0131nmal\u0131d\u0131r\nKDV hari\u00e7 3.740,10 \u20ac"},"content":{"rendered":"<p><a href=\"https:\/\/www.green-planet.market\/wp-content\/uploads\/2023\/04\/Irriga-Smart_210x297_it.pdf\">Bro\u015f\u00fcr\u00fc indirin<\/a><\/p>\n<p>Irriga-Smart<\/p>\n<p><a href=\"https:\/\/www.green-planet.market\/wp-content\/uploads\/2023\/02\/img-e1681918708887.jpg\"><img decoding=\"async\" class=\"lazyload size-medium wp-image-10410 alignleft\" src=\"https:\/\/www.green-planet.market\/wp-content\/uploads\/2023\/02\/img-e1681918708887-200x300.jpg\" data-orig-src=\"https:\/\/www.green-planet.market\/wp-content\/uploads\/2023\/02\/img-e1681918708887-200x300.jpg\" alt=\"\" width=\"200\" height=\"300\" srcset=\"data:image\/svg+xml,%3Csvg%20xmlns%3D%27http%3A%2F%2Fwww.w3.org%2F2000%2Fsvg%27%20width%3D%27200%27%20height%3D%27300%27%20viewBox%3D%270%200%20200%20300%27%3E%3Crect%20width%3D%27200%27%20height%3D%27300%27%20fill-opacity%3D%220%22%2F%3E%3C%2Fsvg%3E\" data-srcset=\"https:\/\/www.green-planet.market\/wp-content\/uploads\/2023\/02\/img-e1681918708887-8x12.jpg 8w, https:\/\/www.green-planet.market\/wp-content\/uploads\/2023\/02\/img-e1681918708887-200x300.jpg 200w, https:\/\/www.green-planet.market\/wp-content\/uploads\/2023\/02\/img-e1681918708887-400x599.jpg 400w, https:\/\/www.green-planet.market\/wp-content\/uploads\/2023\/02\/img-e1681918708887-500x749.jpg 500w, https:\/\/www.green-planet.market\/wp-content\/uploads\/2023\/02\/img-e1681918708887-600x899.jpg 600w, https:\/\/www.green-planet.market\/wp-content\/uploads\/2023\/02\/img-e1681918708887-684x1024.jpg 684w, https:\/\/www.green-planet.market\/wp-content\/uploads\/2023\/02\/img-e1681918708887-700x1048.jpg 700w, https:\/\/www.green-planet.market\/wp-content\/uploads\/2023\/02\/img-e1681918708887-768x1150.jpg 768w, https:\/\/www.green-planet.market\/wp-content\/uploads\/2023\/02\/img-e1681918708887.jpg 800w\" data-sizes=\"auto\" data-orig-sizes=\"(max-width: 200px) 100vw, 200px\" \/><\/a>Irriga Ak\u0131ll\u0131 Sistem i\u00e7in kontrol \u00fcnitesi - 6 bistable 12V DC solenoidin veya \u015febeke g\u00fc\u00e7 kayna\u011f\u0131 ile 12 NC solenoidin kontrol\u00fc. - Hacimsel saya\u00e7 okuma - Bas\u0131n\u00e7 sens\u00f6r\u00fc okuma - IP65 panel - LTE iletim mod\u00fcl\u00fc - 2 x 12V 18Ah ak\u00fc muhafazas\u0131 i\u00e7in g\u00fc\u00e7 kayna\u011f\u0131 paneli Bulut platformuna ba\u011fl\u0131 sistem kontrol ve otomasyon \u00fcnitesi: hidrovalflerin solenoidlerini kontrol eder ve su besleme borular\u0131na monte edilen ak\u0131\u015f \u00f6l\u00e7erler taraf\u0131ndan elde edilen ak\u0131\u015f h\u0131z\u0131n\u0131 alg\u0131lar.<\/p>\n<p>\u015eunlardan olu\u015fur:<br \/>\n- direk braketleri ile 50W fotovoltaik panelden olu\u015fan bir g\u00fc\u00e7 kayna\u011f\u0131 sistemi<br \/>\n- 50 mm kutup braketleri ile 2 x 12V 18Ah ak\u00fc bar\u0131nd\u0131ran bir g\u00fc\u00e7 kayna\u011f\u0131 paneli<br \/>\n- al\u0131m ve iletim mod\u00fcl\u00fcne sahip bir kontrol paneli ve 50 mm direk braketleri<br \/>\n- verilen suyu hesaplamak i\u00e7in bir ak\u0131\u015f \u00f6l\u00e7er. Kayar bir ba\u011flant\u0131 par\u00e7as\u0131 arac\u0131l\u0131\u011f\u0131yla prosese ba\u011flanan l.100 mm'lik kayar bir probdur<\/p>","protected":false},"excerpt":{"rendered":"<p>IRRIGA-SMART Unit\u00e0 di controllo per impianti goccia a goccia completo di sensore di flusso.<\/p>","protected":false},"featured_media":9389,"template":"","meta":{"_acf_changed":false},"product_brand":[],"product_cat":[44],"product_tag":[],"class_list":{"0":"post-8747","1":"product","2":"type-product","3":"status-publish","4":"has-post-thumbnail","6":"product_cat-senza-categoria","8":"first","9":"instock","10":"featured","11":"taxable","12":"shipping-taxable","13":"purchasable","14":"product-type-simple"},"acf":[],"yoast_head":"<!-- This site is optimized with the Yoast SEO plugin v27.6 - https:\/\/yoast.com\/product\/yoast-seo-wordpress\/ -->\n<title>IRRIGA-SMART Unit\u00e0 di controllo per impianti goccia a goccia completo di sensore di flusso. Da acquistare con almeno una licenza in abbonamento di IS_APP - 3a Green Planet Shop<\/title>\n<meta name=\"robots\" content=\"index, follow, max-snippet:-1, max-image-preview:large, max-video-preview:-1\" \/>\n<link rel=\"canonical\" href=\"https:\/\/www.green-planet.market\/tr\/urun\/irriga-smart-unita-di-controllo-per-impianti-goccia-a-goccia-completo-di-sensore-di-flusso-da-acquistare-con-almeno-una-licenza-in-abbonamento-di-is_app\/\" \/>\n<meta property=\"og:locale\" content=\"tr_TR\" \/>\n<meta property=\"og:type\" content=\"article\" \/>\n<meta property=\"og:title\" content=\"IRRIGA-SMART Unit\u00e0 di controllo per impianti goccia a goccia completo di sensore di flusso. Da acquistare con almeno una licenza in abbonamento di IS_APP - 3a Green Planet Shop\" \/>\n<meta property=\"og:description\" content=\"IRRIGA-SMART Unit\u00e0 di controllo per impianti goccia a goccia completo di sensore di flusso.\" \/>\n<meta property=\"og:url\" content=\"https:\/\/www.green-planet.market\/tr\/urun\/irriga-smart-unita-di-controllo-per-impianti-goccia-a-goccia-completo-di-sensore-di-flusso-da-acquistare-con-almeno-una-licenza-in-abbonamento-di-is_app\/\" \/>\n<meta property=\"og:site_name\" content=\"3a Green Planet Shop\" \/>\n<meta property=\"article:modified_time\" content=\"2023-05-04T08:44:26+00:00\" \/>\n<meta property=\"og:image\" content=\"https:\/\/www.green-planet.market\/wp-content\/uploads\/2023\/01\/3A-AMBIENTALE-30.jpg\" \/>\n\t<meta property=\"og:image:width\" content=\"1333\" \/>\n\t<meta property=\"og:image:height\" content=\"2000\" \/>\n\t<meta property=\"og:image:type\" content=\"image\/jpeg\" \/>\n<meta name=\"twitter:card\" content=\"summary_large_image\" \/>\n<meta name=\"twitter:label1\" content=\"Tahmini okuma s\u00fcresi\" \/>\n\t<meta name=\"twitter:data1\" content=\"2 dakika\" \/>\n<script type=\"application\/ld+json\" class=\"yoast-schema-graph\">{\"@context\":\"https:\\\/\\\/schema.org\",\"@graph\":[{\"@type\":\"WebPage\",\"@id\":\"https:\\\/\\\/www.green-planet.market\\\/prodotto\\\/irriga-smart-unita-di-controllo-per-impianti-goccia-a-goccia-completo-di-sensore-di-flusso-da-acquistare-con-almeno-una-licenza-in-abbonamento-di-is_app\\\/\",\"url\":\"https:\\\/\\\/www.green-planet.market\\\/prodotto\\\/irriga-smart-unita-di-controllo-per-impianti-goccia-a-goccia-completo-di-sensore-di-flusso-da-acquistare-con-almeno-una-licenza-in-abbonamento-di-is_app\\\/\",\"name\":\"IRRIGA-SMART Unit\u00e0 di controllo per impianti goccia a goccia completo di sensore di flusso. Da acquistare con almeno una licenza in abbonamento di IS_APP - 3a Green Planet Shop\",\"isPartOf\":{\"@id\":\"https:\\\/\\\/www.green-planet.market\\\/#website\"},\"primaryImageOfPage\":{\"@id\":\"https:\\\/\\\/www.green-planet.market\\\/prodotto\\\/irriga-smart-unita-di-controllo-per-impianti-goccia-a-goccia-completo-di-sensore-di-flusso-da-acquistare-con-almeno-una-licenza-in-abbonamento-di-is_app\\\/#primaryimage\"},\"image\":{\"@id\":\"https:\\\/\\\/www.green-planet.market\\\/prodotto\\\/irriga-smart-unita-di-controllo-per-impianti-goccia-a-goccia-completo-di-sensore-di-flusso-da-acquistare-con-almeno-una-licenza-in-abbonamento-di-is_app\\\/#primaryimage\"},\"thumbnailUrl\":\"https:\\\/\\\/www.green-planet.market\\\/wp-content\\\/uploads\\\/2023\\\/01\\\/3A-AMBIENTALE-30.jpg\",\"datePublished\":\"2023-01-23T14:05:53+00:00\",\"dateModified\":\"2023-05-04T08:44:26+00:00\",\"breadcrumb\":{\"@id\":\"https:\\\/\\\/www.green-planet.market\\\/prodotto\\\/irriga-smart-unita-di-controllo-per-impianti-goccia-a-goccia-completo-di-sensore-di-flusso-da-acquistare-con-almeno-una-licenza-in-abbonamento-di-is_app\\\/#breadcrumb\"},\"inLanguage\":\"tr\",\"potentialAction\":[{\"@type\":\"ReadAction\",\"target\":[\"https:\\\/\\\/www.green-planet.market\\\/prodotto\\\/irriga-smart-unita-di-controllo-per-impianti-goccia-a-goccia-completo-di-sensore-di-flusso-da-acquistare-con-almeno-una-licenza-in-abbonamento-di-is_app\\\/\"]}]},{\"@type\":\"ImageObject\",\"inLanguage\":\"tr\",\"@id\":\"https:\\\/\\\/www.green-planet.market\\\/prodotto\\\/irriga-smart-unita-di-controllo-per-impianti-goccia-a-goccia-completo-di-sensore-di-flusso-da-acquistare-con-almeno-una-licenza-in-abbonamento-di-is_app\\\/#primaryimage\",\"url\":\"https:\\\/\\\/www.green-planet.market\\\/wp-content\\\/uploads\\\/2023\\\/01\\\/3A-AMBIENTALE-30.jpg\",\"contentUrl\":\"https:\\\/\\\/www.green-planet.market\\\/wp-content\\\/uploads\\\/2023\\\/01\\\/3A-AMBIENTALE-30.jpg\",\"width\":1333,\"height\":2000,\"caption\":\"Unit\u00e0 di controllo Irriga-Smart per impianti goccia a goccia\"},{\"@type\":\"BreadcrumbList\",\"@id\":\"https:\\\/\\\/www.green-planet.market\\\/prodotto\\\/irriga-smart-unita-di-controllo-per-impianti-goccia-a-goccia-completo-di-sensore-di-flusso-da-acquistare-con-almeno-una-licenza-in-abbonamento-di-is_app\\\/#breadcrumb\",\"itemListElement\":[{\"@type\":\"ListItem\",\"position\":1,\"name\":\"Home\",\"item\":\"https:\\\/\\\/www.green-planet.market\\\/\"},{\"@type\":\"ListItem\",\"position\":2,\"name\":\"Shop\",\"item\":\"https:\\\/\\\/www.green-planet.market\\\/\"},{\"@type\":\"ListItem\",\"position\":3,\"name\":\"IRRIGA-SMART Unit\u00e0 di controllo per impianti goccia a goccia completo di sensore di flusso. Da acquistare con almeno una licenza in abbonamento di IS_APP\"}]},{\"@type\":\"WebSite\",\"@id\":\"https:\\\/\\\/www.green-planet.market\\\/#website\",\"url\":\"https:\\\/\\\/www.green-planet.market\\\/\",\"name\":\"3a Green Planet Shop\",\"description\":\"Clima, ambiente e agricoltura sostenibile\",\"publisher\":{\"@id\":\"https:\\\/\\\/www.green-planet.market\\\/#organization\"},\"potentialAction\":[{\"@type\":\"SearchAction\",\"target\":{\"@type\":\"EntryPoint\",\"urlTemplate\":\"https:\\\/\\\/www.green-planet.market\\\/?s={search_term_string}\"},\"query-input\":{\"@type\":\"PropertyValueSpecification\",\"valueRequired\":true,\"valueName\":\"search_term_string\"}}],\"inLanguage\":\"tr\"},{\"@type\":\"Organization\",\"@id\":\"https:\\\/\\\/www.green-planet.market\\\/#organization\",\"name\":\"3a Green Planet Shop\",\"url\":\"https:\\\/\\\/www.green-planet.market\\\/\",\"logo\":{\"@type\":\"ImageObject\",\"inLanguage\":\"tr\",\"@id\":\"https:\\\/\\\/www.green-planet.market\\\/#\\\/schema\\\/logo\\\/image\\\/\",\"url\":\"https:\\\/\\\/www.green-planet.market\\\/wp-content\\\/uploads\\\/2022\\\/06\\\/3a_shop_colorato.png\",\"contentUrl\":\"https:\\\/\\\/www.green-planet.market\\\/wp-content\\\/uploads\\\/2022\\\/06\\\/3a_shop_colorato.png\",\"width\":150,\"height\":105,\"caption\":\"3a Green Planet Shop\"},\"image\":{\"@id\":\"https:\\\/\\\/www.green-planet.market\\\/#\\\/schema\\\/logo\\\/image\\\/\"}}]}<\/script>\n<!-- \/ Yoast SEO plugin. -->","yoast_head_json":{"title":"IRRIGA-SMART Unit\u00e0 di controllo per impianti goccia a goccia completo di sensore di flusso. Da acquistare con almeno una licenza in abbonamento di IS_APP - 3a Green Planet Shop","robots":{"index":"index","follow":"follow","max-snippet":"max-snippet:-1","max-image-preview":"max-image-preview:large","max-video-preview":"max-video-preview:-1"},"canonical":"https:\/\/www.green-planet.market\/tr\/urun\/irriga-smart-unita-di-controllo-per-impianti-goccia-a-goccia-completo-di-sensore-di-flusso-da-acquistare-con-almeno-una-licenza-in-abbonamento-di-is_app\/","og_locale":"tr_TR","og_type":"article","og_title":"IRRIGA-SMART Unit\u00e0 di controllo per impianti goccia a goccia completo di sensore di flusso. Da acquistare con almeno una licenza in abbonamento di IS_APP - 3a Green Planet Shop","og_description":"IRRIGA-SMART Unit\u00e0 di controllo per impianti goccia a goccia completo di sensore di flusso.","og_url":"https:\/\/www.green-planet.market\/tr\/urun\/irriga-smart-unita-di-controllo-per-impianti-goccia-a-goccia-completo-di-sensore-di-flusso-da-acquistare-con-almeno-una-licenza-in-abbonamento-di-is_app\/","og_site_name":"3a Green Planet Shop","article_modified_time":"2023-05-04T08:44:26+00:00","og_image":[{"width":1333,"height":2000,"url":"https:\/\/www.green-planet.market\/wp-content\/uploads\/2023\/01\/3A-AMBIENTALE-30.jpg","type":"image\/jpeg"}],"twitter_card":"summary_large_image","twitter_misc":{"Tahmini okuma s\u00fcresi":"2 dakika"},"schema":{"@context":"https:\/\/schema.org","@graph":[{"@type":"WebPage","@id":"https:\/\/www.green-planet.market\/prodotto\/irriga-smart-unita-di-controllo-per-impianti-goccia-a-goccia-completo-di-sensore-di-flusso-da-acquistare-con-almeno-una-licenza-in-abbonamento-di-is_app\/","url":"https:\/\/www.green-planet.market\/prodotto\/irriga-smart-unita-di-controllo-per-impianti-goccia-a-goccia-completo-di-sensore-di-flusso-da-acquistare-con-almeno-una-licenza-in-abbonamento-di-is_app\/","name":"IRRIGA-SMART Unit\u00e0 di controllo per impianti goccia a goccia completo di sensore di flusso. Da acquistare con almeno una licenza in abbonamento di IS_APP - 3a Green Planet Shop","isPartOf":{"@id":"https:\/\/www.green-planet.market\/#website"},"primaryImageOfPage":{"@id":"https:\/\/www.green-planet.market\/prodotto\/irriga-smart-unita-di-controllo-per-impianti-goccia-a-goccia-completo-di-sensore-di-flusso-da-acquistare-con-almeno-una-licenza-in-abbonamento-di-is_app\/#primaryimage"},"image":{"@id":"https:\/\/www.green-planet.market\/prodotto\/irriga-smart-unita-di-controllo-per-impianti-goccia-a-goccia-completo-di-sensore-di-flusso-da-acquistare-con-almeno-una-licenza-in-abbonamento-di-is_app\/#primaryimage"},"thumbnailUrl":"https:\/\/www.green-planet.market\/wp-content\/uploads\/2023\/01\/3A-AMBIENTALE-30.jpg","datePublished":"2023-01-23T14:05:53+00:00","dateModified":"2023-05-04T08:44:26+00:00","breadcrumb":{"@id":"https:\/\/www.green-planet.market\/prodotto\/irriga-smart-unita-di-controllo-per-impianti-goccia-a-goccia-completo-di-sensore-di-flusso-da-acquistare-con-almeno-una-licenza-in-abbonamento-di-is_app\/#breadcrumb"},"inLanguage":"tr","potentialAction":[{"@type":"ReadAction","target":["https:\/\/www.green-planet.market\/prodotto\/irriga-smart-unita-di-controllo-per-impianti-goccia-a-goccia-completo-di-sensore-di-flusso-da-acquistare-con-almeno-una-licenza-in-abbonamento-di-is_app\/"]}]},{"@type":"ImageObject","inLanguage":"tr","@id":"https:\/\/www.green-planet.market\/prodotto\/irriga-smart-unita-di-controllo-per-impianti-goccia-a-goccia-completo-di-sensore-di-flusso-da-acquistare-con-almeno-una-licenza-in-abbonamento-di-is_app\/#primaryimage","url":"https:\/\/www.green-planet.market\/wp-content\/uploads\/2023\/01\/3A-AMBIENTALE-30.jpg","contentUrl":"https:\/\/www.green-planet.market\/wp-content\/uploads\/2023\/01\/3A-AMBIENTALE-30.jpg","width":1333,"height":2000,"caption":"Unit\u00e0 di controllo Irriga-Smart per impianti goccia a goccia"},{"@type":"BreadcrumbList","@id":"https:\/\/www.green-planet.market\/prodotto\/irriga-smart-unita-di-controllo-per-impianti-goccia-a-goccia-completo-di-sensore-di-flusso-da-acquistare-con-almeno-una-licenza-in-abbonamento-di-is_app\/#breadcrumb","itemListElement":[{"@type":"ListItem","position":1,"name":"Home","item":"https:\/\/www.green-planet.market\/"},{"@type":"ListItem","position":2,"name":"Shop","item":"https:\/\/www.green-planet.market\/"},{"@type":"ListItem","position":3,"name":"IRRIGA-SMART Unit\u00e0 di controllo per impianti goccia a goccia completo di sensore di flusso. Da acquistare con almeno una licenza in abbonamento di IS_APP"}]},{"@type":"WebSite","@id":"https:\/\/www.green-planet.market\/#website","url":"https:\/\/www.green-planet.market\/","name":"3a Green Planet Shop","description":"Clima, ambiente e agricoltura sostenibile","publisher":{"@id":"https:\/\/www.green-planet.market\/#organization"},"potentialAction":[{"@type":"SearchAction","target":{"@type":"EntryPoint","urlTemplate":"https:\/\/www.green-planet.market\/?s={search_term_string}"},"query-input":{"@type":"PropertyValueSpecification","valueRequired":true,"valueName":"search_term_string"}}],"inLanguage":"tr"},{"@type":"Organization","@id":"https:\/\/www.green-planet.market\/#organization","name":"3a Green Planet Shop","url":"https:\/\/www.green-planet.market\/","logo":{"@type":"ImageObject","inLanguage":"tr","@id":"https:\/\/www.green-planet.market\/#\/schema\/logo\/image\/","url":"https:\/\/www.green-planet.market\/wp-content\/uploads\/2022\/06\/3a_shop_colorato.png","contentUrl":"https:\/\/www.green-planet.market\/wp-content\/uploads\/2022\/06\/3a_shop_colorato.png","width":150,"height":105,"caption":"3a Green Planet Shop"},"image":{"@id":"https:\/\/www.green-planet.market\/#\/schema\/logo\/image\/"}}]}},"_links":{"self":[{"href":"https:\/\/www.green-planet.market\/tr\/wp-json\/wp\/v2\/product\/8747","targetHints":{"allow":["GET"]}}],"collection":[{"href":"https:\/\/www.green-planet.market\/tr\/wp-json\/wp\/v2\/product"}],"about":[{"href":"https:\/\/www.green-planet.market\/tr\/wp-json\/wp\/v2\/types\/product"}],"wp:featuredmedia":[{"embeddable":true,"href":"https:\/\/www.green-planet.market\/tr\/wp-json\/wp\/v2\/media\/9389"}],"wp:attachment":[{"href":"https:\/\/www.green-planet.market\/tr\/wp-json\/wp\/v2\/media?parent=8747"}],"wp:term":[{"taxonomy":"product_brand","embeddable":true,"href":"https:\/\/www.green-planet.market\/tr\/wp-json\/wp\/v2\/product_brand?post=8747"},{"taxonomy":"product_cat","embeddable":true,"href":"https:\/\/www.green-planet.market\/tr\/wp-json\/wp\/v2\/product_cat?post=8747"},{"taxonomy":"product_tag","embeddable":true,"href":"https:\/\/www.green-planet.market\/tr\/wp-json\/wp\/v2\/product_tag?post=8747"}],"curies":[{"name":"wp","href":"https:\/\/api.w.org\/{rel}","templated":true}]}}