{"id":11193,"date":"2026-04-16T10:31:12","date_gmt":"2026-04-16T08:31:12","guid":{"rendered":"https:\/\/www.green-planet.market\/?post_type=product&#038;p=11193"},"modified":"2026-04-16T11:01:21","modified_gmt":"2026-04-16T09:01:21","slug":"stazione-green-planet-sentinel-riconoscimento-automatico-delle-fasi-fenologiche-del-nocciolo-ai-embedded-unita-videocamera-vigic540v-risoluzione-4-mp-certificazione-ip66-ptz-panoramica-inclin","status":"publish","type":"product","link":"https:\/\/www.green-planet.market\/tr\/urun\/stazione-green-planet-sentinel-riconoscimento-automatico-delle-fasi-fenologiche-del-nocciolo-ai-embedded-unita-videocamera-vigic540v-risoluzione-4-mp-certificazione-ip66-ptz-panoramica-inclin\/","title":{"rendered":"STAZIONE GREEN-PLANET SENTINEL  RICONOSCIMENTO AUTOMATICO DELLE FASI FENOLOGICHE DEL NOCCIOLO. AI EMBEDDED.  Unit\u00e0 videocamera VIGIC540V, risoluzione 4 MP, certificazione IP66, PTZ (panoramica, inclinazione, zoom)  Unit\u00e0 meteo n. 7 parametri &#8211; Unit\u00e0 di acquisizione e trasmissione UMTS\/LTE &#8211; Alimentazione autonoma a 12 V &#8211; Struttura a palo con treppiede &#8211; Pluviometro in alluminio, bocca da 200 cm\u00b2 e cucchiaio ribaltabile in acciaioSpese di spedizione incluse"},"content":{"rendered":"<p><strong>UNIT\u00c0 VIDEOCAMERA<\/strong><\/p>\n<p>Videocamera a comando meccanico con zoom, che consente di effettuare riprese da diverse angolazioni. L&#8217;analisi delle immagini permette una stima precisa dello stadio fenologico della coltura e di altri parametri di interesse agronomico.<\/p>\n<p>Specifiche tecniche: videocamera VIGIC540V, risoluzione 4 MP, certificazione IP66, PTZ (panoramica, inclinazione, zoom)<\/p>\n<p><strong>\u00a0<\/strong><strong>STAZIONE METEOROLOGICA<\/strong><\/p>\n<p>Unit\u00e0 di controllo per MicroDa. UMTS-LTE<br \/>\nProcessore: CPU ARM Cortex M4 (32 bit) 80 MHz Sistema operativo integrato FreeRTOS<br \/>\nMemoria: 1 MB Flash interna, 128 KB SRAM interna, 16 MB Flash per la configurazione e l&#8217;archiviazione dei dati<br \/>\nMemoria aggiuntiva: scheda microSD facilmente rimovibile per l&#8217;archiviazione dei dati (tipicamente 4 GB)<br \/>\nDisplay: LCD alfanumerico a 20\u00d72 righe con comando tramite joystick<br \/>\nInterfacce di comunicazione: n.1 RS232\/RS485 n.1 RS232 n.1 RS485 n.1 SDI-12 n.1 microUSB Slave<br \/>\nConsumo tipico 2 mA a 12 V, temperatura di esercizio da -40 a 80 \u00b0C<br \/>\nAlloggiamento: scatola in plastica IP65<\/p>\n<p>Struttura: palo con treppiede e strutture di supporto per sensori T\/U, radiazione, precipitazioni e velocit\u00e0 del vento<\/p>\n<p>Pannello solare da 10 W e staffe per palo <strong>inclusi. Caratteristiche del sensore:<br \/>\nTermometro <\/strong>&#8211; Modello HC2-CP03-ACT-PT13, caratteristiche PT100, risoluzione 0,01 \u00b0C, precisione \u00b10,2 \u00b0C, intervallo di funzionamento da -40 a +60 \u00b0C.<br \/>\n<strong>Igrometro <\/strong>&#8211; Modello HC2-CP03-ACT-PT13, caratteristiche capacitive, risoluzione 0,01 %, precisione \u00b1 1,5 %, intervallo di funzionamento da 0 a 100 % di umidit\u00e0 relativa.<br \/>\n<strong>Anemometro <\/strong>&#8211; Modello mWs1, Caratteristiche: trasduttore a interruttore a lamella di Robinson su cuscinetti a bagno d&#8217;olio, risoluzione 0,01 m\/s, precisione \u00b1 0,01 m\/s (da 0,3 a 16 m\/s) \u00b1 0,05 m\/s (&gt; 16 m\/s), campo operativo da 0 a &gt;75 m\/s.<br \/>\n<strong>Pluviometro <\/strong>&#8211; Modello T027-TP200N, Caratteristiche: sensore a doppia vasca, diametro dell&#8217;imbuto di raccolta: 16 cm,<br \/>\narea del collettore: 200 cm\u00b2, risoluzione 0,2 mm, precisione \u00b12% da 10 a 70 mm\/h, \u00b15% da 70 a 150 mm\/h, \u00b17% da 150 a 200 mm\/h, \u00b110% da 200 a 300 mm\/h, campo operativo illimitato.<br \/>\n<strong>Radiometro solare globale <\/strong>&#8211; Modello RK200-4, Caratteristiche cella al silicio, Risoluzione 300~1100 nm, Precisione &lt; \u00b13%, 300~1100 nm.<br \/>\n<strong>Temperatura del suolo <\/strong>&#8211; Modello HD3910.1, Caratteristiche NTC 10 k\u03a9 a 25 \u00b0C, Risoluzione 0,1 \u00b0C, Precisione \u00b1 0,5 \u00b0C, Intervallo operativo da -40 a +60 \u00b0C.<br \/>\n<strong>Contenuto volumetrico di acqua nel suolo <\/strong>&#8211; Modello HD3910.1, caratteristiche capacitive, risoluzione 0,1%, precisione \u00b13%, campo operativo 0&#8230;60% VWC.<\/p>\n<p><strong>Grandezze calcolate:<\/strong><\/p>\n<p>Umidit\u00e0 fogliare (min), Temperatura del bulbo umido (\u00b0C), ET0 (mm\/giorno)<\/p>\n<h2>Include la gestione dei dati meteorologici, e l&#8217;uso per 12 mesi della <strong>piattaforma GREEN-PLANET<\/strong> Modulo Meteo e Agro. Spese di spedizione incluse<\/h2>\n<p>&nbsp;<\/p>","protected":false},"excerpt":{"rendered":"<p><strong>STAZIONE AGRO-METEO DEDICATA AL MONITORAGGIO DELLE COLTURE AGRARIE CON VIDEOCAMERA.<\/strong>\u00a0 E&#8217; dotata di un modulo di intelligenza artificiale dedicato al riconoscimento delle fasi fenologiche del <strong>NOCCIOLO<\/strong>. La soluzione \u00e8 abbinata con la fornitura\u00a0 per 12 mesi della <strong>piattaforma GREEN-PLANET<\/strong> Modulo Meteo -Agro &#8211; Sentinel.\u00a0 L&#8217;abbonamento include la visualizzazione dei dati meteorologici e di monitoraggio delle colture provenienti dalle stazioni di misura ed elaborazione degli indici bioclimatici. <strong>Strumento videocamera con modulo IA integrato per i noccioleti.<\/strong> Il sistema consente la visualizzazione in formato tabellare e grafico dei dati meteorologici e degli indici bioclimatici, la registrazione delle osservazioni colturali attraverso l&#8217;utilizzo dei form di registrazione delle fasi fenologiche secondo la scala BBCH, le mappe satellitari per la visualizzazione degli indici vegetazionali per un&#8217;estensione massima di 25 ettari, la registrazione delle operazioni di campo, dei trattamenti e delle concimazioni. Include un tool per il piano di concimazione e consente, su richiesta, di generare allarmi trasmessi via mail sulla base di regole pre-impostate. Spese di spedizione incluse<\/p>\n<p>&nbsp;<\/p>","protected":false},"featured_media":11194,"template":"","meta":{"_acf_changed":false},"product_brand":[],"product_cat":[44],"product_tag":[],"class_list":{"0":"post-11193","1":"product","2":"type-product","3":"status-publish","4":"has-post-thumbnail","6":"product_cat-senza-categoria","8":"first","9":"instock","10":"featured","11":"taxable","12":"shipping-taxable","13":"purchasable","14":"product-type-simple"},"acf":[],"yoast_head":"<!-- This site is optimized with the Yoast SEO plugin v27.4 - https:\/\/yoast.com\/product\/yoast-seo-wordpress\/ -->\n<title>STAZIONE GREEN-PLANET SENTINEL RICONOSCIMENTO AUTOMATICO DELLE FASI FENOLOGICHE DEL NOCCIOLO. AI EMBEDDED. Unit\u00e0 videocamera VIGIC540V, risoluzione 4 MP, certificazione IP66, PTZ (panoramica, inclinazione, zoom) Unit\u00e0 meteo n. 7 parametri - Unit\u00e0 di acquisizione e trasmissione UMTS\/LTE - Alimentazione autonoma a 12 V - Struttura a palo con treppiede - Pluviometro in alluminio, bocca da 200 cm\u00b2 e cucchiaio ribaltabile in acciaioSpese di spedizione incluse - 3a Green Planet Shop<\/title>\n<meta name=\"description\" content=\"Stazione-meteo-green-planet-7-grandezze -unita-di-acquisizione-e-trasmissione-umts-lte-alimentazione-autonoma-12v-struttura-a-palo-zincato-con-treppiede-pluviometro-in-alluminio-bocca-da-200-cm\" \/>\n<meta name=\"robots\" content=\"index, follow, max-snippet:-1, max-image-preview:large, max-video-preview:-1\" \/>\n<link rel=\"canonical\" href=\"https:\/\/www.green-planet.market\/tr\/urun\/stazione-green-planet-sentinel-riconoscimento-automatico-delle-fasi-fenologiche-del-nocciolo-ai-embedded-unita-videocamera-vigic540v-risoluzione-4-mp-certificazione-ip66-ptz-panoramica-inclin\/\" \/>\n<meta property=\"og:locale\" content=\"tr_TR\" \/>\n<meta property=\"og:type\" content=\"article\" \/>\n<meta property=\"og:title\" content=\"STAZIONE GREEN-PLANET SENTINEL RICONOSCIMENTO AUTOMATICO DELLE FASI FENOLOGICHE DEL NOCCIOLO. AI EMBEDDED. Unit\u00e0 videocamera VIGIC540V, risoluzione 4 MP, certificazione IP66, PTZ (panoramica, inclinazione, zoom) Unit\u00e0 meteo n. 7 parametri - Unit\u00e0 di acquisizione e trasmissione UMTS\/LTE - Alimentazione autonoma a 12 V - Struttura a palo con treppiede - Pluviometro in alluminio, bocca da 200 cm\u00b2 e cucchiaio ribaltabile in acciaioSpese di spedizione incluse - 3a Green Planet Shop\" \/>\n<meta property=\"og:description\" content=\"Stazione-meteo-green-planet-7-grandezze -unita-di-acquisizione-e-trasmissione-umts-lte-alimentazione-autonoma-12v-struttura-a-palo-zincato-con-treppiede-pluviometro-in-alluminio-bocca-da-200-cm\" \/>\n<meta property=\"og:url\" content=\"https:\/\/www.green-planet.market\/tr\/urun\/stazione-green-planet-sentinel-riconoscimento-automatico-delle-fasi-fenologiche-del-nocciolo-ai-embedded-unita-videocamera-vigic540v-risoluzione-4-mp-certificazione-ip66-ptz-panoramica-inclin\/\" \/>\n<meta property=\"og:site_name\" content=\"3a Green Planet Shop\" \/>\n<meta property=\"article:modified_time\" content=\"2026-04-16T09:01:21+00:00\" \/>\n<meta property=\"og:image\" content=\"https:\/\/www.green-planet.market\/wp-content\/uploads\/2026\/04\/Struttura_palo.png\" \/>\n\t<meta property=\"og:image:width\" content=\"978\" \/>\n\t<meta property=\"og:image:height\" content=\"1350\" \/>\n\t<meta property=\"og:image:type\" content=\"image\/png\" \/>\n<meta name=\"twitter:card\" content=\"summary_large_image\" \/>\n<meta name=\"twitter:label1\" content=\"Tahmini okuma s\u00fcresi\" \/>\n\t<meta name=\"twitter:data1\" content=\"3 dakika\" \/>\n<script type=\"application\/ld+json\" class=\"yoast-schema-graph\">{\"@context\":\"https:\\\/\\\/schema.org\",\"@graph\":[{\"@type\":\"WebPage\",\"@id\":\"https:\\\/\\\/www.green-planet.market\\\/tr\\\/urun\\\/stazione-green-planet-sentinel-riconoscimento-automatico-delle-fasi-fenologiche-del-nocciolo-ai-embedded-unita-videocamera-vigic540v-risoluzione-4-mp-certificazione-ip66-ptz-panoramica-inclin\\\/\",\"url\":\"https:\\\/\\\/www.green-planet.market\\\/tr\\\/urun\\\/stazione-green-planet-sentinel-riconoscimento-automatico-delle-fasi-fenologiche-del-nocciolo-ai-embedded-unita-videocamera-vigic540v-risoluzione-4-mp-certificazione-ip66-ptz-panoramica-inclin\\\/\",\"name\":\"STAZIONE GREEN-PLANET SENTINEL RICONOSCIMENTO AUTOMATICO DELLE FASI FENOLOGICHE DEL NOCCIOLO. AI EMBEDDED. Unit\u00e0 videocamera VIGIC540V, risoluzione 4 MP, certificazione IP66, PTZ (panoramica, inclinazione, zoom) Unit\u00e0 meteo n. 7 parametri - Unit\u00e0 di acquisizione e trasmissione UMTS\\\/LTE - Alimentazione autonoma a 12 V - Struttura a palo con treppiede - Pluviometro in alluminio, bocca da 200 cm\u00b2 e cucchiaio ribaltabile in acciaioSpese di spedizione incluse - 3a Green Planet Shop\",\"isPartOf\":{\"@id\":\"https:\\\/\\\/www.green-planet.market\\\/#website\"},\"primaryImageOfPage\":{\"@id\":\"https:\\\/\\\/www.green-planet.market\\\/tr\\\/urun\\\/stazione-green-planet-sentinel-riconoscimento-automatico-delle-fasi-fenologiche-del-nocciolo-ai-embedded-unita-videocamera-vigic540v-risoluzione-4-mp-certificazione-ip66-ptz-panoramica-inclin\\\/#primaryimage\"},\"image\":{\"@id\":\"https:\\\/\\\/www.green-planet.market\\\/tr\\\/urun\\\/stazione-green-planet-sentinel-riconoscimento-automatico-delle-fasi-fenologiche-del-nocciolo-ai-embedded-unita-videocamera-vigic540v-risoluzione-4-mp-certificazione-ip66-ptz-panoramica-inclin\\\/#primaryimage\"},\"thumbnailUrl\":\"https:\\\/\\\/www.green-planet.market\\\/wp-content\\\/uploads\\\/2026\\\/04\\\/Struttura_palo.png\",\"datePublished\":\"2026-04-16T08:31:12+00:00\",\"dateModified\":\"2026-04-16T09:01:21+00:00\",\"description\":\"Stazione-meteo-green-planet-7-grandezze -unita-di-acquisizione-e-trasmissione-umts-lte-alimentazione-autonoma-12v-struttura-a-palo-zincato-con-treppiede-pluviometro-in-alluminio-bocca-da-200-cm\",\"breadcrumb\":{\"@id\":\"https:\\\/\\\/www.green-planet.market\\\/tr\\\/urun\\\/stazione-green-planet-sentinel-riconoscimento-automatico-delle-fasi-fenologiche-del-nocciolo-ai-embedded-unita-videocamera-vigic540v-risoluzione-4-mp-certificazione-ip66-ptz-panoramica-inclin\\\/#breadcrumb\"},\"inLanguage\":\"tr\",\"potentialAction\":[{\"@type\":\"ReadAction\",\"target\":[\"https:\\\/\\\/www.green-planet.market\\\/tr\\\/urun\\\/stazione-green-planet-sentinel-riconoscimento-automatico-delle-fasi-fenologiche-del-nocciolo-ai-embedded-unita-videocamera-vigic540v-risoluzione-4-mp-certificazione-ip66-ptz-panoramica-inclin\\\/\"]}]},{\"@type\":\"ImageObject\",\"inLanguage\":\"tr\",\"@id\":\"https:\\\/\\\/www.green-planet.market\\\/tr\\\/urun\\\/stazione-green-planet-sentinel-riconoscimento-automatico-delle-fasi-fenologiche-del-nocciolo-ai-embedded-unita-videocamera-vigic540v-risoluzione-4-mp-certificazione-ip66-ptz-panoramica-inclin\\\/#primaryimage\",\"url\":\"https:\\\/\\\/www.green-planet.market\\\/wp-content\\\/uploads\\\/2026\\\/04\\\/Struttura_palo.png\",\"contentUrl\":\"https:\\\/\\\/www.green-planet.market\\\/wp-content\\\/uploads\\\/2026\\\/04\\\/Struttura_palo.png\",\"width\":978,\"height\":1350},{\"@type\":\"BreadcrumbList\",\"@id\":\"https:\\\/\\\/www.green-planet.market\\\/tr\\\/urun\\\/stazione-green-planet-sentinel-riconoscimento-automatico-delle-fasi-fenologiche-del-nocciolo-ai-embedded-unita-videocamera-vigic540v-risoluzione-4-mp-certificazione-ip66-ptz-panoramica-inclin\\\/#breadcrumb\",\"itemListElement\":[{\"@type\":\"ListItem\",\"position\":1,\"name\":\"Home\",\"item\":\"https:\\\/\\\/www.green-planet.market\\\/\"},{\"@type\":\"ListItem\",\"position\":2,\"name\":\"Shop\",\"item\":\"https:\\\/\\\/www.green-planet.market\\\/\"},{\"@type\":\"ListItem\",\"position\":3,\"name\":\"STAZIONE GREEN-PLANET SENTINEL RICONOSCIMENTO AUTOMATICO DELLE FASI FENOLOGICHE DEL NOCCIOLO. AI EMBEDDED. Unit\u00e0 videocamera VIGIC540V, risoluzione 4 MP, certificazione IP66, PTZ (panoramica, inclinazione, zoom) Unit\u00e0 meteo n. 7 parametri &#8211; Unit\u00e0 di acquisizione e trasmissione UMTS\\\/LTE &#8211; Alimentazione autonoma a 12 V &#8211; Struttura a palo con treppiede &#8211; Pluviometro in alluminio, bocca da 200 cm\u00b2 e cucchiaio ribaltabile in acciaioSpese di spedizione incluse\"}]},{\"@type\":\"WebSite\",\"@id\":\"https:\\\/\\\/www.green-planet.market\\\/#website\",\"url\":\"https:\\\/\\\/www.green-planet.market\\\/\",\"name\":\"3a Green Planet Shop\",\"description\":\"Clima, ambiente e agricoltura sostenibile\",\"publisher\":{\"@id\":\"https:\\\/\\\/www.green-planet.market\\\/#organization\"},\"potentialAction\":[{\"@type\":\"SearchAction\",\"target\":{\"@type\":\"EntryPoint\",\"urlTemplate\":\"https:\\\/\\\/www.green-planet.market\\\/?s={search_term_string}\"},\"query-input\":{\"@type\":\"PropertyValueSpecification\",\"valueRequired\":true,\"valueName\":\"search_term_string\"}}],\"inLanguage\":\"tr\"},{\"@type\":\"Organization\",\"@id\":\"https:\\\/\\\/www.green-planet.market\\\/#organization\",\"name\":\"3a Green Planet Shop\",\"url\":\"https:\\\/\\\/www.green-planet.market\\\/\",\"logo\":{\"@type\":\"ImageObject\",\"inLanguage\":\"tr\",\"@id\":\"https:\\\/\\\/www.green-planet.market\\\/#\\\/schema\\\/logo\\\/image\\\/\",\"url\":\"https:\\\/\\\/www.green-planet.market\\\/wp-content\\\/uploads\\\/2022\\\/06\\\/3a_shop_colorato.png\",\"contentUrl\":\"https:\\\/\\\/www.green-planet.market\\\/wp-content\\\/uploads\\\/2022\\\/06\\\/3a_shop_colorato.png\",\"width\":150,\"height\":105,\"caption\":\"3a Green Planet Shop\"},\"image\":{\"@id\":\"https:\\\/\\\/www.green-planet.market\\\/#\\\/schema\\\/logo\\\/image\\\/\"}}]}<\/script>\n<!-- \/ Yoast SEO plugin. -->","yoast_head_json":{"title":"STAZIONE GREEN-PLANET SENTINEL RICONOSCIMENTO AUTOMATICO DELLE FASI FENOLOGICHE DEL NOCCIOLO. AI EMBEDDED. Unit\u00e0 videocamera VIGIC540V, risoluzione 4 MP, certificazione IP66, PTZ (panoramica, inclinazione, zoom) Unit\u00e0 meteo n. 7 parametri - Unit\u00e0 di acquisizione e trasmissione UMTS\/LTE - Alimentazione autonoma a 12 V - Struttura a palo con treppiede - Pluviometro in alluminio, bocca da 200 cm\u00b2 e cucchiaio ribaltabile in acciaioSpese di spedizione incluse - 3a Green Planet Shop","description":"Stazione-meteo-green-planet-7-grandezze -unita-di-acquisizione-e-trasmissione-umts-lte-alimentazione-autonoma-12v-struttura-a-palo-zincato-con-treppiede-pluviometro-in-alluminio-bocca-da-200-cm","robots":{"index":"index","follow":"follow","max-snippet":"max-snippet:-1","max-image-preview":"max-image-preview:large","max-video-preview":"max-video-preview:-1"},"canonical":"https:\/\/www.green-planet.market\/tr\/urun\/stazione-green-planet-sentinel-riconoscimento-automatico-delle-fasi-fenologiche-del-nocciolo-ai-embedded-unita-videocamera-vigic540v-risoluzione-4-mp-certificazione-ip66-ptz-panoramica-inclin\/","og_locale":"tr_TR","og_type":"article","og_title":"STAZIONE GREEN-PLANET SENTINEL RICONOSCIMENTO AUTOMATICO DELLE FASI FENOLOGICHE DEL NOCCIOLO. AI EMBEDDED. Unit\u00e0 videocamera VIGIC540V, risoluzione 4 MP, certificazione IP66, PTZ (panoramica, inclinazione, zoom) Unit\u00e0 meteo n. 7 parametri - Unit\u00e0 di acquisizione e trasmissione UMTS\/LTE - Alimentazione autonoma a 12 V - Struttura a palo con treppiede - Pluviometro in alluminio, bocca da 200 cm\u00b2 e cucchiaio ribaltabile in acciaioSpese di spedizione incluse - 3a Green Planet Shop","og_description":"Stazione-meteo-green-planet-7-grandezze -unita-di-acquisizione-e-trasmissione-umts-lte-alimentazione-autonoma-12v-struttura-a-palo-zincato-con-treppiede-pluviometro-in-alluminio-bocca-da-200-cm","og_url":"https:\/\/www.green-planet.market\/tr\/urun\/stazione-green-planet-sentinel-riconoscimento-automatico-delle-fasi-fenologiche-del-nocciolo-ai-embedded-unita-videocamera-vigic540v-risoluzione-4-mp-certificazione-ip66-ptz-panoramica-inclin\/","og_site_name":"3a Green Planet Shop","article_modified_time":"2026-04-16T09:01:21+00:00","og_image":[{"width":978,"height":1350,"url":"https:\/\/www.green-planet.market\/wp-content\/uploads\/2026\/04\/Struttura_palo.png","type":"image\/png"}],"twitter_card":"summary_large_image","twitter_misc":{"Tahmini okuma s\u00fcresi":"3 dakika"},"schema":{"@context":"https:\/\/schema.org","@graph":[{"@type":"WebPage","@id":"https:\/\/www.green-planet.market\/tr\/urun\/stazione-green-planet-sentinel-riconoscimento-automatico-delle-fasi-fenologiche-del-nocciolo-ai-embedded-unita-videocamera-vigic540v-risoluzione-4-mp-certificazione-ip66-ptz-panoramica-inclin\/","url":"https:\/\/www.green-planet.market\/tr\/urun\/stazione-green-planet-sentinel-riconoscimento-automatico-delle-fasi-fenologiche-del-nocciolo-ai-embedded-unita-videocamera-vigic540v-risoluzione-4-mp-certificazione-ip66-ptz-panoramica-inclin\/","name":"STAZIONE GREEN-PLANET SENTINEL RICONOSCIMENTO AUTOMATICO DELLE FASI FENOLOGICHE DEL NOCCIOLO. AI EMBEDDED. Unit\u00e0 videocamera VIGIC540V, risoluzione 4 MP, certificazione IP66, PTZ (panoramica, inclinazione, zoom) Unit\u00e0 meteo n. 7 parametri - Unit\u00e0 di acquisizione e trasmissione UMTS\/LTE - Alimentazione autonoma a 12 V - Struttura a palo con treppiede - Pluviometro in alluminio, bocca da 200 cm\u00b2 e cucchiaio ribaltabile in acciaioSpese di spedizione incluse - 3a Green Planet Shop","isPartOf":{"@id":"https:\/\/www.green-planet.market\/#website"},"primaryImageOfPage":{"@id":"https:\/\/www.green-planet.market\/tr\/urun\/stazione-green-planet-sentinel-riconoscimento-automatico-delle-fasi-fenologiche-del-nocciolo-ai-embedded-unita-videocamera-vigic540v-risoluzione-4-mp-certificazione-ip66-ptz-panoramica-inclin\/#primaryimage"},"image":{"@id":"https:\/\/www.green-planet.market\/tr\/urun\/stazione-green-planet-sentinel-riconoscimento-automatico-delle-fasi-fenologiche-del-nocciolo-ai-embedded-unita-videocamera-vigic540v-risoluzione-4-mp-certificazione-ip66-ptz-panoramica-inclin\/#primaryimage"},"thumbnailUrl":"https:\/\/www.green-planet.market\/wp-content\/uploads\/2026\/04\/Struttura_palo.png","datePublished":"2026-04-16T08:31:12+00:00","dateModified":"2026-04-16T09:01:21+00:00","description":"Stazione-meteo-green-planet-7-grandezze -unita-di-acquisizione-e-trasmissione-umts-lte-alimentazione-autonoma-12v-struttura-a-palo-zincato-con-treppiede-pluviometro-in-alluminio-bocca-da-200-cm","breadcrumb":{"@id":"https:\/\/www.green-planet.market\/tr\/urun\/stazione-green-planet-sentinel-riconoscimento-automatico-delle-fasi-fenologiche-del-nocciolo-ai-embedded-unita-videocamera-vigic540v-risoluzione-4-mp-certificazione-ip66-ptz-panoramica-inclin\/#breadcrumb"},"inLanguage":"tr","potentialAction":[{"@type":"ReadAction","target":["https:\/\/www.green-planet.market\/tr\/urun\/stazione-green-planet-sentinel-riconoscimento-automatico-delle-fasi-fenologiche-del-nocciolo-ai-embedded-unita-videocamera-vigic540v-risoluzione-4-mp-certificazione-ip66-ptz-panoramica-inclin\/"]}]},{"@type":"ImageObject","inLanguage":"tr","@id":"https:\/\/www.green-planet.market\/tr\/urun\/stazione-green-planet-sentinel-riconoscimento-automatico-delle-fasi-fenologiche-del-nocciolo-ai-embedded-unita-videocamera-vigic540v-risoluzione-4-mp-certificazione-ip66-ptz-panoramica-inclin\/#primaryimage","url":"https:\/\/www.green-planet.market\/wp-content\/uploads\/2026\/04\/Struttura_palo.png","contentUrl":"https:\/\/www.green-planet.market\/wp-content\/uploads\/2026\/04\/Struttura_palo.png","width":978,"height":1350},{"@type":"BreadcrumbList","@id":"https:\/\/www.green-planet.market\/tr\/urun\/stazione-green-planet-sentinel-riconoscimento-automatico-delle-fasi-fenologiche-del-nocciolo-ai-embedded-unita-videocamera-vigic540v-risoluzione-4-mp-certificazione-ip66-ptz-panoramica-inclin\/#breadcrumb","itemListElement":[{"@type":"ListItem","position":1,"name":"Home","item":"https:\/\/www.green-planet.market\/"},{"@type":"ListItem","position":2,"name":"Shop","item":"https:\/\/www.green-planet.market\/"},{"@type":"ListItem","position":3,"name":"STAZIONE GREEN-PLANET SENTINEL RICONOSCIMENTO AUTOMATICO DELLE FASI FENOLOGICHE DEL NOCCIOLO. AI EMBEDDED. Unit\u00e0 videocamera VIGIC540V, risoluzione 4 MP, certificazione IP66, PTZ (panoramica, inclinazione, zoom) Unit\u00e0 meteo n. 7 parametri &#8211; Unit\u00e0 di acquisizione e trasmissione UMTS\/LTE &#8211; Alimentazione autonoma a 12 V &#8211; Struttura a palo con treppiede &#8211; Pluviometro in alluminio, bocca da 200 cm\u00b2 e cucchiaio ribaltabile in acciaioSpese di spedizione incluse"}]},{"@type":"WebSite","@id":"https:\/\/www.green-planet.market\/#website","url":"https:\/\/www.green-planet.market\/","name":"3a Green Planet Shop","description":"Clima, ambiente e agricoltura sostenibile","publisher":{"@id":"https:\/\/www.green-planet.market\/#organization"},"potentialAction":[{"@type":"SearchAction","target":{"@type":"EntryPoint","urlTemplate":"https:\/\/www.green-planet.market\/?s={search_term_string}"},"query-input":{"@type":"PropertyValueSpecification","valueRequired":true,"valueName":"search_term_string"}}],"inLanguage":"tr"},{"@type":"Organization","@id":"https:\/\/www.green-planet.market\/#organization","name":"3a Green Planet Shop","url":"https:\/\/www.green-planet.market\/","logo":{"@type":"ImageObject","inLanguage":"tr","@id":"https:\/\/www.green-planet.market\/#\/schema\/logo\/image\/","url":"https:\/\/www.green-planet.market\/wp-content\/uploads\/2022\/06\/3a_shop_colorato.png","contentUrl":"https:\/\/www.green-planet.market\/wp-content\/uploads\/2022\/06\/3a_shop_colorato.png","width":150,"height":105,"caption":"3a Green Planet Shop"},"image":{"@id":"https:\/\/www.green-planet.market\/#\/schema\/logo\/image\/"}}]}},"_links":{"self":[{"href":"https:\/\/www.green-planet.market\/tr\/wp-json\/wp\/v2\/product\/11193","targetHints":{"allow":["GET"]}}],"collection":[{"href":"https:\/\/www.green-planet.market\/tr\/wp-json\/wp\/v2\/product"}],"about":[{"href":"https:\/\/www.green-planet.market\/tr\/wp-json\/wp\/v2\/types\/product"}],"wp:featuredmedia":[{"embeddable":true,"href":"https:\/\/www.green-planet.market\/tr\/wp-json\/wp\/v2\/media\/11194"}],"wp:attachment":[{"href":"https:\/\/www.green-planet.market\/tr\/wp-json\/wp\/v2\/media?parent=11193"}],"wp:term":[{"taxonomy":"product_brand","embeddable":true,"href":"https:\/\/www.green-planet.market\/tr\/wp-json\/wp\/v2\/product_brand?post=11193"},{"taxonomy":"product_cat","embeddable":true,"href":"https:\/\/www.green-planet.market\/tr\/wp-json\/wp\/v2\/product_cat?post=11193"},{"taxonomy":"product_tag","embeddable":true,"href":"https:\/\/www.green-planet.market\/tr\/wp-json\/wp\/v2\/product_tag?post=11193"}],"curies":[{"name":"wp","href":"https:\/\/api.w.org\/{rel}","templated":true}]}}