{"id":11184,"date":"2026-02-05T17:48:48","date_gmt":"2026-02-05T16:48:48","guid":{"rendered":"https:\/\/www.green-planet.market\/?post_type=product&#038;p=11184"},"modified":"2026-02-05T17:54:41","modified_gmt":"2026-02-05T16:54:41","slug":"unita-di-controllo-per-6-settori-irrigui-goccia-a-goccia-controllato-dal-sistema-di-supporto-alle-decisioni-irriga-smart-soluzione-digitale-in-abbonamento-incluso-per-12-mesi-spese-di-trasporto-in","status":"publish","type":"product","link":"https:\/\/www.green-planet.market\/tr\/urun\/unita-di-controllo-per-6-settori-irrigui-goccia-a-goccia-controllato-dal-sistema-di-supporto-alle-decisioni-irriga-smart-soluzione-digitale-in-abbonamento-incluso-per-12-mesi-spese-di-trasporto-in\/","title":{"rendered":"UNITA&#8217; DI CONTROLLO per 6\/12  settori irrigui goccia a goccia controllato dal sistema di supporto alle decisioni IRRIGA-SMART, soluzione digitale in abbonamento incluso per 12 mesi. Spese di trasporto incluse"},"content":{"rendered":"<p><a href=\"https:\/\/www.green-planet.market\/wp-content\/uploads\/2023\/04\/Irriga-Smart_210x297_it.pdf\">Bro\u015f\u00fcr\u00fc indirin<\/a><\/p>\n<p>&nbsp;<\/p>\n<p><strong>UNITA&#8217; DI CONTROLLO PER DSS IRRIGA-SMART<\/strong> &#8211; Controllo di 6 solenoidi bistabili 12V DC, oppure 12 solenoidi NC con alimentazione di rete. &#8211; Lettura misuratore volumetrico &#8211; Lettura sensore pressione &#8211; Quadretto IP65 &#8211; Modulo trasmissione LTE &#8211; Quadretto di alimentazione per alloggiamento di 2 batterie 12V 18Ah Unit\u00e0 di controllo ed automazione dell\u2019impianto connessa alla piattaforma cloud: controlla i solenoidi delle idrovalvole e rileva la portata acquisita dai misuratori di flusso installati sulle tubazioni di erogazione dell\u2019acqua.<\/p>\n<p>\u015eunlardan olu\u015fur:<br \/>\n- direk braketleri ile 50W fotovoltaik panelden olu\u015fan bir g\u00fc\u00e7 kayna\u011f\u0131 sistemi<br \/>\n- 50 mm kutup braketleri ile 2 x 12V 18Ah ak\u00fc bar\u0131nd\u0131ran bir g\u00fc\u00e7 kayna\u011f\u0131 paneli<br \/>\n- al\u0131m ve iletim mod\u00fcl\u00fcne sahip bir kontrol paneli ve 50 mm direk braketleri<br \/>\n- verilen suyu hesaplamak i\u00e7in bir ak\u0131\u015f \u00f6l\u00e7er. Kayar bir ba\u011flant\u0131 par\u00e7as\u0131 arac\u0131l\u0131\u011f\u0131yla prosese ba\u011flanan l.100 mm'lik kayar bir probdur<\/p>\n<p>&nbsp;<\/p>\n<p><strong>DSS IRRIGA-SMART<\/strong> \u00e8 un sistema intelligente di controllo e automazione degli impianti d\u2019irrigazione che risponde all\u2019esigenza di un\u2019agricoltura sempre pi\u00f9 attenta alla gestione dei volumi d\u2019acqua erogati al fine di aumentare l\u2019efficienza dei consumi idrici ed energetici e quindi abbattere i costi aziendali e l\u2019impatto sull\u2019ambiente.<\/p>\n<p class=\"translation-block\">Kontrol sistemi, \u00e7iftlikte veya yak\u0131nlarda kurulu bir veya daha fazla istasyon taraf\u0131ndan kaydedilen meteorolojik verileri i\u015fleyen bir toprak su dengesi modeli kullanarak su i\u00e7eri\u011fini g\u00fcnl\u00fck olarak tahmin eder. Kullan\u0131c\u0131n\u0131n ula\u015fmak istedi\u011fi hedefe ba\u011fl\u0131 olarak, bitki i\u00e7in mevcut su y\u00fczdesini temsil eden haz\u0131r rezerv t\u00fckendi\u011finde sulama m\u00fcdahalesi \u00f6nerilir. Yap\u0131land\u0131rma a\u015famas\u0131nda, \u00fcr\u00fcnlerin ihtiya\u00e7lar\u0131na ve benimsemek istedi\u011fi stratejiye g\u00f6re minimum sulama m\u00fcdahalesi e\u015fi\u011fini ve maksimum sulama e\u015fi\u011fini se\u00e7en kullan\u0131c\u0131d\u0131r.<\/p>\n<p class=\"translation-block\">Sulama hacmi ve sulama yolu gibi parametreleri de\u011ferlendirirken, model ger\u00e7ek \u0131slat\u0131lm\u0131\u015f alan\u0131 veya daha kesin bir ifadeyle, \u00fcr\u00fcn i\u00e7in ger\u00e7ekten bir su rezervuar\u0131 g\u00f6revi g\u00f6ren toprak hacmini dikkate al\u0131r.<\/p>\n<p><a href=\"https:\/\/www.green-planet.market\/wp-content\/uploads\/2023\/04\/GraficoCruscotto_IS-1.png\"><img decoding=\"async\" class=\"lazyload alignnone size-medium wp-image-10401\" src=\"https:\/\/www.green-planet.market\/wp-content\/uploads\/2023\/04\/GraficoCruscotto_IS-1-300x169.png\" data-orig-src=\"https:\/\/www.green-planet.market\/wp-content\/uploads\/2023\/04\/GraficoCruscotto_IS-1-300x169.png\" alt=\"\" width=\"300\" height=\"169\" srcset=\"data:image\/svg+xml,%3Csvg%20xmlns%3D%27http%3A%2F%2Fwww.w3.org%2F2000%2Fsvg%27%20width%3D%27300%27%20height%3D%27169%27%20viewBox%3D%270%200%20300%20169%27%3E%3Crect%20width%3D%27300%27%20height%3D%27169%27%20fill-opacity%3D%220%22%2F%3E%3C%2Fsvg%3E\" data-srcset=\"https:\/\/www.green-planet.market\/wp-content\/uploads\/2023\/04\/GraficoCruscotto_IS-1-18x10.png 18w, https:\/\/www.green-planet.market\/wp-content\/uploads\/2023\/04\/GraficoCruscotto_IS-1-200x112.png 200w, https:\/\/www.green-planet.market\/wp-content\/uploads\/2023\/04\/GraficoCruscotto_IS-1-300x169.png 300w, https:\/\/www.green-planet.market\/wp-content\/uploads\/2023\/04\/GraficoCruscotto_IS-1-400x225.png 400w, https:\/\/www.green-planet.market\/wp-content\/uploads\/2023\/04\/GraficoCruscotto_IS-1-500x281.png 500w, https:\/\/www.green-planet.market\/wp-content\/uploads\/2023\/04\/GraficoCruscotto_IS-1-600x337.png 600w, https:\/\/www.green-planet.market\/wp-content\/uploads\/2023\/04\/GraficoCruscotto_IS-1-700x394.png 700w, https:\/\/www.green-planet.market\/wp-content\/uploads\/2023\/04\/GraficoCruscotto_IS-1-768x432.png 768w, https:\/\/www.green-planet.market\/wp-content\/uploads\/2023\/04\/GraficoCruscotto_IS-1-800x450.png 800w, https:\/\/www.green-planet.market\/wp-content\/uploads\/2023\/04\/GraficoCruscotto_IS-1-1024x576.png 1024w, https:\/\/www.green-planet.market\/wp-content\/uploads\/2023\/04\/GraficoCruscotto_IS-1-1200x675.png 1200w, https:\/\/www.green-planet.market\/wp-content\/uploads\/2023\/04\/GraficoCruscotto_IS-1-1536x864.png 1536w, https:\/\/www.green-planet.market\/wp-content\/uploads\/2023\/04\/GraficoCruscotto_IS-1.png 1599w\" data-sizes=\"auto\" data-orig-sizes=\"(max-width: 300px) 100vw, 300px\" \/><\/a><\/p>\n<p>&nbsp;<\/p>","protected":false},"excerpt":{"rendered":"<p>UNITA&#8217; DI CONTROLLO DI CAMPO IRRIGA-SMART PER IMPIANTI GOCCIA A GOCCIA &#8211; Controllo di 6 solenoidi bistabili 12V DC, oppure 12 solenoidi NC con alimentazione di rete. &#8211; Lettura misuratore volumetrico &#8211; Lettura sensore pressione &#8211; Quadretto IP65 &#8211; Modulo trasmissione LTE &#8211; Quadretto di alimentazione per alloggiamento di 2 batterie 12V 18Ah Unit\u00e0 di controllo ed automazione dell\u2019impianto connessa alla piattaforma cloud: controlla i solenoidi delle idrovalvole e rileva la portata acquisita dai misuratori di flusso installati sulle tubazioni di erogazione dell\u2019acqua.<\/p>\n<p>IRRIGA-SMART \u00e8 un sistema intelligente di stima del fabbisogno irriguo (DSS), e di controllo e automazione degli impianti d\u2019irrigazione. Risponde all\u2019esigenza di un\u2019agricoltura sempre pi\u00f9 attenta alla gestione dei volumi d\u2019acqua erogati al fine di aumentare l\u2019efficienza dei consumi idrici ed energetici e quindi abbattere i costi aziendali e l\u2019impatto sull\u2019ambiente. Nel valutare parametri come il volume di adacquamento e il turno irriguo, il modello tiene conto dell\u2019area effettivamente bagnata, o pi\u00f9 precisamente del volume di terreno che svolge effettivamente la funzione di serbatoio idrico per la coltura.<\/p>\n<p>&nbsp;<\/p>","protected":false},"featured_media":10410,"template":"","meta":{"_acf_changed":false},"product_brand":[],"product_cat":[44],"product_tag":[],"class_list":{"0":"post-11184","1":"product","2":"type-product","3":"status-publish","4":"has-post-thumbnail","6":"product_cat-senza-categoria","8":"first","9":"instock","10":"taxable","11":"shipping-taxable","12":"purchasable","13":"product-type-simple"},"acf":[],"yoast_head":"<!-- This site is optimized with the Yoast SEO plugin v27.6 - https:\/\/yoast.com\/product\/yoast-seo-wordpress\/ -->\n<title>UNITA&#039; DI CONTROLLO per 6\/12 settori irrigui goccia a goccia controllato dal sistema di supporto alle decisioni IRRIGA-SMART, soluzione digitale in abbonamento incluso per 12 mesi. Spese di trasporto incluse - 3a Green Planet Shop<\/title>\n<meta name=\"description\" content=\"IRRIGA-SMART \u00e8 un sistema intelligente per l&#039;irrigazione. Stima il fabbisogno irriguo (DSS - Sistema di Supporto alle Decisioni), e controlla l&#039;impianto goggia a goccia. Risponde ai requisiti PAC 2023-2027 ACA24 \u00a0 Pratiche agricoltura di precisione e SRD02 Investimenti produttivi agricoli\" \/>\n<meta name=\"robots\" content=\"index, follow, max-snippet:-1, max-image-preview:large, max-video-preview:-1\" \/>\n<link rel=\"canonical\" href=\"https:\/\/www.green-planet.market\/tr\/urun\/unita-di-controllo-per-6-settori-irrigui-goccia-a-goccia-controllato-dal-sistema-di-supporto-alle-decisioni-irriga-smart-soluzione-digitale-in-abbonamento-incluso-per-12-mesi-spese-di-trasporto-in\/\" \/>\n<meta property=\"og:locale\" content=\"tr_TR\" \/>\n<meta property=\"og:type\" content=\"article\" \/>\n<meta property=\"og:title\" content=\"UNITA&#039; DI CONTROLLO per 6\/12 settori irrigui goccia a goccia controllato dal sistema di supporto alle decisioni IRRIGA-SMART, soluzione digitale in abbonamento incluso per 12 mesi. Spese di trasporto incluse - 3a Green Planet Shop\" \/>\n<meta property=\"og:description\" content=\"IRRIGA-SMART \u00e8 un sistema intelligente per l&#039;irrigazione. Stima il fabbisogno irriguo (DSS - Sistema di Supporto alle Decisioni), e controlla l&#039;impianto goggia a goccia. Risponde ai requisiti PAC 2023-2027 ACA24 \u00a0 Pratiche agricoltura di precisione e SRD02 Investimenti produttivi agricoli\" \/>\n<meta property=\"og:url\" content=\"https:\/\/www.green-planet.market\/tr\/urun\/unita-di-controllo-per-6-settori-irrigui-goccia-a-goccia-controllato-dal-sistema-di-supporto-alle-decisioni-irriga-smart-soluzione-digitale-in-abbonamento-incluso-per-12-mesi-spese-di-trasporto-in\/\" \/>\n<meta property=\"og:site_name\" content=\"3a Green Planet Shop\" \/>\n<meta property=\"article:modified_time\" content=\"2026-02-05T16:54:41+00:00\" \/>\n<meta property=\"og:image\" content=\"https:\/\/www.green-planet.market\/wp-content\/uploads\/2023\/02\/img-e1681918708887.jpg\" \/>\n\t<meta property=\"og:image:width\" content=\"800\" \/>\n\t<meta property=\"og:image:height\" content=\"1198\" \/>\n\t<meta property=\"og:image:type\" content=\"image\/jpeg\" \/>\n<meta name=\"twitter:card\" content=\"summary_large_image\" \/>\n<meta name=\"twitter:label1\" content=\"Tahmini okuma s\u00fcresi\" \/>\n\t<meta name=\"twitter:data1\" content=\"3 dakika\" \/>\n<script type=\"application\/ld+json\" class=\"yoast-schema-graph\">{\"@context\":\"https:\\\/\\\/schema.org\",\"@graph\":[{\"@type\":\"WebPage\",\"@id\":\"https:\\\/\\\/www.green-planet.market\\\/tr\\\/urun\\\/unita-di-controllo-per-6-settori-irrigui-goccia-a-goccia-controllato-dal-sistema-di-supporto-alle-decisioni-irriga-smart-soluzione-digitale-in-abbonamento-incluso-per-12-mesi-spese-di-trasporto-in\\\/\",\"url\":\"https:\\\/\\\/www.green-planet.market\\\/tr\\\/urun\\\/unita-di-controllo-per-6-settori-irrigui-goccia-a-goccia-controllato-dal-sistema-di-supporto-alle-decisioni-irriga-smart-soluzione-digitale-in-abbonamento-incluso-per-12-mesi-spese-di-trasporto-in\\\/\",\"name\":\"UNITA' DI CONTROLLO per 6\\\/12 settori irrigui goccia a goccia controllato dal sistema di supporto alle decisioni IRRIGA-SMART, soluzione digitale in abbonamento incluso per 12 mesi. Spese di trasporto incluse - 3a Green Planet Shop\",\"isPartOf\":{\"@id\":\"https:\\\/\\\/www.green-planet.market\\\/#website\"},\"primaryImageOfPage\":{\"@id\":\"https:\\\/\\\/www.green-planet.market\\\/tr\\\/urun\\\/unita-di-controllo-per-6-settori-irrigui-goccia-a-goccia-controllato-dal-sistema-di-supporto-alle-decisioni-irriga-smart-soluzione-digitale-in-abbonamento-incluso-per-12-mesi-spese-di-trasporto-in\\\/#primaryimage\"},\"image\":{\"@id\":\"https:\\\/\\\/www.green-planet.market\\\/tr\\\/urun\\\/unita-di-controllo-per-6-settori-irrigui-goccia-a-goccia-controllato-dal-sistema-di-supporto-alle-decisioni-irriga-smart-soluzione-digitale-in-abbonamento-incluso-per-12-mesi-spese-di-trasporto-in\\\/#primaryimage\"},\"thumbnailUrl\":\"https:\\\/\\\/www.green-planet.market\\\/wp-content\\\/uploads\\\/2023\\\/02\\\/img-e1681918708887.jpg\",\"datePublished\":\"2026-02-05T16:48:48+00:00\",\"dateModified\":\"2026-02-05T16:54:41+00:00\",\"description\":\"IRRIGA-SMART \u00e8 un sistema intelligente per l'irrigazione. Stima il fabbisogno irriguo (DSS - Sistema di Supporto alle Decisioni), e controlla l'impianto goggia a goccia. Risponde ai requisiti PAC 2023-2027 ACA24 \u00a0 Pratiche agricoltura di precisione e SRD02 Investimenti produttivi agricoli\",\"breadcrumb\":{\"@id\":\"https:\\\/\\\/www.green-planet.market\\\/tr\\\/urun\\\/unita-di-controllo-per-6-settori-irrigui-goccia-a-goccia-controllato-dal-sistema-di-supporto-alle-decisioni-irriga-smart-soluzione-digitale-in-abbonamento-incluso-per-12-mesi-spese-di-trasporto-in\\\/#breadcrumb\"},\"inLanguage\":\"tr\",\"potentialAction\":[{\"@type\":\"ReadAction\",\"target\":[\"https:\\\/\\\/www.green-planet.market\\\/tr\\\/urun\\\/unita-di-controllo-per-6-settori-irrigui-goccia-a-goccia-controllato-dal-sistema-di-supporto-alle-decisioni-irriga-smart-soluzione-digitale-in-abbonamento-incluso-per-12-mesi-spese-di-trasporto-in\\\/\"]}]},{\"@type\":\"ImageObject\",\"inLanguage\":\"tr\",\"@id\":\"https:\\\/\\\/www.green-planet.market\\\/tr\\\/urun\\\/unita-di-controllo-per-6-settori-irrigui-goccia-a-goccia-controllato-dal-sistema-di-supporto-alle-decisioni-irriga-smart-soluzione-digitale-in-abbonamento-incluso-per-12-mesi-spese-di-trasporto-in\\\/#primaryimage\",\"url\":\"https:\\\/\\\/www.green-planet.market\\\/wp-content\\\/uploads\\\/2023\\\/02\\\/img-e1681918708887.jpg\",\"contentUrl\":\"https:\\\/\\\/www.green-planet.market\\\/wp-content\\\/uploads\\\/2023\\\/02\\\/img-e1681918708887.jpg\",\"width\":800,\"height\":1198},{\"@type\":\"BreadcrumbList\",\"@id\":\"https:\\\/\\\/www.green-planet.market\\\/tr\\\/urun\\\/unita-di-controllo-per-6-settori-irrigui-goccia-a-goccia-controllato-dal-sistema-di-supporto-alle-decisioni-irriga-smart-soluzione-digitale-in-abbonamento-incluso-per-12-mesi-spese-di-trasporto-in\\\/#breadcrumb\",\"itemListElement\":[{\"@type\":\"ListItem\",\"position\":1,\"name\":\"Home\",\"item\":\"https:\\\/\\\/www.green-planet.market\\\/\"},{\"@type\":\"ListItem\",\"position\":2,\"name\":\"Shop\",\"item\":\"https:\\\/\\\/www.green-planet.market\\\/\"},{\"@type\":\"ListItem\",\"position\":3,\"name\":\"UNITA&#8217; DI CONTROLLO per 6\\\/12 settori irrigui goccia a goccia controllato dal sistema di supporto alle decisioni IRRIGA-SMART, soluzione digitale in abbonamento incluso per 12 mesi. Spese di trasporto incluse\"}]},{\"@type\":\"WebSite\",\"@id\":\"https:\\\/\\\/www.green-planet.market\\\/#website\",\"url\":\"https:\\\/\\\/www.green-planet.market\\\/\",\"name\":\"3a Green Planet Shop\",\"description\":\"Clima, ambiente e agricoltura sostenibile\",\"publisher\":{\"@id\":\"https:\\\/\\\/www.green-planet.market\\\/#organization\"},\"potentialAction\":[{\"@type\":\"SearchAction\",\"target\":{\"@type\":\"EntryPoint\",\"urlTemplate\":\"https:\\\/\\\/www.green-planet.market\\\/?s={search_term_string}\"},\"query-input\":{\"@type\":\"PropertyValueSpecification\",\"valueRequired\":true,\"valueName\":\"search_term_string\"}}],\"inLanguage\":\"tr\"},{\"@type\":\"Organization\",\"@id\":\"https:\\\/\\\/www.green-planet.market\\\/#organization\",\"name\":\"3a Green Planet Shop\",\"url\":\"https:\\\/\\\/www.green-planet.market\\\/\",\"logo\":{\"@type\":\"ImageObject\",\"inLanguage\":\"tr\",\"@id\":\"https:\\\/\\\/www.green-planet.market\\\/#\\\/schema\\\/logo\\\/image\\\/\",\"url\":\"https:\\\/\\\/www.green-planet.market\\\/wp-content\\\/uploads\\\/2022\\\/06\\\/3a_shop_colorato.png\",\"contentUrl\":\"https:\\\/\\\/www.green-planet.market\\\/wp-content\\\/uploads\\\/2022\\\/06\\\/3a_shop_colorato.png\",\"width\":150,\"height\":105,\"caption\":\"3a Green Planet Shop\"},\"image\":{\"@id\":\"https:\\\/\\\/www.green-planet.market\\\/#\\\/schema\\\/logo\\\/image\\\/\"}}]}<\/script>\n<!-- \/ Yoast SEO plugin. -->","yoast_head_json":{"title":"UNITA' DI CONTROLLO per 6\/12 settori irrigui goccia a goccia controllato dal sistema di supporto alle decisioni IRRIGA-SMART, soluzione digitale in abbonamento incluso per 12 mesi. Spese di trasporto incluse - 3a Green Planet Shop","description":"IRRIGA-SMART \u00e8 un sistema intelligente per l'irrigazione. Stima il fabbisogno irriguo (DSS - Sistema di Supporto alle Decisioni), e controlla l'impianto goggia a goccia. Risponde ai requisiti PAC 2023-2027 ACA24 \u00a0 Pratiche agricoltura di precisione e SRD02 Investimenti produttivi agricoli","robots":{"index":"index","follow":"follow","max-snippet":"max-snippet:-1","max-image-preview":"max-image-preview:large","max-video-preview":"max-video-preview:-1"},"canonical":"https:\/\/www.green-planet.market\/tr\/urun\/unita-di-controllo-per-6-settori-irrigui-goccia-a-goccia-controllato-dal-sistema-di-supporto-alle-decisioni-irriga-smart-soluzione-digitale-in-abbonamento-incluso-per-12-mesi-spese-di-trasporto-in\/","og_locale":"tr_TR","og_type":"article","og_title":"UNITA' DI CONTROLLO per 6\/12 settori irrigui goccia a goccia controllato dal sistema di supporto alle decisioni IRRIGA-SMART, soluzione digitale in abbonamento incluso per 12 mesi. Spese di trasporto incluse - 3a Green Planet Shop","og_description":"IRRIGA-SMART \u00e8 un sistema intelligente per l'irrigazione. Stima il fabbisogno irriguo (DSS - Sistema di Supporto alle Decisioni), e controlla l'impianto goggia a goccia. Risponde ai requisiti PAC 2023-2027 ACA24 \u00a0 Pratiche agricoltura di precisione e SRD02 Investimenti produttivi agricoli","og_url":"https:\/\/www.green-planet.market\/tr\/urun\/unita-di-controllo-per-6-settori-irrigui-goccia-a-goccia-controllato-dal-sistema-di-supporto-alle-decisioni-irriga-smart-soluzione-digitale-in-abbonamento-incluso-per-12-mesi-spese-di-trasporto-in\/","og_site_name":"3a Green Planet Shop","article_modified_time":"2026-02-05T16:54:41+00:00","og_image":[{"width":800,"height":1198,"url":"https:\/\/www.green-planet.market\/wp-content\/uploads\/2023\/02\/img-e1681918708887.jpg","type":"image\/jpeg"}],"twitter_card":"summary_large_image","twitter_misc":{"Tahmini okuma s\u00fcresi":"3 dakika"},"schema":{"@context":"https:\/\/schema.org","@graph":[{"@type":"WebPage","@id":"https:\/\/www.green-planet.market\/tr\/urun\/unita-di-controllo-per-6-settori-irrigui-goccia-a-goccia-controllato-dal-sistema-di-supporto-alle-decisioni-irriga-smart-soluzione-digitale-in-abbonamento-incluso-per-12-mesi-spese-di-trasporto-in\/","url":"https:\/\/www.green-planet.market\/tr\/urun\/unita-di-controllo-per-6-settori-irrigui-goccia-a-goccia-controllato-dal-sistema-di-supporto-alle-decisioni-irriga-smart-soluzione-digitale-in-abbonamento-incluso-per-12-mesi-spese-di-trasporto-in\/","name":"UNITA' DI CONTROLLO per 6\/12 settori irrigui goccia a goccia controllato dal sistema di supporto alle decisioni IRRIGA-SMART, soluzione digitale in abbonamento incluso per 12 mesi. Spese di trasporto incluse - 3a Green Planet Shop","isPartOf":{"@id":"https:\/\/www.green-planet.market\/#website"},"primaryImageOfPage":{"@id":"https:\/\/www.green-planet.market\/tr\/urun\/unita-di-controllo-per-6-settori-irrigui-goccia-a-goccia-controllato-dal-sistema-di-supporto-alle-decisioni-irriga-smart-soluzione-digitale-in-abbonamento-incluso-per-12-mesi-spese-di-trasporto-in\/#primaryimage"},"image":{"@id":"https:\/\/www.green-planet.market\/tr\/urun\/unita-di-controllo-per-6-settori-irrigui-goccia-a-goccia-controllato-dal-sistema-di-supporto-alle-decisioni-irriga-smart-soluzione-digitale-in-abbonamento-incluso-per-12-mesi-spese-di-trasporto-in\/#primaryimage"},"thumbnailUrl":"https:\/\/www.green-planet.market\/wp-content\/uploads\/2023\/02\/img-e1681918708887.jpg","datePublished":"2026-02-05T16:48:48+00:00","dateModified":"2026-02-05T16:54:41+00:00","description":"IRRIGA-SMART \u00e8 un sistema intelligente per l'irrigazione. Stima il fabbisogno irriguo (DSS - Sistema di Supporto alle Decisioni), e controlla l'impianto goggia a goccia. Risponde ai requisiti PAC 2023-2027 ACA24 \u00a0 Pratiche agricoltura di precisione e SRD02 Investimenti produttivi agricoli","breadcrumb":{"@id":"https:\/\/www.green-planet.market\/tr\/urun\/unita-di-controllo-per-6-settori-irrigui-goccia-a-goccia-controllato-dal-sistema-di-supporto-alle-decisioni-irriga-smart-soluzione-digitale-in-abbonamento-incluso-per-12-mesi-spese-di-trasporto-in\/#breadcrumb"},"inLanguage":"tr","potentialAction":[{"@type":"ReadAction","target":["https:\/\/www.green-planet.market\/tr\/urun\/unita-di-controllo-per-6-settori-irrigui-goccia-a-goccia-controllato-dal-sistema-di-supporto-alle-decisioni-irriga-smart-soluzione-digitale-in-abbonamento-incluso-per-12-mesi-spese-di-trasporto-in\/"]}]},{"@type":"ImageObject","inLanguage":"tr","@id":"https:\/\/www.green-planet.market\/tr\/urun\/unita-di-controllo-per-6-settori-irrigui-goccia-a-goccia-controllato-dal-sistema-di-supporto-alle-decisioni-irriga-smart-soluzione-digitale-in-abbonamento-incluso-per-12-mesi-spese-di-trasporto-in\/#primaryimage","url":"https:\/\/www.green-planet.market\/wp-content\/uploads\/2023\/02\/img-e1681918708887.jpg","contentUrl":"https:\/\/www.green-planet.market\/wp-content\/uploads\/2023\/02\/img-e1681918708887.jpg","width":800,"height":1198},{"@type":"BreadcrumbList","@id":"https:\/\/www.green-planet.market\/tr\/urun\/unita-di-controllo-per-6-settori-irrigui-goccia-a-goccia-controllato-dal-sistema-di-supporto-alle-decisioni-irriga-smart-soluzione-digitale-in-abbonamento-incluso-per-12-mesi-spese-di-trasporto-in\/#breadcrumb","itemListElement":[{"@type":"ListItem","position":1,"name":"Home","item":"https:\/\/www.green-planet.market\/"},{"@type":"ListItem","position":2,"name":"Shop","item":"https:\/\/www.green-planet.market\/"},{"@type":"ListItem","position":3,"name":"UNITA&#8217; DI CONTROLLO per 6\/12 settori irrigui goccia a goccia controllato dal sistema di supporto alle decisioni IRRIGA-SMART, soluzione digitale in abbonamento incluso per 12 mesi. Spese di trasporto incluse"}]},{"@type":"WebSite","@id":"https:\/\/www.green-planet.market\/#website","url":"https:\/\/www.green-planet.market\/","name":"3a Green Planet Shop","description":"Clima, ambiente e agricoltura sostenibile","publisher":{"@id":"https:\/\/www.green-planet.market\/#organization"},"potentialAction":[{"@type":"SearchAction","target":{"@type":"EntryPoint","urlTemplate":"https:\/\/www.green-planet.market\/?s={search_term_string}"},"query-input":{"@type":"PropertyValueSpecification","valueRequired":true,"valueName":"search_term_string"}}],"inLanguage":"tr"},{"@type":"Organization","@id":"https:\/\/www.green-planet.market\/#organization","name":"3a Green Planet Shop","url":"https:\/\/www.green-planet.market\/","logo":{"@type":"ImageObject","inLanguage":"tr","@id":"https:\/\/www.green-planet.market\/#\/schema\/logo\/image\/","url":"https:\/\/www.green-planet.market\/wp-content\/uploads\/2022\/06\/3a_shop_colorato.png","contentUrl":"https:\/\/www.green-planet.market\/wp-content\/uploads\/2022\/06\/3a_shop_colorato.png","width":150,"height":105,"caption":"3a Green Planet Shop"},"image":{"@id":"https:\/\/www.green-planet.market\/#\/schema\/logo\/image\/"}}]}},"_links":{"self":[{"href":"https:\/\/www.green-planet.market\/tr\/wp-json\/wp\/v2\/product\/11184","targetHints":{"allow":["GET"]}}],"collection":[{"href":"https:\/\/www.green-planet.market\/tr\/wp-json\/wp\/v2\/product"}],"about":[{"href":"https:\/\/www.green-planet.market\/tr\/wp-json\/wp\/v2\/types\/product"}],"wp:featuredmedia":[{"embeddable":true,"href":"https:\/\/www.green-planet.market\/tr\/wp-json\/wp\/v2\/media\/10410"}],"wp:attachment":[{"href":"https:\/\/www.green-planet.market\/tr\/wp-json\/wp\/v2\/media?parent=11184"}],"wp:term":[{"taxonomy":"product_brand","embeddable":true,"href":"https:\/\/www.green-planet.market\/tr\/wp-json\/wp\/v2\/product_brand?post=11184"},{"taxonomy":"product_cat","embeddable":true,"href":"https:\/\/www.green-planet.market\/tr\/wp-json\/wp\/v2\/product_cat?post=11184"},{"taxonomy":"product_tag","embeddable":true,"href":"https:\/\/www.green-planet.market\/tr\/wp-json\/wp\/v2\/product_tag?post=11184"}],"curies":[{"name":"wp","href":"https:\/\/api.w.org\/{rel}","templated":true}]}}