{"id":10352,"date":"2023-05-03T12:01:50","date_gmt":"2023-05-03T10:01:50","guid":{"rendered":"https:\/\/www.green-planet.market\/?post_type=product&#038;p=10352"},"modified":"2023-12-04T14:30:39","modified_gmt":"2023-12-04T13:30:39","slug":"aca24-pac-2023-2027-dss-irriga-smart-soluzione-digitale-in-abbonamento-annuale","status":"publish","type":"product","link":"https:\/\/www.green-planet.market\/tr\/urun\/aca24-pac-2023-2027-dss-irriga-smart-soluzione-digitale-in-abbonamento-annuale\/","title":{"rendered":"ACA24 EYLEM 3 PAC 2023-2027 DSS IRRIGA-SMART Y\u0131ll\u0131k abonelik dijital \u00e7\u00f6z\u00fcm\n540,00 \u20ac KDV hari\u00e7"},"content":{"rendered":"<p><strong>Consente di ottemperare ai requisiti previsti da: <\/strong><strong>INTERVENTO PAC 2023-2027 ACA24\u00a0 Pratiche agricoltura di precisione <\/strong>\u25a0<strong> Irrigazione di precisione.<\/strong><\/p>\n<p>La proposta include il DSS IRRIGA-SMART studiato per la stima dei fabbisogni irrigui delle colture e la gestione dell&#8217;irrigazione di settori irrigui configurabili direttamente dall&#8217;utente. L&#8217;abbonamento dura 12 mesi dall&#8217;acquisto.<\/p>\n<p><strong>DSS IRRIGA-SMART<\/strong> \u00e8 un sistema intelligente di controllo e automazione degli impianti d\u2019irrigazione che risponde all\u2019esigenza di un\u2019agricoltura sempre pi\u00f9 attenta alla gestione dei volumi d\u2019acqua erogati al fine di aumentare l\u2019efficienza dei consumi idrici ed energetici e quindi abbattere i costi aziendali e l\u2019impatto sull\u2019ambiente.<\/p>\n<p><a href=\"https:\/\/www.green-planet.market\/wp-content\/uploads\/2023\/04\/GraficoCruscotto_IS-1.png\"><img decoding=\"async\" class=\"lazyload alignnone size-medium wp-image-10401\" src=\"https:\/\/www.green-planet.market\/wp-content\/uploads\/2023\/04\/GraficoCruscotto_IS-1-300x169.png\" data-orig-src=\"https:\/\/www.green-planet.market\/wp-content\/uploads\/2023\/04\/GraficoCruscotto_IS-1-300x169.png\" alt=\"\" width=\"300\" height=\"169\" srcset=\"data:image\/svg+xml,%3Csvg%20xmlns%3D%27http%3A%2F%2Fwww.w3.org%2F2000%2Fsvg%27%20width%3D%27300%27%20height%3D%27169%27%20viewBox%3D%270%200%20300%20169%27%3E%3Crect%20width%3D%27300%27%20height%3D%27169%27%20fill-opacity%3D%220%22%2F%3E%3C%2Fsvg%3E\" data-srcset=\"https:\/\/www.green-planet.market\/wp-content\/uploads\/2023\/04\/GraficoCruscotto_IS-1-18x10.png 18w, https:\/\/www.green-planet.market\/wp-content\/uploads\/2023\/04\/GraficoCruscotto_IS-1-200x112.png 200w, https:\/\/www.green-planet.market\/wp-content\/uploads\/2023\/04\/GraficoCruscotto_IS-1-300x169.png 300w, https:\/\/www.green-planet.market\/wp-content\/uploads\/2023\/04\/GraficoCruscotto_IS-1-400x225.png 400w, https:\/\/www.green-planet.market\/wp-content\/uploads\/2023\/04\/GraficoCruscotto_IS-1-500x281.png 500w, https:\/\/www.green-planet.market\/wp-content\/uploads\/2023\/04\/GraficoCruscotto_IS-1-600x337.png 600w, https:\/\/www.green-planet.market\/wp-content\/uploads\/2023\/04\/GraficoCruscotto_IS-1-700x394.png 700w, https:\/\/www.green-planet.market\/wp-content\/uploads\/2023\/04\/GraficoCruscotto_IS-1-768x432.png 768w, https:\/\/www.green-planet.market\/wp-content\/uploads\/2023\/04\/GraficoCruscotto_IS-1-800x450.png 800w, https:\/\/www.green-planet.market\/wp-content\/uploads\/2023\/04\/GraficoCruscotto_IS-1-1024x576.png 1024w, https:\/\/www.green-planet.market\/wp-content\/uploads\/2023\/04\/GraficoCruscotto_IS-1-1200x675.png 1200w, https:\/\/www.green-planet.market\/wp-content\/uploads\/2023\/04\/GraficoCruscotto_IS-1-1536x864.png 1536w, https:\/\/www.green-planet.market\/wp-content\/uploads\/2023\/04\/GraficoCruscotto_IS-1.png 1599w\" data-sizes=\"auto\" data-orig-sizes=\"(max-width: 300px) 100vw, 300px\" \/><\/a><\/p>\n<p class=\"translation-block\">Kontrol sistemi, \u00e7iftlikte veya yak\u0131nlarda kurulu bir veya daha fazla istasyon taraf\u0131ndan kaydedilen meteorolojik verileri i\u015fleyen bir toprak su dengesi modeli kullanarak su i\u00e7eri\u011fini g\u00fcnl\u00fck olarak tahmin eder. Kullan\u0131c\u0131n\u0131n ula\u015fmak istedi\u011fi hedefe ba\u011fl\u0131 olarak, bitki i\u00e7in mevcut su y\u00fczdesini temsil eden haz\u0131r rezerv t\u00fckendi\u011finde sulama m\u00fcdahalesi \u00f6nerilir. Yap\u0131land\u0131rma a\u015famas\u0131nda, \u00fcr\u00fcnlerin ihtiya\u00e7lar\u0131na ve benimsemek istedi\u011fi stratejiye g\u00f6re minimum sulama m\u00fcdahalesi e\u015fi\u011fini ve maksimum sulama e\u015fi\u011fini se\u00e7en kullan\u0131c\u0131d\u0131r.<\/p>\n<p class=\"translation-block\">Sulama hacmi ve sulama yolu gibi parametreleri de\u011ferlendirirken, model ger\u00e7ek \u0131slat\u0131lm\u0131\u015f alan\u0131 veya daha kesin bir ifadeyle, \u00fcr\u00fcn i\u00e7in ger\u00e7ekten bir su rezervuar\u0131 g\u00f6revi g\u00f6ren toprak hacmini dikkate al\u0131r.<\/p>\n<p>L&#8217;abbonamento ha durata di 12 mesi dall&#8217;acquisto. Se utilizzato in abbianamento con l&#8217;<em><strong><a href=\"https:\/\/www.green-planet.market\/tr\/urun\/pac-2023-2027-aca24-srd02-dss-irriga-smart-unita-di-controllo-di-impianti-irrigui-a-goccia-soluzione-digitale-in-abbonamento-annuale-investimento-produttivo-agricolo-per-ambiente-e-clima\/\" target=\"_blank\" rel=\"noopener\">Unit\u00e0 di controllo IRRIGA-SMART<\/a><\/strong><\/em>, consente di controllare un impianto goccia a goccia per 6 settori irrigui.<\/p>\n<p><a href=\"https:\/\/www.green-planet.market\/wp-content\/uploads\/2023\/04\/IrrigaDashboard-1.png\"><img decoding=\"async\" class=\"lazyload alignnone size-medium wp-image-10383\" src=\"https:\/\/www.green-planet.market\/wp-content\/uploads\/2023\/04\/IrrigaDashboard-1-173x300.png\" data-orig-src=\"https:\/\/www.green-planet.market\/wp-content\/uploads\/2023\/04\/IrrigaDashboard-1-173x300.png\" alt=\"\" width=\"173\" height=\"300\" srcset=\"data:image\/svg+xml,%3Csvg%20xmlns%3D%27http%3A%2F%2Fwww.w3.org%2F2000%2Fsvg%27%20width%3D%27173%27%20height%3D%27300%27%20viewBox%3D%270%200%20173%20300%27%3E%3Crect%20width%3D%27173%27%20height%3D%27300%27%20fill-opacity%3D%220%22%2F%3E%3C%2Fsvg%3E\" data-srcset=\"https:\/\/www.green-planet.market\/wp-content\/uploads\/2023\/04\/IrrigaDashboard-1-7x12.png 7w, https:\/\/www.green-planet.market\/wp-content\/uploads\/2023\/04\/IrrigaDashboard-1-173x300.png 173w, https:\/\/www.green-planet.market\/wp-content\/uploads\/2023\/04\/IrrigaDashboard-1-200x346.png 200w, https:\/\/www.green-planet.market\/wp-content\/uploads\/2023\/04\/IrrigaDashboard-1.png 296w\" data-sizes=\"auto\" data-orig-sizes=\"(max-width: 173px) 100vw, 173px\" \/><\/a>\u00a0 <a href=\"https:\/\/www.green-planet.market\/wp-content\/uploads\/2023\/02\/img-e1681918708887.jpg\"><img decoding=\"async\" class=\"lazyload alignnone size-medium wp-image-10410\" src=\"https:\/\/www.green-planet.market\/wp-content\/uploads\/2023\/02\/img-e1681918708887-200x300.jpg\" data-orig-src=\"https:\/\/www.green-planet.market\/wp-content\/uploads\/2023\/02\/img-e1681918708887-200x300.jpg\" alt=\"\" width=\"200\" height=\"300\" srcset=\"data:image\/svg+xml,%3Csvg%20xmlns%3D%27http%3A%2F%2Fwww.w3.org%2F2000%2Fsvg%27%20width%3D%27200%27%20height%3D%27300%27%20viewBox%3D%270%200%20200%20300%27%3E%3Crect%20width%3D%27200%27%20height%3D%27300%27%20fill-opacity%3D%220%22%2F%3E%3C%2Fsvg%3E\" data-srcset=\"https:\/\/www.green-planet.market\/wp-content\/uploads\/2023\/02\/img-e1681918708887-8x12.jpg 8w, https:\/\/www.green-planet.market\/wp-content\/uploads\/2023\/02\/img-e1681918708887-200x300.jpg 200w, https:\/\/www.green-planet.market\/wp-content\/uploads\/2023\/02\/img-e1681918708887-400x599.jpg 400w, https:\/\/www.green-planet.market\/wp-content\/uploads\/2023\/02\/img-e1681918708887-500x749.jpg 500w, https:\/\/www.green-planet.market\/wp-content\/uploads\/2023\/02\/img-e1681918708887-600x899.jpg 600w, https:\/\/www.green-planet.market\/wp-content\/uploads\/2023\/02\/img-e1681918708887-684x1024.jpg 684w, https:\/\/www.green-planet.market\/wp-content\/uploads\/2023\/02\/img-e1681918708887-700x1048.jpg 700w, https:\/\/www.green-planet.market\/wp-content\/uploads\/2023\/02\/img-e1681918708887-768x1150.jpg 768w, https:\/\/www.green-planet.market\/wp-content\/uploads\/2023\/02\/img-e1681918708887.jpg 800w\" data-sizes=\"auto\" data-orig-sizes=\"(max-width: 200px) 100vw, 200px\" \/><\/a><\/p>","protected":false},"excerpt":{"rendered":"<p><a href=\"https:\/\/www.green-planet.market\/wp-content\/uploads\/2023\/04\/Irriga-Smart_210x297_it.pdf\">Bro\u015f\u00fcr\u00fc indirin<\/a><\/p>\n<p>IRRIGA-SMART \u00e8 un sistema intelligente di stima del fabbisogno irriguo (DSS), e di controllo e automazione degli impianti d\u2019irrigazione. Risponde all\u2019esigenza di un\u2019agricoltura sempre pi\u00f9 attenta alla gestione dei volumi d\u2019acqua erogati al fine di aumentare l\u2019efficienza dei consumi idrici ed energetici e quindi abbattere i costi aziendali e l\u2019impatto sull\u2019ambiente. Nel valutare parametri come il volume di adacquamento e il turno irriguo, il modello tiene conto dell\u2019area effettivamente bagnata, o pi\u00f9 precisamente del volume di terreno che svolge effettivamente la funzione di serbatoio idrico per la coltura.<\/p>\n<p>L&#8217;abbonamento ha durata di 12 mesi dall&#8217;acquisto. Se utilizzato in abbianamento con l&#8217;<a href=\"https:\/\/www.green-planet.market\/tr\/urun\/installazione-unita-di-controllo-irriga-smart\/\">Unit\u00e0 di controllo IRRIGA-SMART<\/a>, consente di controllare un impianto goccia a goccia per 6 settori irrigui.<\/p>","protected":false},"featured_media":10604,"template":"","meta":{"_acf_changed":false},"product_brand":[],"product_cat":[44],"product_tag":[],"class_list":{"0":"post-10352","1":"product","2":"type-product","3":"status-publish","4":"has-post-thumbnail","6":"product_cat-senza-categoria","8":"first","9":"instock","10":"virtual","11":"taxable","12":"purchasable","13":"product-type-simple"},"acf":[],"yoast_head":"<!-- This site is optimized with the Yoast SEO plugin v27.5 - https:\/\/yoast.com\/product\/yoast-seo-wordpress\/ -->\n<title>ACA24 AZIONE 3 PAC 2023-2027 DSS IRRIGA-SMART Soluzione digitale in abbonamento annuale - 3a Green Planet Shop<\/title>\n<meta name=\"description\" content=\"IRRIGA-SMART \u00e8 un sistema intelligente per l&#039;irrigazione. Stima il fabbisogno irriguo (DSS - Sistema di Supporto alle Decisioni), e controlla l&#039;impianto goggia a goccia. Risponde ai requisiti PAC 2023-2027 ACA24 \u00a0 Pratiche agricoltura di precisione e SRD02 Investimenti produttivi agricoli\" \/>\n<meta name=\"robots\" content=\"index, follow, max-snippet:-1, max-image-preview:large, max-video-preview:-1\" \/>\n<link rel=\"canonical\" href=\"https:\/\/www.green-planet.market\/tr\/urun\/aca24-pac-2023-2027-dss-irriga-smart-soluzione-digitale-in-abbonamento-annuale\/\" \/>\n<meta property=\"og:locale\" content=\"tr_TR\" \/>\n<meta property=\"og:type\" content=\"article\" \/>\n<meta property=\"og:title\" content=\"ACA24 AZIONE 3 PAC 2023-2027 DSS IRRIGA-SMART Soluzione digitale in abbonamento annuale - 3a Green Planet Shop\" \/>\n<meta property=\"og:description\" content=\"IRRIGA-SMART \u00e8 un sistema intelligente per l&#039;irrigazione. Stima il fabbisogno irriguo (DSS - Sistema di Supporto alle Decisioni), e controlla l&#039;impianto goggia a goccia. Risponde ai requisiti PAC 2023-2027 ACA24 \u00a0 Pratiche agricoltura di precisione e SRD02 Investimenti produttivi agricoli\" \/>\n<meta property=\"og:url\" content=\"https:\/\/www.green-planet.market\/tr\/urun\/aca24-pac-2023-2027-dss-irriga-smart-soluzione-digitale-in-abbonamento-annuale\/\" \/>\n<meta property=\"og:site_name\" content=\"3a Green Planet Shop\" \/>\n<meta property=\"article:modified_time\" content=\"2023-12-04T13:30:39+00:00\" \/>\n<meta property=\"og:image\" content=\"https:\/\/www.green-planet.market\/wp-content\/uploads\/2023\/01\/irriga6.jpg\" \/>\n\t<meta property=\"og:image:width\" content=\"338\" \/>\n\t<meta property=\"og:image:height\" content=\"339\" \/>\n\t<meta property=\"og:image:type\" content=\"image\/jpeg\" \/>\n<meta name=\"twitter:card\" content=\"summary_large_image\" \/>\n<meta name=\"twitter:label1\" content=\"Tahmini okuma s\u00fcresi\" \/>\n\t<meta name=\"twitter:data1\" content=\"2 dakika\" \/>\n<script type=\"application\/ld+json\" class=\"yoast-schema-graph\">{\"@context\":\"https:\\\/\\\/schema.org\",\"@graph\":[{\"@type\":\"WebPage\",\"@id\":\"https:\\\/\\\/www.green-planet.market\\\/prodotto\\\/aca24-pac-2023-2027-dss-irriga-smart-soluzione-digitale-in-abbonamento-annuale\\\/\",\"url\":\"https:\\\/\\\/www.green-planet.market\\\/prodotto\\\/aca24-pac-2023-2027-dss-irriga-smart-soluzione-digitale-in-abbonamento-annuale\\\/\",\"name\":\"ACA24 AZIONE 3 PAC 2023-2027 DSS IRRIGA-SMART Soluzione digitale in abbonamento annuale - 3a Green Planet Shop\",\"isPartOf\":{\"@id\":\"https:\\\/\\\/www.green-planet.market\\\/#website\"},\"primaryImageOfPage\":{\"@id\":\"https:\\\/\\\/www.green-planet.market\\\/prodotto\\\/aca24-pac-2023-2027-dss-irriga-smart-soluzione-digitale-in-abbonamento-annuale\\\/#primaryimage\"},\"image\":{\"@id\":\"https:\\\/\\\/www.green-planet.market\\\/prodotto\\\/aca24-pac-2023-2027-dss-irriga-smart-soluzione-digitale-in-abbonamento-annuale\\\/#primaryimage\"},\"thumbnailUrl\":\"https:\\\/\\\/www.green-planet.market\\\/wp-content\\\/uploads\\\/2023\\\/01\\\/irriga6.jpg\",\"datePublished\":\"2023-05-03T10:01:50+00:00\",\"dateModified\":\"2023-12-04T13:30:39+00:00\",\"description\":\"IRRIGA-SMART \u00e8 un sistema intelligente per l'irrigazione. Stima il fabbisogno irriguo (DSS - Sistema di Supporto alle Decisioni), e controlla l'impianto goggia a goccia. Risponde ai requisiti PAC 2023-2027 ACA24 \u00a0 Pratiche agricoltura di precisione e SRD02 Investimenti produttivi agricoli\",\"breadcrumb\":{\"@id\":\"https:\\\/\\\/www.green-planet.market\\\/prodotto\\\/aca24-pac-2023-2027-dss-irriga-smart-soluzione-digitale-in-abbonamento-annuale\\\/#breadcrumb\"},\"inLanguage\":\"tr\",\"potentialAction\":[{\"@type\":\"ReadAction\",\"target\":[\"https:\\\/\\\/www.green-planet.market\\\/prodotto\\\/aca24-pac-2023-2027-dss-irriga-smart-soluzione-digitale-in-abbonamento-annuale\\\/\"]}]},{\"@type\":\"ImageObject\",\"inLanguage\":\"tr\",\"@id\":\"https:\\\/\\\/www.green-planet.market\\\/prodotto\\\/aca24-pac-2023-2027-dss-irriga-smart-soluzione-digitale-in-abbonamento-annuale\\\/#primaryimage\",\"url\":\"https:\\\/\\\/www.green-planet.market\\\/wp-content\\\/uploads\\\/2023\\\/01\\\/irriga6.jpg\",\"contentUrl\":\"https:\\\/\\\/www.green-planet.market\\\/wp-content\\\/uploads\\\/2023\\\/01\\\/irriga6.jpg\",\"width\":338,\"height\":339,\"caption\":\"Water saving drip irrigation system being used in a Blueberry field.\"},{\"@type\":\"BreadcrumbList\",\"@id\":\"https:\\\/\\\/www.green-planet.market\\\/prodotto\\\/aca24-pac-2023-2027-dss-irriga-smart-soluzione-digitale-in-abbonamento-annuale\\\/#breadcrumb\",\"itemListElement\":[{\"@type\":\"ListItem\",\"position\":1,\"name\":\"Home\",\"item\":\"https:\\\/\\\/www.green-planet.market\\\/\"},{\"@type\":\"ListItem\",\"position\":2,\"name\":\"Shop\",\"item\":\"https:\\\/\\\/www.green-planet.market\\\/\"},{\"@type\":\"ListItem\",\"position\":3,\"name\":\"ACA24 AZIONE 3 PAC 2023-2027 DSS IRRIGA-SMART Soluzione digitale in abbonamento annuale\"}]},{\"@type\":\"WebSite\",\"@id\":\"https:\\\/\\\/www.green-planet.market\\\/#website\",\"url\":\"https:\\\/\\\/www.green-planet.market\\\/\",\"name\":\"3a Green Planet Shop\",\"description\":\"Clima, ambiente e agricoltura sostenibile\",\"publisher\":{\"@id\":\"https:\\\/\\\/www.green-planet.market\\\/#organization\"},\"potentialAction\":[{\"@type\":\"SearchAction\",\"target\":{\"@type\":\"EntryPoint\",\"urlTemplate\":\"https:\\\/\\\/www.green-planet.market\\\/?s={search_term_string}\"},\"query-input\":{\"@type\":\"PropertyValueSpecification\",\"valueRequired\":true,\"valueName\":\"search_term_string\"}}],\"inLanguage\":\"tr\"},{\"@type\":\"Organization\",\"@id\":\"https:\\\/\\\/www.green-planet.market\\\/#organization\",\"name\":\"3a Green Planet Shop\",\"url\":\"https:\\\/\\\/www.green-planet.market\\\/\",\"logo\":{\"@type\":\"ImageObject\",\"inLanguage\":\"tr\",\"@id\":\"https:\\\/\\\/www.green-planet.market\\\/#\\\/schema\\\/logo\\\/image\\\/\",\"url\":\"https:\\\/\\\/www.green-planet.market\\\/wp-content\\\/uploads\\\/2022\\\/06\\\/3a_shop_colorato.png\",\"contentUrl\":\"https:\\\/\\\/www.green-planet.market\\\/wp-content\\\/uploads\\\/2022\\\/06\\\/3a_shop_colorato.png\",\"width\":150,\"height\":105,\"caption\":\"3a Green Planet Shop\"},\"image\":{\"@id\":\"https:\\\/\\\/www.green-planet.market\\\/#\\\/schema\\\/logo\\\/image\\\/\"}}]}<\/script>\n<!-- \/ Yoast SEO plugin. -->","yoast_head_json":{"title":"ACA24 AZIONE 3 PAC 2023-2027 DSS IRRIGA-SMART Soluzione digitale in abbonamento annuale - 3a Green Planet Shop","description":"IRRIGA-SMART \u00e8 un sistema intelligente per l'irrigazione. Stima il fabbisogno irriguo (DSS - Sistema di Supporto alle Decisioni), e controlla l'impianto goggia a goccia. Risponde ai requisiti PAC 2023-2027 ACA24 \u00a0 Pratiche agricoltura di precisione e SRD02 Investimenti produttivi agricoli","robots":{"index":"index","follow":"follow","max-snippet":"max-snippet:-1","max-image-preview":"max-image-preview:large","max-video-preview":"max-video-preview:-1"},"canonical":"https:\/\/www.green-planet.market\/tr\/urun\/aca24-pac-2023-2027-dss-irriga-smart-soluzione-digitale-in-abbonamento-annuale\/","og_locale":"tr_TR","og_type":"article","og_title":"ACA24 AZIONE 3 PAC 2023-2027 DSS IRRIGA-SMART Soluzione digitale in abbonamento annuale - 3a Green Planet Shop","og_description":"IRRIGA-SMART \u00e8 un sistema intelligente per l'irrigazione. Stima il fabbisogno irriguo (DSS - Sistema di Supporto alle Decisioni), e controlla l'impianto goggia a goccia. Risponde ai requisiti PAC 2023-2027 ACA24 \u00a0 Pratiche agricoltura di precisione e SRD02 Investimenti produttivi agricoli","og_url":"https:\/\/www.green-planet.market\/tr\/urun\/aca24-pac-2023-2027-dss-irriga-smart-soluzione-digitale-in-abbonamento-annuale\/","og_site_name":"3a Green Planet Shop","article_modified_time":"2023-12-04T13:30:39+00:00","og_image":[{"width":338,"height":339,"url":"https:\/\/www.green-planet.market\/wp-content\/uploads\/2023\/01\/irriga6.jpg","type":"image\/jpeg"}],"twitter_card":"summary_large_image","twitter_misc":{"Tahmini okuma s\u00fcresi":"2 dakika"},"schema":{"@context":"https:\/\/schema.org","@graph":[{"@type":"WebPage","@id":"https:\/\/www.green-planet.market\/prodotto\/aca24-pac-2023-2027-dss-irriga-smart-soluzione-digitale-in-abbonamento-annuale\/","url":"https:\/\/www.green-planet.market\/prodotto\/aca24-pac-2023-2027-dss-irriga-smart-soluzione-digitale-in-abbonamento-annuale\/","name":"ACA24 AZIONE 3 PAC 2023-2027 DSS IRRIGA-SMART Soluzione digitale in abbonamento annuale - 3a Green Planet Shop","isPartOf":{"@id":"https:\/\/www.green-planet.market\/#website"},"primaryImageOfPage":{"@id":"https:\/\/www.green-planet.market\/prodotto\/aca24-pac-2023-2027-dss-irriga-smart-soluzione-digitale-in-abbonamento-annuale\/#primaryimage"},"image":{"@id":"https:\/\/www.green-planet.market\/prodotto\/aca24-pac-2023-2027-dss-irriga-smart-soluzione-digitale-in-abbonamento-annuale\/#primaryimage"},"thumbnailUrl":"https:\/\/www.green-planet.market\/wp-content\/uploads\/2023\/01\/irriga6.jpg","datePublished":"2023-05-03T10:01:50+00:00","dateModified":"2023-12-04T13:30:39+00:00","description":"IRRIGA-SMART \u00e8 un sistema intelligente per l'irrigazione. Stima il fabbisogno irriguo (DSS - Sistema di Supporto alle Decisioni), e controlla l'impianto goggia a goccia. Risponde ai requisiti PAC 2023-2027 ACA24 \u00a0 Pratiche agricoltura di precisione e SRD02 Investimenti produttivi agricoli","breadcrumb":{"@id":"https:\/\/www.green-planet.market\/prodotto\/aca24-pac-2023-2027-dss-irriga-smart-soluzione-digitale-in-abbonamento-annuale\/#breadcrumb"},"inLanguage":"tr","potentialAction":[{"@type":"ReadAction","target":["https:\/\/www.green-planet.market\/prodotto\/aca24-pac-2023-2027-dss-irriga-smart-soluzione-digitale-in-abbonamento-annuale\/"]}]},{"@type":"ImageObject","inLanguage":"tr","@id":"https:\/\/www.green-planet.market\/prodotto\/aca24-pac-2023-2027-dss-irriga-smart-soluzione-digitale-in-abbonamento-annuale\/#primaryimage","url":"https:\/\/www.green-planet.market\/wp-content\/uploads\/2023\/01\/irriga6.jpg","contentUrl":"https:\/\/www.green-planet.market\/wp-content\/uploads\/2023\/01\/irriga6.jpg","width":338,"height":339,"caption":"Water saving drip irrigation system being used in a Blueberry field."},{"@type":"BreadcrumbList","@id":"https:\/\/www.green-planet.market\/prodotto\/aca24-pac-2023-2027-dss-irriga-smart-soluzione-digitale-in-abbonamento-annuale\/#breadcrumb","itemListElement":[{"@type":"ListItem","position":1,"name":"Home","item":"https:\/\/www.green-planet.market\/"},{"@type":"ListItem","position":2,"name":"Shop","item":"https:\/\/www.green-planet.market\/"},{"@type":"ListItem","position":3,"name":"ACA24 AZIONE 3 PAC 2023-2027 DSS IRRIGA-SMART Soluzione digitale in abbonamento annuale"}]},{"@type":"WebSite","@id":"https:\/\/www.green-planet.market\/#website","url":"https:\/\/www.green-planet.market\/","name":"3a Green Planet Shop","description":"Clima, ambiente e agricoltura sostenibile","publisher":{"@id":"https:\/\/www.green-planet.market\/#organization"},"potentialAction":[{"@type":"SearchAction","target":{"@type":"EntryPoint","urlTemplate":"https:\/\/www.green-planet.market\/?s={search_term_string}"},"query-input":{"@type":"PropertyValueSpecification","valueRequired":true,"valueName":"search_term_string"}}],"inLanguage":"tr"},{"@type":"Organization","@id":"https:\/\/www.green-planet.market\/#organization","name":"3a Green Planet Shop","url":"https:\/\/www.green-planet.market\/","logo":{"@type":"ImageObject","inLanguage":"tr","@id":"https:\/\/www.green-planet.market\/#\/schema\/logo\/image\/","url":"https:\/\/www.green-planet.market\/wp-content\/uploads\/2022\/06\/3a_shop_colorato.png","contentUrl":"https:\/\/www.green-planet.market\/wp-content\/uploads\/2022\/06\/3a_shop_colorato.png","width":150,"height":105,"caption":"3a Green Planet Shop"},"image":{"@id":"https:\/\/www.green-planet.market\/#\/schema\/logo\/image\/"}}]}},"_links":{"self":[{"href":"https:\/\/www.green-planet.market\/tr\/wp-json\/wp\/v2\/product\/10352","targetHints":{"allow":["GET"]}}],"collection":[{"href":"https:\/\/www.green-planet.market\/tr\/wp-json\/wp\/v2\/product"}],"about":[{"href":"https:\/\/www.green-planet.market\/tr\/wp-json\/wp\/v2\/types\/product"}],"wp:featuredmedia":[{"embeddable":true,"href":"https:\/\/www.green-planet.market\/tr\/wp-json\/wp\/v2\/media\/10604"}],"wp:attachment":[{"href":"https:\/\/www.green-planet.market\/tr\/wp-json\/wp\/v2\/media?parent=10352"}],"wp:term":[{"taxonomy":"product_brand","embeddable":true,"href":"https:\/\/www.green-planet.market\/tr\/wp-json\/wp\/v2\/product_brand?post=10352"},{"taxonomy":"product_cat","embeddable":true,"href":"https:\/\/www.green-planet.market\/tr\/wp-json\/wp\/v2\/product_cat?post=10352"},{"taxonomy":"product_tag","embeddable":true,"href":"https:\/\/www.green-planet.market\/tr\/wp-json\/wp\/v2\/product_tag?post=10352"}],"curies":[{"name":"wp","href":"https:\/\/api.w.org\/{rel}","templated":true}]}}