{"id":9670,"date":"2023-03-01T09:50:53","date_gmt":"2023-03-01T08:50:53","guid":{"rendered":"https:\/\/www.green-planet.market\/?post_type=product&#038;p=9670"},"modified":"2025-03-18T09:42:36","modified_gmt":"2025-03-18T08:42:36","slug":"aca24-pac-2023-2027-dss-green-planet-stazione-meteo-green-planet","status":"publish","type":"product","link":"https:\/\/www.green-planet.market\/it\/prodotto\/aca24-pac-2023-2027-dss-green-planet-stazione-meteo-green-planet\/","title":{"rendered":"ACA24 AZIONE 2  PAC 2023-2027 STAZIONE METEO  CON DSS GREEN PLANET TUTTO INCLUSO FINO AL 2027"},"content":{"rendered":"<p><strong>Consente di ottemperare ai requisiti previsti da <\/strong><strong>ACA24 PAC 2023-2027\u00a0 Pratiche agricoltura di precisione &#8211; Trattamenti fitosanitari<\/strong><\/p>\n<p><strong>IL SERVIZIO COPRE GLI ANNI 2023-2027 E DECADE IL 31\/12\/2027.<\/strong><\/p>\n<p>&nbsp;<\/p>\n<p><strong>La soluzione proposta \u00e8\u00a0 studiata per l&#8217;Azione 2 &#8211; Adozione di tecniche di precisione\u00a0 &#8211; Trattamenti fitosanitari, prevede la fornitura in modalit\u00e0 di servizio, sia della STAZIONE AGROMETEOROLOGICA\u00a0 che del DSS GREEN PLANET (Sistema di supporto alle decisoni) per tutta la durata contrattuale.\u00a0 Il sistema, stazione agrometeorologica e DSS, viene fornito in esclusiva all&#8217;azienda agricola, installando la stazione meteo sul territorio aziendale e poi ritirato a fine servizio. <\/strong><\/p>\n<p><strong>DSS GREEN PLANET\u00a0<\/strong><\/p>\n<p>Consente l&#8217;annotazione e visualizzazione di rilievi di campo ed il coordinamento delle attiv it\u00e0 tecniche. Permette di gestire fino a 10 punti di monitoraggio.<br \/>\nOSSERVAZIONI DI CAMPO. Le schede di registrazione di rilievi ed attivit\u00e0 sono le seguenti:<br \/>\nRilievi fenologici &#8211; Aversit\u00e0 patogeni &#8211; Avversit\u00e0 fitofagi &#8211; Avversit\u00e0 climatiche &#8211; Segnalazioni. Il modulo mette a disposizione le schede per i rilievi di diverse colture: vite, olivo, nocciolo, pero, melo, pesco, albicocco, pruno, ciliegio, kiwi, mais, riso, frumento, orzo, sorgo, erba medica, fagiolo, pomodoro, patata, melone, anguria, zucca, zucchino, mirtillo, lampone, cipolla, peperone, carciofo, avocado, mango, caff\u00e8, cacao.<br \/>\nOSSERVAZIONI SATELLITARI: INDICI VEGETAZIONALI: fino a 25HA, un solo poligono. Gli indici vegetazionali e le mappe di vigoria esprimono il rapporto con cui la clorofilla assorbe ed emette luce in differenti fasce spettrali. Le misure alla base vengono effettuate da una costellazione di satelliti a intervalli regolari. Si tratta di rappresentazioni indicative della quantit\u00e0 di biomassa e della salute della pianta, ma vi sono numerosi indici con utilizzi specifici: stress idrico, quantit\u00e0 di clorofilla, LAI, ecc. PRESCRIZIONI:<br \/>\nArchivio ministeriale dei prodotti fitosanitari<br \/>\nArchivio delle ricette<br \/>\nCreazione e visializzazione di prescrizioni su aree disegnate su Google Map<br \/>\nReport delle operazioni eseguite con dettaglio per Unit\u00e0 territoriale e zona oggetto della prescrizione<br \/>\nReport delle prescrizioni inviate con dettaglio dei device WAPPYGO di destinazione<br \/>\nReport dei trattamenti eseguiti e dei prodotti utilizzati<br \/>\nREGISTRAZIONE DELLE ATTIVITA&#8217;<br \/>\nDati Produzione<br \/>\nCatture Trappole<br \/>\nAnalisi Suolo<br \/>\nOperazioni<br \/>\nIrrigazioni MODELLI FITOPATOLOGICI ED ENTOMOLOGICI. Necessita anche del modulo Meteo e del modulo Agro. La quotazione \u00e8 riferita ai tre moduli integrati Sono presenti modelli fitopatologici e consente anche di elaborare modelli fenologici e MRV per la difesa fitosanitaria dai fitofagi. I modelli fitopatologici attualmente disponibili sono i seguenti:<br \/>\nPlasmopara viticola (Peronospora) &#8211; Vite<br \/>\nUncinola necator (Oidio) &#8211; Vite<br \/>\nPhytophthora infestans (Peronospora) &#8211; Patata e Pomodoro<br \/>\nPyricularia oryzae (Brusone) &#8211; Riso<br \/>\nPseudoperonospora cubensis (Peronospora) &#8211; Cucurbitacee<br \/>\nXanthomonas arboricola pv. Pruni (Maculatura batterica) &#8211; Melo<br \/>\nPowdery Mildew of Cucurbits (Oidio) &#8211; Cucurbitacee<br \/>\nVenturia inaequalis (Cooke) Wint (Ticchiolatura) &#8211; Pomacee<br \/>\nXanthomonas arboricora pv. pruni (Maculatura batterica) \u2013 Drupacee<br \/>\nFusarium verticilloides (Fusariosi del mais) \u2013 Mais<br \/>\nFusarium spp. (Fusariosi del frumento) \u2013 Frumento<\/p>\n<p>Il motore Insetti che presiede all&#8217;elaborazione della modellistica entomologica \u00e8 uno strumento dinamico a base fenologica parametrizzabile per coltura e per fitofago, di facile gestione. I modelli pi\u00f9 utilizzati nella difesa fitosanitaria dai fitofagi sono quelli di tipo \u2018fenologico\u2019 che simulano i tempi di raggiungimento di una certa fase dello sviluppo sulla base della temperatura, ritenuta, in assenza di fattori naturali e artificiali di contenimento, l\u2019elemento di crescita predominante di una specie peciloterme. Per ogni insetto ci potranno essere pi\u00f9 fasi simulate (a seconda degli studi di ricerca in letteratura e dalle caratteristiche dell\u2019insetto).<\/p>\n<p>&nbsp;<\/p>\n<p><strong>STAZIONE METEOROLOGICA GREEN PLANET GRIGIA PLUS<\/strong><\/p>\n<h3>5 sensori (7 misure acquisite) e 3 misure calcolate<\/h3>\n<p>Caratteristiche datalogger, comunicazione e struttura:<\/p>\n<p>Unit\u00e0 di controllo per acquisitore MicroDa. UMTS-LTE<br \/>\nProcessore: CPU ARM Cortex M4 (32 bit) 80Mhz Sistema operativo integrato FreeRTOS<br \/>\nMemoria: 1 MB Flash interna 128 KB SRAM interna 16MB Flash interna per configurazione e memorizzazione dati<br \/>\nMemoria aggiuntiva: memoria \u03bcSD facilmente estraibile per memorizzazione dei dati (tipico 4Gbyte)<br \/>\nDisplay: due righe alfanumeriche 20&#215;2 LCD con joystick di comando<br \/>\nInterfacce di comunicazione: n.1 RS232\/RS485 n.1 RS232 n.1 RS485 n.1 SDI-12 n.1 microUSB Slave<br \/>\nConsumo tipico2mA@12V, temperatura di funzionamento -40 \u00f7 80 \u00b0C<br \/>\nAlloggiamento: box in materiale plastico IP65<br \/>\nStruttura: palo con treppiede e strutture di supporto per i sensori di T\/U, radiazione, precipitazione e vel vento<br \/>\nPannello fotovoltaico da 10W e staffe da palo incluso<\/p>\n<p><strong>Caratteristiche dei sensori:<\/strong><\/p>\n<p><strong>Termometro<\/strong> &#8211; Modello HC2-CP03-ACT-PT13, Caratteristiche PT100, Risoluzione 0.01 \u00b0C, Accuratezza \u00b10.2 \u00b0C, Range Operativo -40 \u00f7 +60 \u00b0C.<br \/>\n<strong>Igrometro<\/strong> &#8211; Modello HC2-CP03-ACT-PT13, Caratteristiche Capacitive, Risoluzione 0.01 %, Accuratezza \u00b1 1.5 %, Range Operativo 0 \u00f7 100% RH.<br \/>\n<strong>Anemometro<\/strong> &#8211; Modello mWs1, Caratteristiche Mulinello di Robinson trasduttore Reed Switch su cuscinetti in bagno d\u2019olio, Risoluzione 0.01 m\/s, Precisione \u00b1 0.01 m\/s (da 0.3 a 16m\/s) \u00b1 0.05 m\/s (&gt; 16m\/s), Range Operativo 0&#8230; &gt;75 m\/s.<br \/>\n<strong>Pluviometro<\/strong> &#8211; Modello T027-TP200N, Caratteristiche Sensore a bascula a doppia vaschetta, Diametro dell\u2019imbuto collettore: 16 cm,<br \/>\nArea di raccolta: 200 cm\u00b2, Risoluzione 0.2 mm, Accuratezza \u00b12% @ 10 \u00f7 70 mm\/h \u00b15% @ 70 \u00f7 150 mm\/h \u00b17% @ 150 \u00f7 200 mm\/h \u00b110% @ 200 \u00f7 300 mm\/h , Range Operativo Illimitato.<br \/>\n<strong>Radiometro solare globale<\/strong> &#8211; Modello RK200-4, Caratteristiche Silicon cell, Risoluzione 300~1100 nm, Accuratezza &lt; \u00a0\u00b13%, 300~1100 nm.<br \/>\n<strong>Temperatura del suolo<\/strong> &#8211; Modello HD3910.1, Caratteristiche NTC 10 k\u2126 @ 25 \u00b0C, Risoluzione 0.1\u00b0C, Accuratezza\u00a0 \u00b1 0.5\u00b0C, Range Operativo -40 \u00f7 +60 \u00b0C.<br \/>\n<strong>Contenuto volumetrico di acqua nel suolo<\/strong> &#8211; Modello HD3910.1, Caratteristiche Capacitive, Risoluzione 0.1%, Accuratezza \u00b13%, Range Operativo 0\u202660% VWC.<\/p>\n<p><strong>Grandezze calcolate:<\/strong><\/p>\n<p>Bagnatura fogliare (min), Temperatura Bulbo umido (\u00b0C), ET0 (mm\/giorno)<\/p>\n","protected":false},"excerpt":{"rendered":"<p><strong>STAZIONE AGRO-METEOROLOGICA GREEN PLANET\u00a0 Grigia Plus: 5 sensori (7 misure acquisite) e 3 misure calcolate:\u00a0 <\/strong>Sensori: Termometro &#8211; Igrometro &#8211; Anemometro &#8211; Pluviometro &#8211; Radiometro solare globale &#8211; Temperatura del suolo &#8211; Contenuto volumetrico di acqua nel suolo.\u00a0Grandezze calcolate:\u00a0Bagnatura fogliare (min), Temperatura Bulbo umido (\u00b0C), ET0 (mm\/giorno)<\/p>\n<p><strong>DSS GREEN PLANET: <\/strong>i dati meteo provengono da una stazione elettronica rappresentativa della zona agricola. Moduli offerti nel DSS:\u00a0dati meteo orari e giornalieri ed indici bioclimatici, osservazioni di campo con schede di monitoraggio BBCH, scheda di registrazione delle operazioni di campo, indici vegetazionali, prescrizioni, modelli fitopatologici ed entomologici.<\/p>\n<p><a href=\"https:\/\/www.green-planet.market\/wp-content\/uploads\/2023\/04\/MODULO-METEO.jpg\"><img decoding=\"async\" class=\"alignnone size-medium wp-image-10427\" src=\"https:\/\/www.green-planet.market\/wp-content\/uploads\/2023\/04\/MODULO-METEO-300x200.jpg\" alt=\"\" width=\"300\" height=\"200\" srcset=\"https:\/\/www.green-planet.market\/wp-content\/uploads\/2023\/04\/MODULO-METEO-18x12.jpg 18w, https:\/\/www.green-planet.market\/wp-content\/uploads\/2023\/04\/MODULO-METEO-200x133.jpg 200w, https:\/\/www.green-planet.market\/wp-content\/uploads\/2023\/04\/MODULO-METEO-300x200.jpg 300w, https:\/\/www.green-planet.market\/wp-content\/uploads\/2023\/04\/MODULO-METEO-400x267.jpg 400w, https:\/\/www.green-planet.market\/wp-content\/uploads\/2023\/04\/MODULO-METEO-500x333.jpg 500w, https:\/\/www.green-planet.market\/wp-content\/uploads\/2023\/04\/MODULO-METEO-600x400.jpg 600w, https:\/\/www.green-planet.market\/wp-content\/uploads\/2023\/04\/MODULO-METEO-700x467.jpg 700w, https:\/\/www.green-planet.market\/wp-content\/uploads\/2023\/04\/MODULO-METEO-768x512.jpg 768w, https:\/\/www.green-planet.market\/wp-content\/uploads\/2023\/04\/MODULO-METEO-800x533.jpg 800w, https:\/\/www.green-planet.market\/wp-content\/uploads\/2023\/04\/MODULO-METEO-1024x683.jpg 1024w, https:\/\/www.green-planet.market\/wp-content\/uploads\/2023\/04\/MODULO-METEO-1200x800.jpg 1200w, https:\/\/www.green-planet.market\/wp-content\/uploads\/2023\/04\/MODULO-METEO-1536x1024.jpg 1536w\" sizes=\"(max-width: 300px) 100vw, 300px\" \/><\/a><\/p>\n<p>&nbsp;<\/p>\n","protected":false},"featured_media":9368,"template":"","meta":{"_acf_changed":false},"product_brand":[],"product_cat":[44],"product_tag":[],"class_list":{"0":"post-9670","1":"product","2":"type-product","3":"status-publish","4":"has-post-thumbnail","6":"product_cat-senza-categoria","8":"first","9":"instock","10":"featured","11":"taxable","12":"shipping-taxable","13":"purchasable","14":"product-type-simple"},"acf":[],"yoast_head":"<!-- This site is optimized with the Yoast SEO plugin v27.6 - https:\/\/yoast.com\/product\/yoast-seo-wordpress\/ -->\n<title>ACA24 AZIONE 2 PAC 2023-2027 STAZIONE METEO CON DSS GREEN PLANET TUTTO INCLUSO FINO AL 2027 - 3a Green Planet Shop<\/title>\n<meta name=\"description\" content=\"GREEN-PLANET \u00e8 una soluzione di precision farming per la gestione integrata e biologica delle colture agrarie. E&#039; basato sul monitraggio agro-meteorologico che alimenta il Sistema di Supporto alle Decisioni (DSS) ed include la fornitura di una stazione meteo e dell&#039;abbonamento all&#039;applicazione software. Risponde ai requisiti PAC 2023-2027 ACA24 \u00a0 Pratiche agricoltura di precisione. La proposta prevede un servizio tutto incluso fino al 31\/12\/2027\" \/>\n<meta name=\"robots\" content=\"index, follow, max-snippet:-1, max-image-preview:large, max-video-preview:-1\" \/>\n<link rel=\"canonical\" href=\"https:\/\/www.green-planet.market\/it\/prodotto\/aca24-pac-2023-2027-dss-green-planet-stazione-meteo-green-planet\/\" \/>\n<meta property=\"og:locale\" content=\"it_IT\" \/>\n<meta property=\"og:type\" content=\"article\" \/>\n<meta property=\"og:title\" content=\"ACA24 AZIONE 2 PAC 2023-2027 STAZIONE METEO CON DSS GREEN PLANET TUTTO INCLUSO FINO AL 2027 - 3a Green Planet Shop\" \/>\n<meta property=\"og:description\" content=\"GREEN-PLANET \u00e8 una soluzione di precision farming per la gestione integrata e biologica delle colture agrarie. E&#039; basato sul monitraggio agro-meteorologico che alimenta il Sistema di Supporto alle Decisioni (DSS) ed include la fornitura di una stazione meteo e dell&#039;abbonamento all&#039;applicazione software. Risponde ai requisiti PAC 2023-2027 ACA24 \u00a0 Pratiche agricoltura di precisione. La proposta prevede un servizio tutto incluso fino al 31\/12\/2027\" \/>\n<meta property=\"og:url\" content=\"https:\/\/www.green-planet.market\/it\/prodotto\/aca24-pac-2023-2027-dss-green-planet-stazione-meteo-green-planet\/\" \/>\n<meta property=\"og:site_name\" content=\"3a Green Planet Shop\" \/>\n<meta property=\"article:modified_time\" content=\"2025-03-18T08:42:36+00:00\" \/>\n<meta property=\"og:image\" content=\"https:\/\/www.green-planet.market\/wp-content\/uploads\/2023\/01\/3A-AMBIENTALE-72.jpg\" \/>\n\t<meta property=\"og:image:width\" content=\"1333\" \/>\n\t<meta property=\"og:image:height\" content=\"2000\" \/>\n\t<meta property=\"og:image:type\" content=\"image\/jpeg\" \/>\n<meta name=\"twitter:card\" content=\"summary_large_image\" \/>\n<meta name=\"twitter:label1\" content=\"Tempo di lettura stimato\" \/>\n\t<meta name=\"twitter:data1\" content=\"5 minuti\" \/>\n<script type=\"application\/ld+json\" class=\"yoast-schema-graph\">{\"@context\":\"https:\\\/\\\/schema.org\",\"@graph\":[{\"@type\":\"WebPage\",\"@id\":\"https:\\\/\\\/www.green-planet.market\\\/prodotto\\\/aca24-pac-2023-2027-dss-green-planet-stazione-meteo-green-planet\\\/\",\"url\":\"https:\\\/\\\/www.green-planet.market\\\/prodotto\\\/aca24-pac-2023-2027-dss-green-planet-stazione-meteo-green-planet\\\/\",\"name\":\"ACA24 AZIONE 2 PAC 2023-2027 STAZIONE METEO CON DSS GREEN PLANET TUTTO INCLUSO FINO AL 2027 - 3a Green Planet Shop\",\"isPartOf\":{\"@id\":\"https:\\\/\\\/www.green-planet.market\\\/#website\"},\"primaryImageOfPage\":{\"@id\":\"https:\\\/\\\/www.green-planet.market\\\/prodotto\\\/aca24-pac-2023-2027-dss-green-planet-stazione-meteo-green-planet\\\/#primaryimage\"},\"image\":{\"@id\":\"https:\\\/\\\/www.green-planet.market\\\/prodotto\\\/aca24-pac-2023-2027-dss-green-planet-stazione-meteo-green-planet\\\/#primaryimage\"},\"thumbnailUrl\":\"https:\\\/\\\/www.green-planet.market\\\/wp-content\\\/uploads\\\/2023\\\/01\\\/3A-AMBIENTALE-72.jpg\",\"datePublished\":\"2023-03-01T08:50:53+00:00\",\"dateModified\":\"2025-03-18T08:42:36+00:00\",\"description\":\"GREEN-PLANET \u00e8 una soluzione di precision farming per la gestione integrata e biologica delle colture agrarie. E' basato sul monitraggio agro-meteorologico che alimenta il Sistema di Supporto alle Decisioni (DSS) ed include la fornitura di una stazione meteo e dell'abbonamento all'applicazione software. Risponde ai requisiti PAC 2023-2027 ACA24 \u00a0 Pratiche agricoltura di precisione. La proposta prevede un servizio tutto incluso fino al 31\\\/12\\\/2027\",\"breadcrumb\":{\"@id\":\"https:\\\/\\\/www.green-planet.market\\\/prodotto\\\/aca24-pac-2023-2027-dss-green-planet-stazione-meteo-green-planet\\\/#breadcrumb\"},\"inLanguage\":\"it-IT\",\"potentialAction\":[{\"@type\":\"ReadAction\",\"target\":[\"https:\\\/\\\/www.green-planet.market\\\/prodotto\\\/aca24-pac-2023-2027-dss-green-planet-stazione-meteo-green-planet\\\/\"]}]},{\"@type\":\"ImageObject\",\"inLanguage\":\"it-IT\",\"@id\":\"https:\\\/\\\/www.green-planet.market\\\/prodotto\\\/aca24-pac-2023-2027-dss-green-planet-stazione-meteo-green-planet\\\/#primaryimage\",\"url\":\"https:\\\/\\\/www.green-planet.market\\\/wp-content\\\/uploads\\\/2023\\\/01\\\/3A-AMBIENTALE-72.jpg\",\"contentUrl\":\"https:\\\/\\\/www.green-planet.market\\\/wp-content\\\/uploads\\\/2023\\\/01\\\/3A-AMBIENTALE-72.jpg\",\"width\":1333,\"height\":2000},{\"@type\":\"BreadcrumbList\",\"@id\":\"https:\\\/\\\/www.green-planet.market\\\/prodotto\\\/aca24-pac-2023-2027-dss-green-planet-stazione-meteo-green-planet\\\/#breadcrumb\",\"itemListElement\":[{\"@type\":\"ListItem\",\"position\":1,\"name\":\"Home\",\"item\":\"https:\\\/\\\/www.green-planet.market\\\/\"},{\"@type\":\"ListItem\",\"position\":2,\"name\":\"Shop\",\"item\":\"https:\\\/\\\/www.green-planet.market\\\/\"},{\"@type\":\"ListItem\",\"position\":3,\"name\":\"ACA24 AZIONE 2 PAC 2023-2027 STAZIONE METEO CON DSS GREEN PLANET TUTTO INCLUSO FINO AL 2027\"}]},{\"@type\":\"WebSite\",\"@id\":\"https:\\\/\\\/www.green-planet.market\\\/#website\",\"url\":\"https:\\\/\\\/www.green-planet.market\\\/\",\"name\":\"3a Green Planet Shop\",\"description\":\"Clima, ambiente e agricoltura sostenibile\",\"publisher\":{\"@id\":\"https:\\\/\\\/www.green-planet.market\\\/#organization\"},\"potentialAction\":[{\"@type\":\"SearchAction\",\"target\":{\"@type\":\"EntryPoint\",\"urlTemplate\":\"https:\\\/\\\/www.green-planet.market\\\/?s={search_term_string}\"},\"query-input\":{\"@type\":\"PropertyValueSpecification\",\"valueRequired\":true,\"valueName\":\"search_term_string\"}}],\"inLanguage\":\"it-IT\"},{\"@type\":\"Organization\",\"@id\":\"https:\\\/\\\/www.green-planet.market\\\/#organization\",\"name\":\"3a Green Planet Shop\",\"url\":\"https:\\\/\\\/www.green-planet.market\\\/\",\"logo\":{\"@type\":\"ImageObject\",\"inLanguage\":\"it-IT\",\"@id\":\"https:\\\/\\\/www.green-planet.market\\\/#\\\/schema\\\/logo\\\/image\\\/\",\"url\":\"https:\\\/\\\/www.green-planet.market\\\/wp-content\\\/uploads\\\/2022\\\/06\\\/3a_shop_colorato.png\",\"contentUrl\":\"https:\\\/\\\/www.green-planet.market\\\/wp-content\\\/uploads\\\/2022\\\/06\\\/3a_shop_colorato.png\",\"width\":150,\"height\":105,\"caption\":\"3a Green Planet Shop\"},\"image\":{\"@id\":\"https:\\\/\\\/www.green-planet.market\\\/#\\\/schema\\\/logo\\\/image\\\/\"}}]}<\/script>\n<!-- \/ Yoast SEO plugin. -->","yoast_head_json":{"title":"ACA24 AZIONE 2 PAC 2023-2027 STAZIONE METEO CON DSS GREEN PLANET TUTTO INCLUSO FINO AL 2027 - 3a Green Planet Shop","description":"GREEN-PLANET \u00e8 una soluzione di precision farming per la gestione integrata e biologica delle colture agrarie. E' basato sul monitraggio agro-meteorologico che alimenta il Sistema di Supporto alle Decisioni (DSS) ed include la fornitura di una stazione meteo e dell'abbonamento all'applicazione software. Risponde ai requisiti PAC 2023-2027 ACA24 \u00a0 Pratiche agricoltura di precisione. La proposta prevede un servizio tutto incluso fino al 31\/12\/2027","robots":{"index":"index","follow":"follow","max-snippet":"max-snippet:-1","max-image-preview":"max-image-preview:large","max-video-preview":"max-video-preview:-1"},"canonical":"https:\/\/www.green-planet.market\/it\/prodotto\/aca24-pac-2023-2027-dss-green-planet-stazione-meteo-green-planet\/","og_locale":"it_IT","og_type":"article","og_title":"ACA24 AZIONE 2 PAC 2023-2027 STAZIONE METEO CON DSS GREEN PLANET TUTTO INCLUSO FINO AL 2027 - 3a Green Planet Shop","og_description":"GREEN-PLANET \u00e8 una soluzione di precision farming per la gestione integrata e biologica delle colture agrarie. E' basato sul monitraggio agro-meteorologico che alimenta il Sistema di Supporto alle Decisioni (DSS) ed include la fornitura di una stazione meteo e dell'abbonamento all'applicazione software. Risponde ai requisiti PAC 2023-2027 ACA24 \u00a0 Pratiche agricoltura di precisione. La proposta prevede un servizio tutto incluso fino al 31\/12\/2027","og_url":"https:\/\/www.green-planet.market\/it\/prodotto\/aca24-pac-2023-2027-dss-green-planet-stazione-meteo-green-planet\/","og_site_name":"3a Green Planet Shop","article_modified_time":"2025-03-18T08:42:36+00:00","og_image":[{"width":1333,"height":2000,"url":"https:\/\/www.green-planet.market\/wp-content\/uploads\/2023\/01\/3A-AMBIENTALE-72.jpg","type":"image\/jpeg"}],"twitter_card":"summary_large_image","twitter_misc":{"Tempo di lettura stimato":"5 minuti"},"schema":{"@context":"https:\/\/schema.org","@graph":[{"@type":"WebPage","@id":"https:\/\/www.green-planet.market\/prodotto\/aca24-pac-2023-2027-dss-green-planet-stazione-meteo-green-planet\/","url":"https:\/\/www.green-planet.market\/prodotto\/aca24-pac-2023-2027-dss-green-planet-stazione-meteo-green-planet\/","name":"ACA24 AZIONE 2 PAC 2023-2027 STAZIONE METEO CON DSS GREEN PLANET TUTTO INCLUSO FINO AL 2027 - 3a Green Planet Shop","isPartOf":{"@id":"https:\/\/www.green-planet.market\/#website"},"primaryImageOfPage":{"@id":"https:\/\/www.green-planet.market\/prodotto\/aca24-pac-2023-2027-dss-green-planet-stazione-meteo-green-planet\/#primaryimage"},"image":{"@id":"https:\/\/www.green-planet.market\/prodotto\/aca24-pac-2023-2027-dss-green-planet-stazione-meteo-green-planet\/#primaryimage"},"thumbnailUrl":"https:\/\/www.green-planet.market\/wp-content\/uploads\/2023\/01\/3A-AMBIENTALE-72.jpg","datePublished":"2023-03-01T08:50:53+00:00","dateModified":"2025-03-18T08:42:36+00:00","description":"GREEN-PLANET \u00e8 una soluzione di precision farming per la gestione integrata e biologica delle colture agrarie. E' basato sul monitraggio agro-meteorologico che alimenta il Sistema di Supporto alle Decisioni (DSS) ed include la fornitura di una stazione meteo e dell'abbonamento all'applicazione software. Risponde ai requisiti PAC 2023-2027 ACA24 \u00a0 Pratiche agricoltura di precisione. La proposta prevede un servizio tutto incluso fino al 31\/12\/2027","breadcrumb":{"@id":"https:\/\/www.green-planet.market\/prodotto\/aca24-pac-2023-2027-dss-green-planet-stazione-meteo-green-planet\/#breadcrumb"},"inLanguage":"it-IT","potentialAction":[{"@type":"ReadAction","target":["https:\/\/www.green-planet.market\/prodotto\/aca24-pac-2023-2027-dss-green-planet-stazione-meteo-green-planet\/"]}]},{"@type":"ImageObject","inLanguage":"it-IT","@id":"https:\/\/www.green-planet.market\/prodotto\/aca24-pac-2023-2027-dss-green-planet-stazione-meteo-green-planet\/#primaryimage","url":"https:\/\/www.green-planet.market\/wp-content\/uploads\/2023\/01\/3A-AMBIENTALE-72.jpg","contentUrl":"https:\/\/www.green-planet.market\/wp-content\/uploads\/2023\/01\/3A-AMBIENTALE-72.jpg","width":1333,"height":2000},{"@type":"BreadcrumbList","@id":"https:\/\/www.green-planet.market\/prodotto\/aca24-pac-2023-2027-dss-green-planet-stazione-meteo-green-planet\/#breadcrumb","itemListElement":[{"@type":"ListItem","position":1,"name":"Home","item":"https:\/\/www.green-planet.market\/"},{"@type":"ListItem","position":2,"name":"Shop","item":"https:\/\/www.green-planet.market\/"},{"@type":"ListItem","position":3,"name":"ACA24 AZIONE 2 PAC 2023-2027 STAZIONE METEO CON DSS GREEN PLANET TUTTO INCLUSO FINO AL 2027"}]},{"@type":"WebSite","@id":"https:\/\/www.green-planet.market\/#website","url":"https:\/\/www.green-planet.market\/","name":"3a Green Planet Shop","description":"Clima, ambiente e agricoltura sostenibile","publisher":{"@id":"https:\/\/www.green-planet.market\/#organization"},"potentialAction":[{"@type":"SearchAction","target":{"@type":"EntryPoint","urlTemplate":"https:\/\/www.green-planet.market\/?s={search_term_string}"},"query-input":{"@type":"PropertyValueSpecification","valueRequired":true,"valueName":"search_term_string"}}],"inLanguage":"it-IT"},{"@type":"Organization","@id":"https:\/\/www.green-planet.market\/#organization","name":"3a Green Planet Shop","url":"https:\/\/www.green-planet.market\/","logo":{"@type":"ImageObject","inLanguage":"it-IT","@id":"https:\/\/www.green-planet.market\/#\/schema\/logo\/image\/","url":"https:\/\/www.green-planet.market\/wp-content\/uploads\/2022\/06\/3a_shop_colorato.png","contentUrl":"https:\/\/www.green-planet.market\/wp-content\/uploads\/2022\/06\/3a_shop_colorato.png","width":150,"height":105,"caption":"3a Green Planet Shop"},"image":{"@id":"https:\/\/www.green-planet.market\/#\/schema\/logo\/image\/"}}]}},"_links":{"self":[{"href":"https:\/\/www.green-planet.market\/it\/wp-json\/wp\/v2\/product\/9670","targetHints":{"allow":["GET"]}}],"collection":[{"href":"https:\/\/www.green-planet.market\/it\/wp-json\/wp\/v2\/product"}],"about":[{"href":"https:\/\/www.green-planet.market\/it\/wp-json\/wp\/v2\/types\/product"}],"wp:featuredmedia":[{"embeddable":true,"href":"https:\/\/www.green-planet.market\/it\/wp-json\/wp\/v2\/media\/9368"}],"wp:attachment":[{"href":"https:\/\/www.green-planet.market\/it\/wp-json\/wp\/v2\/media?parent=9670"}],"wp:term":[{"taxonomy":"product_brand","embeddable":true,"href":"https:\/\/www.green-planet.market\/it\/wp-json\/wp\/v2\/product_brand?post=9670"},{"taxonomy":"product_cat","embeddable":true,"href":"https:\/\/www.green-planet.market\/it\/wp-json\/wp\/v2\/product_cat?post=9670"},{"taxonomy":"product_tag","embeddable":true,"href":"https:\/\/www.green-planet.market\/it\/wp-json\/wp\/v2\/product_tag?post=9670"}],"curies":[{"name":"wp","href":"https:\/\/api.w.org\/{rel}","templated":true}]}}