{"id":10640,"date":"2023-11-25T15:32:19","date_gmt":"2023-11-25T14:32:19","guid":{"rendered":"https:\/\/www.green-planet.market\/?post_type=product&#038;p=10640"},"modified":"2025-09-12T09:05:33","modified_gmt":"2025-09-12T07:05:33","slug":"dati-meteo-di-zona-e-dss-green-planet","status":"publish","type":"product","link":"https:\/\/www.green-planet.market\/it\/prodotto\/dati-meteo-di-zona-e-dss-green-planet\/","title":{"rendered":"ABBONAMENTO ANNUALE AL SUPPORTO  AGRO-CLIMATICO GREEN PLANET PER AZIENDE AGRICOLE IN 53 SITI DEL PIEMONTE"},"content":{"rendered":"<p>I moduli integrati nel DSS\u00a0 GREEN PLANET\u00a0 sono conformi ai requisiti previsti dall&#8217;INTERVENTO PAC 2023-2027 ACA24\u00a0 PRATICHE DI AGRICOLTURA DI PRECISIONE.<\/p>\n<p>La raccolta, la gestione e l\u2019integrazione di dati satellitari, meteorologici, da droni e da sensori in campo con i dati relativi alle operazioni colturali, riduce il rischio di inquinamento e degrado ambientale connesso all\u2019uso dei prodotti fitosanitari e dei fertilizzanti e promuove l\u2019uso razionale dell\u2019acqua per l\u2019irrigazione. L\u2019intervento si applica a tutte le colture per le quali sono disponibili servizi digitali e DSS.<\/p>\n<ul>\n<li><strong>DATI METEO ORARI E GIORNALIERI ED INDICI BIOCLIMATICI DELLA ZONA SELEZIONATA\u00a0<\/strong><\/li>\n<\/ul>\n<p><a href=\"https:\/\/www.green-planet.market\/wp-content\/uploads\/2022\/04\/GP_Meteo_Dash-GP2.jpg\"><img decoding=\"async\" class=\"lazyload  wp-image-8606 alignleft\" src=\"https:\/\/www.green-planet.market\/wp-content\/uploads\/2022\/04\/GP_Meteo_Dash-GP2-300x295.jpg\" data-orig-src=\"https:\/\/www.green-planet.market\/wp-content\/uploads\/2022\/04\/GP_Meteo_Dash-GP2-300x295.jpg\" alt=\"\" width=\"272\" height=\"267\" srcset=\"data:image\/svg+xml,%3Csvg%20xmlns%3D%27http%3A%2F%2Fwww.w3.org%2F2000%2Fsvg%27%20width%3D%27272%27%20height%3D%27267%27%20viewBox%3D%270%200%20272%20267%27%3E%3Crect%20width%3D%27272%27%20height%3D%27267%27%20fill-opacity%3D%220%22%2F%3E%3C%2Fsvg%3E\" data-srcset=\"https:\/\/www.green-planet.market\/wp-content\/uploads\/2022\/04\/GP_Meteo_Dash-GP2-66x66.jpg 66w, https:\/\/www.green-planet.market\/wp-content\/uploads\/2022\/04\/GP_Meteo_Dash-GP2-200x196.jpg 200w, https:\/\/www.green-planet.market\/wp-content\/uploads\/2022\/04\/GP_Meteo_Dash-GP2-300x295.jpg 300w, https:\/\/www.green-planet.market\/wp-content\/uploads\/2022\/04\/GP_Meteo_Dash-GP2-400x393.jpg 400w, https:\/\/www.green-planet.market\/wp-content\/uploads\/2022\/04\/GP_Meteo_Dash-GP2-500x491.jpg 500w, https:\/\/www.green-planet.market\/wp-content\/uploads\/2022\/04\/GP_Meteo_Dash-GP2-600x589.jpg 600w, https:\/\/www.green-planet.market\/wp-content\/uploads\/2022\/04\/GP_Meteo_Dash-GP2-700x687.jpg 700w, https:\/\/www.green-planet.market\/wp-content\/uploads\/2022\/04\/GP_Meteo_Dash-GP2-768x754.jpg 768w, https:\/\/www.green-planet.market\/wp-content\/uploads\/2022\/04\/GP_Meteo_Dash-GP2.jpg 782w\" data-sizes=\"auto\" data-orig-sizes=\"(max-width: 272px) 100vw, 272px\" \/><\/a>ARCHIVIO DATI: archivia le misure registrate dalla stazione ed elabora indici e dati di sintesi. Le misure agrometeorologiche pubblicate dipendono dai sensori presenti nella stazione. Per ogni misura sono disponibili i valori di min \u2013 med \u2013 max intervallo e giornalieri, oppure di sommatoria intervallo e giornaliera, a seconda del tipo di misura.<br \/>\nINDICI BIOCLIMATICI: la procedura di calcolo degli indicatori climatologici caricati nel sistema \u00e8 costituita da un insieme di programmi che consentono di ricostruire una serie di indicatori statistici su base temporale decadale, mensile ed annuale, a partire da dati elaborati dalla stazione a un certo intervallo di tempo. I criteri generali adottati per il calcolo degli indicatori sono definiti dall\u2019Organizzazione Meteorologica Mondiale (Guide on Climatological Practices).<br \/>\nALLERTAMENTI: configura allertamenti meteo email e invia allarmi a liste di utenti. Un pannello di controllo consente il monitoraggio degli allarmi.<br \/>\nRADAR PIOGGE: \u00e8 uno strumento interattivo che consente di visualizzare, a scala nazionale, sia i fenomeni in corso sia quelli registrati nelle ultime 24 ore attraverso l\u2019elaborazione, in tempo reale, di dati grezzi provenienti dalla rete radar nazionale e dalla rete delle stazioni pluviometriche. Il servizio \u00e8 offerto gratuitamente dal Dipartimento della Protezione Civile<\/p>\n<ul>\n<li><strong>OSSERVAZIONI DI CAMPO<\/strong><\/li>\n<\/ul>\n<p>Le schede di registrazione di rilievi ed attivit\u00e0 sono le seguenti: <a href=\"https:\/\/www.green-planet.market\/wp-content\/uploads\/2023\/02\/Screenshot-2023-05-04-175059.png\"><img decoding=\"async\" class=\"lazyload wp-image-10565 alignleft\" src=\"https:\/\/www.green-planet.market\/wp-content\/uploads\/2023\/02\/Screenshot-2023-05-04-175059.png\" data-orig-src=\"https:\/\/www.green-planet.market\/wp-content\/uploads\/2023\/02\/Screenshot-2023-05-04-175059.png\" alt=\"\" width=\"217\" height=\"148\" srcset=\"data:image\/svg+xml,%3Csvg%20xmlns%3D%27http%3A%2F%2Fwww.w3.org%2F2000%2Fsvg%27%20width%3D%27217%27%20height%3D%27148%27%20viewBox%3D%270%200%20217%20148%27%3E%3Crect%20width%3D%27217%27%20height%3D%27148%27%20fill-opacity%3D%220%22%2F%3E%3C%2Fsvg%3E\" data-srcset=\"https:\/\/www.green-planet.market\/wp-content\/uploads\/2023\/02\/Screenshot-2023-05-04-175059-18x12.png 18w, https:\/\/www.green-planet.market\/wp-content\/uploads\/2023\/02\/Screenshot-2023-05-04-175059-200x136.png 200w, https:\/\/www.green-planet.market\/wp-content\/uploads\/2023\/02\/Screenshot-2023-05-04-175059-300x204.png 300w, https:\/\/www.green-planet.market\/wp-content\/uploads\/2023\/02\/Screenshot-2023-05-04-175059-400x272.png 400w, https:\/\/www.green-planet.market\/wp-content\/uploads\/2023\/02\/Screenshot-2023-05-04-175059-500x340.png 500w, https:\/\/www.green-planet.market\/wp-content\/uploads\/2023\/02\/Screenshot-2023-05-04-175059.png 565w\" data-sizes=\"auto\" data-orig-sizes=\"(max-width: 217px) 100vw, 217px\" \/><\/a><\/p>\n<p>Rilievi fenologici &#8211; Avversit\u00e0 patogeni &#8211; Avversit\u00e0 fitofagi &#8211; Avversit\u00e0 atmosferiche &#8211; Segnalazioni. Il modulo mette a disposizione le schede per i rilievi di diverse colture: vite, olivo, nocciolo, pero, melo, pesco, albicocco, pruno, ciliegio, kiwi, mais, riso, frumento, orzo, sorgo, erba medica, fagiolo, pomodoro, patata, melone, anguria, zucca, zucchino, mirtillo, lampone, cipolla, peperone, carciofo, avocado, mango, caff\u00e8, cacao.<\/p>\n<ul>\n<li><strong>INDICI VEGETAZIONALI<\/strong><\/li>\n<\/ul>\n<p>Consente di scaricare le immagini di diversi INDICI VEGETAZIONALI fino a 25HA. Gli indici vegetazionali e le mappe di vigoria esprimono il rapporto con cui la clorofilla assorbe ed emette luce in differenti fasce spettrali. Le misure alla base vengono effettuate da una costellazione di satelliti a intervalli regolari. Si tratta di rappresentazioni indicative della quantit\u00e0 di biomassa e della salute della pianta, ma vi sono numerosi indici con utilizzi specifici:<\/p>\n<ul>\n<li>NDVI = Indice di vegetazione a differenza normalizzata;<\/li>\n<li>EVI = Indice di vegetazione potenziato;<\/li>\n<li>NDWI = Indice di differenza normalizzata dell&#8217;acqua;<\/li>\n<li>NDMI = Indice di differenza normalizzata dell&#8217;umidit\u00e0;<\/li>\n<li>LAI = Indice di area fogliare;<\/li>\n<li>FAPAR = Frazione di radiazione fotosinteticamente attiva;<\/li>\n<li>CCC = Contenuto di clorofilla nella copertura;<\/li>\n<li>CWC = Contenuto di acqua nella copertura;<\/li>\n<li>MSAVI2 = Indice di vegetazione modificato e regolato per il suolo;<\/li>\n<li>NDRE = Indice di differenza normalizzata della zona di rosso (B05, B08);<\/li>\n<li>NDREX = Indice di differenza normalizzata della zona di rosso (B04, B09);<\/li>\n<li>ARI1 = Indice di Riflettanza Antocianina 1;<\/li>\n<li>CAR_RE = Indice di Riflettanza dei Carotenoidi nell&#8217;Area di Rosso;<\/li>\n<li>CL_RE = Indice di Clorofilla nell&#8217;Area di Rosso;<\/li>\n<li>NMDI = Indice Normalizzato di Durezza Multibanda;<\/li>\n<li>SI = Indice di Salinit\u00e0;<\/li>\n<li>SOC_VIS = Carbonio Organico del Suolo (spettro visibile);<\/li>\n<li>SOC_SWIR = Carbonio Organico del Suolo (spettro nel vicino infrarosso e infrarosso a onde corte);<\/li>\n<li>WIW &#8211; Acqua nelle Zone Umide;<\/li>\n<li>YRSI &#8211; Indice di Spore di Ruggine Gialla;<\/li>\n<\/ul>\n<ul>\n<li><strong>PRESCRIZIONI<\/strong><\/li>\n<\/ul>\n<p>Archivio ministeriale dei prodotti fitosanitari<br \/>\nArc<a href=\"https:\/\/www.green-planet.market\/wp-content\/uploads\/2022\/04\/Modulo-Indici-vegetazionali.jpg\"><img decoding=\"async\" class=\"lazyload size-medium wp-image-8604 alignleft\" src=\"https:\/\/www.green-planet.market\/wp-content\/uploads\/2022\/04\/Modulo-Indici-vegetazionali-300x141.jpg\" data-orig-src=\"https:\/\/www.green-planet.market\/wp-content\/uploads\/2022\/04\/Modulo-Indici-vegetazionali-300x141.jpg\" alt=\"\" width=\"300\" height=\"141\" srcset=\"data:image\/svg+xml,%3Csvg%20xmlns%3D%27http%3A%2F%2Fwww.w3.org%2F2000%2Fsvg%27%20width%3D%27300%27%20height%3D%27141%27%20viewBox%3D%270%200%20300%20141%27%3E%3Crect%20width%3D%27300%27%20height%3D%27141%27%20fill-opacity%3D%220%22%2F%3E%3C%2Fsvg%3E\" data-srcset=\"https:\/\/www.green-planet.market\/wp-content\/uploads\/2022\/04\/Modulo-Indici-vegetazionali-200x94.jpg 200w, https:\/\/www.green-planet.market\/wp-content\/uploads\/2022\/04\/Modulo-Indici-vegetazionali-300x141.jpg 300w, https:\/\/www.green-planet.market\/wp-content\/uploads\/2022\/04\/Modulo-Indici-vegetazionali-400x188.jpg 400w, https:\/\/www.green-planet.market\/wp-content\/uploads\/2022\/04\/Modulo-Indici-vegetazionali-500x234.jpg 500w, https:\/\/www.green-planet.market\/wp-content\/uploads\/2022\/04\/Modulo-Indici-vegetazionali-600x281.jpg 600w, https:\/\/www.green-planet.market\/wp-content\/uploads\/2022\/04\/Modulo-Indici-vegetazionali-700x328.jpg 700w, https:\/\/www.green-planet.market\/wp-content\/uploads\/2022\/04\/Modulo-Indici-vegetazionali-768x360.jpg 768w, https:\/\/www.green-planet.market\/wp-content\/uploads\/2022\/04\/Modulo-Indici-vegetazionali-800x375.jpg 800w, https:\/\/www.green-planet.market\/wp-content\/uploads\/2022\/04\/Modulo-Indici-vegetazionali.jpg 1024w\" data-sizes=\"auto\" data-orig-sizes=\"(max-width: 300px) 100vw, 300px\" \/><\/a>hivio delle ricette<br \/>\nCreazione e visualizzazione di prescrizioni su aree disegnate su Google Map<br \/>\nReport delle operazioni eseguite con dettaglio per Unit\u00e0 territoriale e zona oggetto della prescrizione<br \/>\nReport delle prescrizioni inviate con dettaglio dei device WAPPYGO di destinazione<br \/>\nReport dei trattamenti eseguiti e dei prodotti utilizzati<\/p>\n<ul>\n<li><strong>REGISTRAZIONE DELLE ATTIVITA&#8217;<\/strong><\/li>\n<\/ul>\n<p>Dati Produzione &#8211; Catture Trappole &#8211; Analisi Suolo &#8211; Operazioni &#8211; Irrigazioni<\/p>\n<p>Possibilit\u00e0 di inserire le Attivit\u00e0 di campo e produrre report specifici per tematica e di sintesi.<\/p>\n<ul>\n<li><strong>CALCOLO DEGLI ASPORTI E DEL PIANO DI CONCIMAZIONE<\/strong><\/li>\n<\/ul>\n<p>Lo strumento per il \u201cCalcolo asporti\u201d dei principali elementi, quali azoto (N), fosforo (P) e potassio (K) restituisce valori corrispondenti al fabbisogno colturale (kg\/ha) di ciascun elemento.<br \/>\nLo strumento \u201cPiano di concimazione\u201d \u00e8 basato sulle LINEE GUIDA NAZIONALI DI PRODUZIONE INTEGRATA. Costituisce un supporto utile alla pianificazione delle concimazioni. Consente l\u2019elaborazione di un consiglio di quantit\u00e0 (kg\/ha) di azoto (N), fosforo (P) e potassio (K) da distribuire in funzione delle caratteristiche ambientali e agronomiche configurate.<\/p>\n<p>&nbsp;<\/p>\n<ul>\n<li><strong>MODELLI FITO-PATOLOGICI ED ENTOMOLOGICI<\/strong><\/li>\n<\/ul>\n<p>Sono presenti modelli fitopatologici e modelli <a href=\"https:\/\/www.green-planet.market\/wp-content\/uploads\/2022\/04\/MODULO-AGRO-IPM.jpg\"><img decoding=\"async\" class=\"lazyload size-medium wp-image-8605 alignleft\" src=\"https:\/\/www.green-planet.market\/wp-content\/uploads\/2022\/04\/MODULO-AGRO-IPM-300x141.jpg\" data-orig-src=\"https:\/\/www.green-planet.market\/wp-content\/uploads\/2022\/04\/MODULO-AGRO-IPM-300x141.jpg\" alt=\"\" width=\"300\" height=\"141\" srcset=\"data:image\/svg+xml,%3Csvg%20xmlns%3D%27http%3A%2F%2Fwww.w3.org%2F2000%2Fsvg%27%20width%3D%27300%27%20height%3D%27141%27%20viewBox%3D%270%200%20300%20141%27%3E%3Crect%20width%3D%27300%27%20height%3D%27141%27%20fill-opacity%3D%220%22%2F%3E%3C%2Fsvg%3E\" data-srcset=\"https:\/\/www.green-planet.market\/wp-content\/uploads\/2022\/04\/MODULO-AGRO-IPM-200x94.jpg 200w, https:\/\/www.green-planet.market\/wp-content\/uploads\/2022\/04\/MODULO-AGRO-IPM-300x141.jpg 300w, https:\/\/www.green-planet.market\/wp-content\/uploads\/2022\/04\/MODULO-AGRO-IPM-400x188.jpg 400w, https:\/\/www.green-planet.market\/wp-content\/uploads\/2022\/04\/MODULO-AGRO-IPM-500x234.jpg 500w, https:\/\/www.green-planet.market\/wp-content\/uploads\/2022\/04\/MODULO-AGRO-IPM-600x281.jpg 600w, https:\/\/www.green-planet.market\/wp-content\/uploads\/2022\/04\/MODULO-AGRO-IPM-700x328.jpg 700w, https:\/\/www.green-planet.market\/wp-content\/uploads\/2022\/04\/MODULO-AGRO-IPM-768x360.jpg 768w, https:\/\/www.green-planet.market\/wp-content\/uploads\/2022\/04\/MODULO-AGRO-IPM-800x375.jpg 800w, https:\/\/www.green-planet.market\/wp-content\/uploads\/2022\/04\/MODULO-AGRO-IPM.jpg 1024w\" data-sizes=\"auto\" data-orig-sizes=\"(max-width: 300px) 100vw, 300px\" \/><\/a>insetti per la difesa fitosanitaria. I modelli fitopatologici attualmente disponibili sono i seguenti:<\/p>\n<p>Plasmopara viticola (Peronospora) &#8211; Vite, Uncinula necator (Oidio) -Vite, Phytophthora infestans (Peronospora) &#8211; Solanacee, Pyricularia oryzae (Brusone) &#8211; Riso, Pseudoperonospora cubensis (Peronospora) &#8211; Cucurbitacee, Powdery Mildew of Cucurbits (Oidio) &#8211; Cucurbitacee, Venturia inaequalis (Cooke) Wint (Ticchiolatura) &#8211; Melo, Xanthomonas arboricola pv. Pruni (Maculatura batterica) -Drupacee, Fusarium verticilloides (Fusariosi del mais) &#8211; Mais,\u00a0 Fusarium spp. (Fusariosi del frumento), Frumento &#8211; Leveilula taurica (Oidio), Carciofo.<\/p>\n<p>I modelli insetti disponibili sono i seguenti: Frankliniella occidentalis (Tripide occ), Lobesia botrana (Tignoletta),<br \/>\nPandemis cerasana (Ricamatrice pomacee), Cydia molesta (Tignola melo\/Cydia del pesco), Cydia pomonella (Carpocapsa), Leucoptera malifoliella (Cemiostoma pero), Rhagoletis cerasi (Mosca ciliegio), Cydia funebrana (Tignola susine), Anarsia lineatella (Tignola del pesco), Diabrotica virgifera virgifera (Diabrotica), Ostrinia nubilalis (Piralide), Sesamia nonagrioides (Sesamia dei cereali), Myzus persicae (Afidi pomodoro), Phthorimaea operculella (Tignola patata), Bactrocera oleae (Mosca dell&#8217;olivo), \u00a0Scaphoideus titanus (Scafoideo &#8211; modello MRV).<\/p>\n","protected":false},"excerpt":{"rendered":"<p>Moduli integrati nel DSS\u00a0 GREEN PLANET\u00a0 conformi ai requisiti previsti dall&#8217;INTERVENTO PAC 2023-2027 ACA24 . I dati meteo provengono da una stazione elettronica rappresentativa della zona agricola.<\/p>\n<p>L&#8217;operatore accede a:<\/p>\n<ul>\n<li><strong>DATI METEO ORARI E GIORNALIERI ED INDICI BIOCLIMATICI<\/strong><\/li>\n<li><strong>OSSERVAZIONI DI CAMPO<\/strong><\/li>\n<li><strong>REGISTRAZIONE DELLE ATTIVITA&#8217;<\/strong><\/li>\n<li><strong>INDICI VEGETAZIONALI<\/strong><\/li>\n<li><strong>PRESCRIZIONI<\/strong><\/li>\n<li><strong>MODELLI FITOPATOLOGICI ED ENTOMOLOGICI<\/strong><\/li>\n<\/ul>\n","protected":false},"featured_media":10653,"template":"","meta":{"_acf_changed":false},"product_brand":[],"product_cat":[44],"product_tag":[],"class_list":{"0":"post-10640","1":"product","2":"type-product","3":"status-publish","4":"has-post-thumbnail","6":"product_cat-senza-categoria","8":"first","9":"instock","10":"taxable","11":"shipping-taxable","12":"purchasable","13":"product-type-variable","14":"has-default-attributes"},"acf":[],"yoast_head":"<!-- This site is optimized with the Yoast SEO plugin v27.5 - https:\/\/yoast.com\/product\/yoast-seo-wordpress\/ -->\n<title>ABBONAMENTO ANNUALE AL SUPPORTO AGRO-CLIMATICO GREEN PLANET PER AZIENDE AGRICOLE IN 53 SITI DEL PIEMONTE - 3a Green Planet Shop<\/title>\n<meta name=\"robots\" content=\"index, follow, max-snippet:-1, max-image-preview:large, max-video-preview:-1\" \/>\n<link rel=\"canonical\" href=\"https:\/\/www.green-planet.market\/it\/prodotto\/dati-meteo-di-zona-e-dss-green-planet\/\" \/>\n<meta property=\"og:locale\" content=\"it_IT\" \/>\n<meta property=\"og:type\" content=\"article\" \/>\n<meta property=\"og:title\" content=\"ABBONAMENTO ANNUALE AL SUPPORTO AGRO-CLIMATICO GREEN PLANET PER AZIENDE AGRICOLE IN 53 SITI DEL PIEMONTE - 3a Green Planet Shop\" \/>\n<meta property=\"og:description\" content=\"Moduli integrati nel DSS\u00a0 GREEN PLANET\u00a0 conformi ai requisiti previsti dall&#039;INTERVENTO PAC 2023-2027 ACA24 . I dati meteo provengono da una stazione elettronica rappresentativa della zona agricola.  L&#039;operatore accede a:   DATI METEO ORARI E GIORNALIERI ED INDICI BIOCLIMATICI  OSSERVAZIONI DI CAMPO  REGISTRAZIONE DELLE ATTIVITA&#039;  INDICI VEGETAZIONALI  PRESCRIZIONI  MODELLI FITOPATOLOGICI ED ENTOMOLOGICI\" \/>\n<meta property=\"og:url\" content=\"https:\/\/www.green-planet.market\/it\/prodotto\/dati-meteo-di-zona-e-dss-green-planet\/\" \/>\n<meta property=\"og:site_name\" content=\"3a Green Planet Shop\" \/>\n<meta property=\"article:modified_time\" content=\"2025-09-12T07:05:33+00:00\" \/>\n<meta property=\"og:image\" content=\"https:\/\/www.green-planet.market\/wp-content\/uploads\/2023\/11\/9ce65928-58bb-4a14-ab90-10a6fd253ab3.jpeg\" \/>\n\t<meta property=\"og:image:width\" content=\"1024\" \/>\n\t<meta property=\"og:image:height\" content=\"1024\" \/>\n\t<meta property=\"og:image:type\" content=\"image\/jpeg\" \/>\n<meta name=\"twitter:card\" content=\"summary_large_image\" \/>\n<meta name=\"twitter:label1\" content=\"Tempo di lettura stimato\" \/>\n\t<meta name=\"twitter:data1\" content=\"6 minuti\" \/>\n<script type=\"application\/ld+json\" class=\"yoast-schema-graph\">{\"@context\":\"https:\\\/\\\/schema.org\",\"@graph\":[{\"@type\":\"WebPage\",\"@id\":\"https:\\\/\\\/www.green-planet.market\\\/it\\\/prodotto\\\/dati-meteo-di-zona-e-dss-green-planet\\\/\",\"url\":\"https:\\\/\\\/www.green-planet.market\\\/it\\\/prodotto\\\/dati-meteo-di-zona-e-dss-green-planet\\\/\",\"name\":\"ABBONAMENTO ANNUALE AL SUPPORTO AGRO-CLIMATICO GREEN PLANET PER AZIENDE AGRICOLE IN 53 SITI DEL PIEMONTE - 3a Green Planet Shop\",\"isPartOf\":{\"@id\":\"https:\\\/\\\/www.green-planet.market\\\/#website\"},\"primaryImageOfPage\":{\"@id\":\"https:\\\/\\\/www.green-planet.market\\\/it\\\/prodotto\\\/dati-meteo-di-zona-e-dss-green-planet\\\/#primaryimage\"},\"image\":{\"@id\":\"https:\\\/\\\/www.green-planet.market\\\/it\\\/prodotto\\\/dati-meteo-di-zona-e-dss-green-planet\\\/#primaryimage\"},\"thumbnailUrl\":\"https:\\\/\\\/www.green-planet.market\\\/wp-content\\\/uploads\\\/2023\\\/11\\\/9ce65928-58bb-4a14-ab90-10a6fd253ab3.jpeg\",\"datePublished\":\"2023-11-25T14:32:19+00:00\",\"dateModified\":\"2025-09-12T07:05:33+00:00\",\"breadcrumb\":{\"@id\":\"https:\\\/\\\/www.green-planet.market\\\/it\\\/prodotto\\\/dati-meteo-di-zona-e-dss-green-planet\\\/#breadcrumb\"},\"inLanguage\":\"it-IT\",\"potentialAction\":[{\"@type\":\"ReadAction\",\"target\":[\"https:\\\/\\\/www.green-planet.market\\\/it\\\/prodotto\\\/dati-meteo-di-zona-e-dss-green-planet\\\/\"]}]},{\"@type\":\"ImageObject\",\"inLanguage\":\"it-IT\",\"@id\":\"https:\\\/\\\/www.green-planet.market\\\/it\\\/prodotto\\\/dati-meteo-di-zona-e-dss-green-planet\\\/#primaryimage\",\"url\":\"https:\\\/\\\/www.green-planet.market\\\/wp-content\\\/uploads\\\/2023\\\/11\\\/9ce65928-58bb-4a14-ab90-10a6fd253ab3.jpeg\",\"contentUrl\":\"https:\\\/\\\/www.green-planet.market\\\/wp-content\\\/uploads\\\/2023\\\/11\\\/9ce65928-58bb-4a14-ab90-10a6fd253ab3.jpeg\",\"width\":1024,\"height\":1024},{\"@type\":\"BreadcrumbList\",\"@id\":\"https:\\\/\\\/www.green-planet.market\\\/it\\\/prodotto\\\/dati-meteo-di-zona-e-dss-green-planet\\\/#breadcrumb\",\"itemListElement\":[{\"@type\":\"ListItem\",\"position\":1,\"name\":\"Home\",\"item\":\"https:\\\/\\\/www.green-planet.market\\\/\"},{\"@type\":\"ListItem\",\"position\":2,\"name\":\"Shop\",\"item\":\"https:\\\/\\\/www.green-planet.market\\\/\"},{\"@type\":\"ListItem\",\"position\":3,\"name\":\"ABBONAMENTO ANNUALE AL SUPPORTO AGRO-CLIMATICO GREEN PLANET PER AZIENDE AGRICOLE IN 53 SITI DEL PIEMONTE\"}]},{\"@type\":\"WebSite\",\"@id\":\"https:\\\/\\\/www.green-planet.market\\\/#website\",\"url\":\"https:\\\/\\\/www.green-planet.market\\\/\",\"name\":\"3a Green Planet Shop\",\"description\":\"Clima, ambiente e agricoltura sostenibile\",\"publisher\":{\"@id\":\"https:\\\/\\\/www.green-planet.market\\\/#organization\"},\"potentialAction\":[{\"@type\":\"SearchAction\",\"target\":{\"@type\":\"EntryPoint\",\"urlTemplate\":\"https:\\\/\\\/www.green-planet.market\\\/?s={search_term_string}\"},\"query-input\":{\"@type\":\"PropertyValueSpecification\",\"valueRequired\":true,\"valueName\":\"search_term_string\"}}],\"inLanguage\":\"it-IT\"},{\"@type\":\"Organization\",\"@id\":\"https:\\\/\\\/www.green-planet.market\\\/#organization\",\"name\":\"3a Green Planet Shop\",\"url\":\"https:\\\/\\\/www.green-planet.market\\\/\",\"logo\":{\"@type\":\"ImageObject\",\"inLanguage\":\"it-IT\",\"@id\":\"https:\\\/\\\/www.green-planet.market\\\/#\\\/schema\\\/logo\\\/image\\\/\",\"url\":\"https:\\\/\\\/www.green-planet.market\\\/wp-content\\\/uploads\\\/2022\\\/06\\\/3a_shop_colorato.png\",\"contentUrl\":\"https:\\\/\\\/www.green-planet.market\\\/wp-content\\\/uploads\\\/2022\\\/06\\\/3a_shop_colorato.png\",\"width\":150,\"height\":105,\"caption\":\"3a Green Planet Shop\"},\"image\":{\"@id\":\"https:\\\/\\\/www.green-planet.market\\\/#\\\/schema\\\/logo\\\/image\\\/\"}}]}<\/script>\n<!-- \/ Yoast SEO plugin. -->","yoast_head_json":{"title":"ABBONAMENTO ANNUALE AL SUPPORTO AGRO-CLIMATICO GREEN PLANET PER AZIENDE AGRICOLE IN 53 SITI DEL PIEMONTE - 3a Green Planet Shop","robots":{"index":"index","follow":"follow","max-snippet":"max-snippet:-1","max-image-preview":"max-image-preview:large","max-video-preview":"max-video-preview:-1"},"canonical":"https:\/\/www.green-planet.market\/it\/prodotto\/dati-meteo-di-zona-e-dss-green-planet\/","og_locale":"it_IT","og_type":"article","og_title":"ABBONAMENTO ANNUALE AL SUPPORTO AGRO-CLIMATICO GREEN PLANET PER AZIENDE AGRICOLE IN 53 SITI DEL PIEMONTE - 3a Green Planet Shop","og_description":"Moduli integrati nel DSS\u00a0 GREEN PLANET\u00a0 conformi ai requisiti previsti dall'INTERVENTO PAC 2023-2027 ACA24 . I dati meteo provengono da una stazione elettronica rappresentativa della zona agricola.  L'operatore accede a:   DATI METEO ORARI E GIORNALIERI ED INDICI BIOCLIMATICI  OSSERVAZIONI DI CAMPO  REGISTRAZIONE DELLE ATTIVITA'  INDICI VEGETAZIONALI  PRESCRIZIONI  MODELLI FITOPATOLOGICI ED ENTOMOLOGICI","og_url":"https:\/\/www.green-planet.market\/it\/prodotto\/dati-meteo-di-zona-e-dss-green-planet\/","og_site_name":"3a Green Planet Shop","article_modified_time":"2025-09-12T07:05:33+00:00","og_image":[{"width":1024,"height":1024,"url":"https:\/\/www.green-planet.market\/wp-content\/uploads\/2023\/11\/9ce65928-58bb-4a14-ab90-10a6fd253ab3.jpeg","type":"image\/jpeg"}],"twitter_card":"summary_large_image","twitter_misc":{"Tempo di lettura stimato":"6 minuti"},"schema":{"@context":"https:\/\/schema.org","@graph":[{"@type":"WebPage","@id":"https:\/\/www.green-planet.market\/it\/prodotto\/dati-meteo-di-zona-e-dss-green-planet\/","url":"https:\/\/www.green-planet.market\/it\/prodotto\/dati-meteo-di-zona-e-dss-green-planet\/","name":"ABBONAMENTO ANNUALE AL SUPPORTO AGRO-CLIMATICO GREEN PLANET PER AZIENDE AGRICOLE IN 53 SITI DEL PIEMONTE - 3a Green Planet Shop","isPartOf":{"@id":"https:\/\/www.green-planet.market\/#website"},"primaryImageOfPage":{"@id":"https:\/\/www.green-planet.market\/it\/prodotto\/dati-meteo-di-zona-e-dss-green-planet\/#primaryimage"},"image":{"@id":"https:\/\/www.green-planet.market\/it\/prodotto\/dati-meteo-di-zona-e-dss-green-planet\/#primaryimage"},"thumbnailUrl":"https:\/\/www.green-planet.market\/wp-content\/uploads\/2023\/11\/9ce65928-58bb-4a14-ab90-10a6fd253ab3.jpeg","datePublished":"2023-11-25T14:32:19+00:00","dateModified":"2025-09-12T07:05:33+00:00","breadcrumb":{"@id":"https:\/\/www.green-planet.market\/it\/prodotto\/dati-meteo-di-zona-e-dss-green-planet\/#breadcrumb"},"inLanguage":"it-IT","potentialAction":[{"@type":"ReadAction","target":["https:\/\/www.green-planet.market\/it\/prodotto\/dati-meteo-di-zona-e-dss-green-planet\/"]}]},{"@type":"ImageObject","inLanguage":"it-IT","@id":"https:\/\/www.green-planet.market\/it\/prodotto\/dati-meteo-di-zona-e-dss-green-planet\/#primaryimage","url":"https:\/\/www.green-planet.market\/wp-content\/uploads\/2023\/11\/9ce65928-58bb-4a14-ab90-10a6fd253ab3.jpeg","contentUrl":"https:\/\/www.green-planet.market\/wp-content\/uploads\/2023\/11\/9ce65928-58bb-4a14-ab90-10a6fd253ab3.jpeg","width":1024,"height":1024},{"@type":"BreadcrumbList","@id":"https:\/\/www.green-planet.market\/it\/prodotto\/dati-meteo-di-zona-e-dss-green-planet\/#breadcrumb","itemListElement":[{"@type":"ListItem","position":1,"name":"Home","item":"https:\/\/www.green-planet.market\/"},{"@type":"ListItem","position":2,"name":"Shop","item":"https:\/\/www.green-planet.market\/"},{"@type":"ListItem","position":3,"name":"ABBONAMENTO ANNUALE AL SUPPORTO AGRO-CLIMATICO GREEN PLANET PER AZIENDE AGRICOLE IN 53 SITI DEL PIEMONTE"}]},{"@type":"WebSite","@id":"https:\/\/www.green-planet.market\/#website","url":"https:\/\/www.green-planet.market\/","name":"3a Green Planet Shop","description":"Clima, ambiente e agricoltura sostenibile","publisher":{"@id":"https:\/\/www.green-planet.market\/#organization"},"potentialAction":[{"@type":"SearchAction","target":{"@type":"EntryPoint","urlTemplate":"https:\/\/www.green-planet.market\/?s={search_term_string}"},"query-input":{"@type":"PropertyValueSpecification","valueRequired":true,"valueName":"search_term_string"}}],"inLanguage":"it-IT"},{"@type":"Organization","@id":"https:\/\/www.green-planet.market\/#organization","name":"3a Green Planet Shop","url":"https:\/\/www.green-planet.market\/","logo":{"@type":"ImageObject","inLanguage":"it-IT","@id":"https:\/\/www.green-planet.market\/#\/schema\/logo\/image\/","url":"https:\/\/www.green-planet.market\/wp-content\/uploads\/2022\/06\/3a_shop_colorato.png","contentUrl":"https:\/\/www.green-planet.market\/wp-content\/uploads\/2022\/06\/3a_shop_colorato.png","width":150,"height":105,"caption":"3a Green Planet Shop"},"image":{"@id":"https:\/\/www.green-planet.market\/#\/schema\/logo\/image\/"}}]}},"_links":{"self":[{"href":"https:\/\/www.green-planet.market\/it\/wp-json\/wp\/v2\/product\/10640","targetHints":{"allow":["GET"]}}],"collection":[{"href":"https:\/\/www.green-planet.market\/it\/wp-json\/wp\/v2\/product"}],"about":[{"href":"https:\/\/www.green-planet.market\/it\/wp-json\/wp\/v2\/types\/product"}],"wp:featuredmedia":[{"embeddable":true,"href":"https:\/\/www.green-planet.market\/it\/wp-json\/wp\/v2\/media\/10653"}],"wp:attachment":[{"href":"https:\/\/www.green-planet.market\/it\/wp-json\/wp\/v2\/media?parent=10640"}],"wp:term":[{"taxonomy":"product_brand","embeddable":true,"href":"https:\/\/www.green-planet.market\/it\/wp-json\/wp\/v2\/product_brand?post=10640"},{"taxonomy":"product_cat","embeddable":true,"href":"https:\/\/www.green-planet.market\/it\/wp-json\/wp\/v2\/product_cat?post=10640"},{"taxonomy":"product_tag","embeddable":true,"href":"https:\/\/www.green-planet.market\/it\/wp-json\/wp\/v2\/product_tag?post=10640"}],"curies":[{"name":"wp","href":"https:\/\/api.w.org\/{rel}","templated":true}]}}