{"id":470,"date":"2020-03-05T16:30:33","date_gmt":"2020-03-05T15:30:33","guid":{"rendered":"https:\/\/green-planet.market\/?page_id=470"},"modified":"2020-03-05T16:33:42","modified_gmt":"2020-03-05T15:33:42","slug":"privacy-policy","status":"publish","type":"page","link":"https:\/\/www.green-planet.market\/it\/privacy-policy\/","title":{"rendered":"Privacy Policy"},"content":{"rendered":"<p><b>Informativa ai sensi degli art. 13 e 14 del GDPR 2016\/679<\/b><\/p>\n<p>Gent. Utente,<br \/>\nLa informiamo che il GDPR 2016\/679 (<i>Nuovo Regolamento Europeo sulla protezione dei dati personali<\/i>) prevede che il trattamento dei suoi dati personali sia improntato ai principi di correttezza, liceit\u00e0, trasparenza e di tutela della sua riservatezza e dei suoi diritti.<\/p>\n<p>Pertanto Le comunichiamo che il trattamento dei dati personali che ci fornir\u00e0 avr\u00e0 le seguenti caratteristiche:<\/p>\n<p>1. Il titolare del trattamento \u00e8:\u00a0<b>3a Srl &#8211; Via Le Chiuse, 68 &#8211; 10144 Torino &#8211; 10098 Rivoli (TO)<\/b>;<\/p>\n<p>2. Il responsabile del trattamento \u00e8:\u00a0<b>Massimo De Marziis<\/b>, che potr\u00e0 essere contattato al seguente indirizzo email:\u00a0<a href=\"mailto:massimo.demarziis@green-planet.it\">massimo.demarziis@green-planet.it<\/a>\u00a0oppure al numero tel.\u00a0<b>011.4378552<\/b>;<\/p>\n<p>3. I suoi dati personali sono da noi raccolti per finalit\u00e0 gestionali, commerciali, promozionali, e per garantire il corretto adempimento delle richieste inoltrate;<\/p>\n<p>4. Il sito utilizza Google Analytics, un servizio di analisi web fornito da Google, Inc. (&#8220;Google&#8221;) che utilizza dei &#8220;cookies&#8221;, file d\u00ec testo che vengono depositati sul computer dell&#8217;utente per consentire al sito web di analizzare l&#8217;utilizzo del sito da parte dei visitatori. Le informazioni generate dal cookie sull&#8217;utilizzo del sito web da parte degli utenti (compreso l&#8217;indirizzo IP) verranno trasmesse a, e depositate presso i server di Google negli Stati Uniti. Google utilizzer\u00e0 queste informazioni allo scopo di tracciare e esaminare l&#8217;utilizzo del sito web, compilare report sulle attivit\u00e0 del sito web per gli operatori del sito web e fornire altri servizi relativi alle attivit\u00e0 del sito web e all&#8217;utilizzo di Internet. Google pu\u00f2 anche trasferire queste informazioni a terzi ove ci\u00f2 sia imposto dalla legge o laddove tali terzi trattino le suddette informazioni per conto di Google. Google non assocer\u00e0 il vostro indirizzo IP a nessun altro dato posseduto da Google;<\/p>\n<p>5. E&#8217; possibile disabilitare l&#8217;uso di cookies selezionando l&#8217;impostazione appropriata sul browser, ma ci\u00f2 potrebbe impedire l&#8217;utilizzo di alcune funzionalit\u00e0 di questo sito web. Il sito contiene link a siti esterni. 3a Srl non \u00e8 responsabile delle informazioni e dei dati eventualmente forniti dall&#8217;utente a tali siti. Le informazioni vengono semplicemente fornite come servizio ai nostri clienti. Per avere informazioni in merito alle informazioni raccolti dai siti esterni sar\u00e0 quindi necessario contattare direttamente tali siti;<\/p>\n<p>6. I dati acquisiti potranno essere comunicati e diffusi, in osservanza del GDPR 2016\/679, allo scopo di perseguire le finalit\u00e0 sopra indicate e saranno comunicati inoltre ai ns. Collaboratori esterni per il supporto commerciale e legale, ai ns. Consulenti ed alla Pubblica Amministrazione per gli adempimenti tributari e fiscali;<br \/>\n7. I suoi dati personali saranno conservati presso i ns. archivi per due anni: se sono stati acquisiti per fini tributari e fiscali, la loro conservazione \u00e8 di dieci anni, come imposto dalla legislazione fiscale in vigore;<\/p>\n<p>8. Lei ha il diritto di chiedere in ogni momento al titolare del trattamento l&#8217;accesso ai suoi dati personali, la loro rettifica o cancellazione o la limitazione del trattamento che lo riguardano o di opporsi al loro trattamento, oltre al diritto alla portabilit\u00e0 dei dati, se possibile;<\/p>\n<p>9. Lei, qualora ritenga che siano stati violati i suoi diritti, pu\u00f2 proporre reclamo al Garante per la protezione dei dati personali o all&#8217;Autorit\u00e0 Giudiziaria;<\/p>\n<p>10. Il conferimento dei dati personali \u00e8 facoltativo ma l&#8217;eventuale rifiuto comporter\u00e0 la mancata esecuzione delle richieste inoltrate e\/o del contratto in essere.<\/p>\n","protected":false},"excerpt":{"rendered":"<p>Informativa ai sensi degli art. 13 e 14 del GDPR [&hellip;]<\/p>\n","protected":false},"author":1,"featured_media":0,"parent":0,"menu_order":0,"comment_status":"closed","ping_status":"closed","template":"","meta":{"_acf_changed":false,"footnotes":""},"class_list":["post-470","page","type-page","status-publish","hentry"],"acf":[],"yoast_head":"<!-- This site is optimized with the Yoast SEO plugin v27.5 - https:\/\/yoast.com\/product\/yoast-seo-wordpress\/ -->\n<title>Privacy Policy - 3a Green Planet Shop<\/title>\n<meta name=\"robots\" content=\"index, follow, max-snippet:-1, max-image-preview:large, max-video-preview:-1\" \/>\n<link rel=\"canonical\" href=\"https:\/\/www.green-planet.market\/it\/privacy-policy\/\" \/>\n<meta property=\"og:locale\" content=\"it_IT\" \/>\n<meta property=\"og:type\" content=\"article\" \/>\n<meta property=\"og:title\" content=\"Privacy Policy - 3a Green Planet Shop\" \/>\n<meta property=\"og:description\" content=\"Informativa ai sensi degli art. 13 e 14 del GDPR [&hellip;]\" \/>\n<meta property=\"og:url\" content=\"https:\/\/www.green-planet.market\/it\/privacy-policy\/\" \/>\n<meta property=\"og:site_name\" content=\"3a Green Planet Shop\" \/>\n<meta property=\"article:modified_time\" content=\"2020-03-05T15:33:42+00:00\" \/>\n<meta name=\"twitter:card\" content=\"summary_large_image\" \/>\n<meta name=\"twitter:label1\" content=\"Tempo di lettura stimato\" \/>\n\t<meta name=\"twitter:data1\" content=\"3 minuti\" \/>\n<script type=\"application\/ld+json\" class=\"yoast-schema-graph\">{\"@context\":\"https:\\\/\\\/schema.org\",\"@graph\":[{\"@type\":\"WebPage\",\"@id\":\"https:\\\/\\\/www.green-planet.market\\\/privacy-policy\\\/\",\"url\":\"https:\\\/\\\/www.green-planet.market\\\/privacy-policy\\\/\",\"name\":\"Privacy Policy - 3a Green Planet Shop\",\"isPartOf\":{\"@id\":\"https:\\\/\\\/www.green-planet.market\\\/#website\"},\"datePublished\":\"2020-03-05T15:30:33+00:00\",\"dateModified\":\"2020-03-05T15:33:42+00:00\",\"breadcrumb\":{\"@id\":\"https:\\\/\\\/www.green-planet.market\\\/privacy-policy\\\/#breadcrumb\"},\"inLanguage\":\"it-IT\",\"potentialAction\":[{\"@type\":\"ReadAction\",\"target\":[\"https:\\\/\\\/www.green-planet.market\\\/privacy-policy\\\/\"]}]},{\"@type\":\"BreadcrumbList\",\"@id\":\"https:\\\/\\\/www.green-planet.market\\\/privacy-policy\\\/#breadcrumb\",\"itemListElement\":[{\"@type\":\"ListItem\",\"position\":1,\"name\":\"Home\",\"item\":\"https:\\\/\\\/www.green-planet.market\\\/\"},{\"@type\":\"ListItem\",\"position\":2,\"name\":\"Privacy Policy\"}]},{\"@type\":\"WebSite\",\"@id\":\"https:\\\/\\\/www.green-planet.market\\\/#website\",\"url\":\"https:\\\/\\\/www.green-planet.market\\\/\",\"name\":\"3a Green Planet Shop\",\"description\":\"Clima, ambiente e agricoltura sostenibile\",\"publisher\":{\"@id\":\"https:\\\/\\\/www.green-planet.market\\\/#organization\"},\"potentialAction\":[{\"@type\":\"SearchAction\",\"target\":{\"@type\":\"EntryPoint\",\"urlTemplate\":\"https:\\\/\\\/www.green-planet.market\\\/?s={search_term_string}\"},\"query-input\":{\"@type\":\"PropertyValueSpecification\",\"valueRequired\":true,\"valueName\":\"search_term_string\"}}],\"inLanguage\":\"it-IT\"},{\"@type\":\"Organization\",\"@id\":\"https:\\\/\\\/www.green-planet.market\\\/#organization\",\"name\":\"3a Green Planet Shop\",\"url\":\"https:\\\/\\\/www.green-planet.market\\\/\",\"logo\":{\"@type\":\"ImageObject\",\"inLanguage\":\"it-IT\",\"@id\":\"https:\\\/\\\/www.green-planet.market\\\/#\\\/schema\\\/logo\\\/image\\\/\",\"url\":\"https:\\\/\\\/www.green-planet.market\\\/wp-content\\\/uploads\\\/2022\\\/06\\\/3a_shop_colorato.png\",\"contentUrl\":\"https:\\\/\\\/www.green-planet.market\\\/wp-content\\\/uploads\\\/2022\\\/06\\\/3a_shop_colorato.png\",\"width\":150,\"height\":105,\"caption\":\"3a Green Planet Shop\"},\"image\":{\"@id\":\"https:\\\/\\\/www.green-planet.market\\\/#\\\/schema\\\/logo\\\/image\\\/\"}}]}<\/script>\n<!-- \/ Yoast SEO plugin. -->","yoast_head_json":{"title":"Privacy Policy - 3a Green Planet Shop","robots":{"index":"index","follow":"follow","max-snippet":"max-snippet:-1","max-image-preview":"max-image-preview:large","max-video-preview":"max-video-preview:-1"},"canonical":"https:\/\/www.green-planet.market\/it\/privacy-policy\/","og_locale":"it_IT","og_type":"article","og_title":"Privacy Policy - 3a Green Planet Shop","og_description":"Informativa ai sensi degli art. 13 e 14 del GDPR [&hellip;]","og_url":"https:\/\/www.green-planet.market\/it\/privacy-policy\/","og_site_name":"3a Green Planet Shop","article_modified_time":"2020-03-05T15:33:42+00:00","twitter_card":"summary_large_image","twitter_misc":{"Tempo di lettura stimato":"3 minuti"},"schema":{"@context":"https:\/\/schema.org","@graph":[{"@type":"WebPage","@id":"https:\/\/www.green-planet.market\/privacy-policy\/","url":"https:\/\/www.green-planet.market\/privacy-policy\/","name":"Privacy Policy - 3a Green Planet Shop","isPartOf":{"@id":"https:\/\/www.green-planet.market\/#website"},"datePublished":"2020-03-05T15:30:33+00:00","dateModified":"2020-03-05T15:33:42+00:00","breadcrumb":{"@id":"https:\/\/www.green-planet.market\/privacy-policy\/#breadcrumb"},"inLanguage":"it-IT","potentialAction":[{"@type":"ReadAction","target":["https:\/\/www.green-planet.market\/privacy-policy\/"]}]},{"@type":"BreadcrumbList","@id":"https:\/\/www.green-planet.market\/privacy-policy\/#breadcrumb","itemListElement":[{"@type":"ListItem","position":1,"name":"Home","item":"https:\/\/www.green-planet.market\/"},{"@type":"ListItem","position":2,"name":"Privacy Policy"}]},{"@type":"WebSite","@id":"https:\/\/www.green-planet.market\/#website","url":"https:\/\/www.green-planet.market\/","name":"3a Green Planet Shop","description":"Clima, ambiente e agricoltura sostenibile","publisher":{"@id":"https:\/\/www.green-planet.market\/#organization"},"potentialAction":[{"@type":"SearchAction","target":{"@type":"EntryPoint","urlTemplate":"https:\/\/www.green-planet.market\/?s={search_term_string}"},"query-input":{"@type":"PropertyValueSpecification","valueRequired":true,"valueName":"search_term_string"}}],"inLanguage":"it-IT"},{"@type":"Organization","@id":"https:\/\/www.green-planet.market\/#organization","name":"3a Green Planet Shop","url":"https:\/\/www.green-planet.market\/","logo":{"@type":"ImageObject","inLanguage":"it-IT","@id":"https:\/\/www.green-planet.market\/#\/schema\/logo\/image\/","url":"https:\/\/www.green-planet.market\/wp-content\/uploads\/2022\/06\/3a_shop_colorato.png","contentUrl":"https:\/\/www.green-planet.market\/wp-content\/uploads\/2022\/06\/3a_shop_colorato.png","width":150,"height":105,"caption":"3a Green Planet Shop"},"image":{"@id":"https:\/\/www.green-planet.market\/#\/schema\/logo\/image\/"}}]}},"_links":{"self":[{"href":"https:\/\/www.green-planet.market\/it\/wp-json\/wp\/v2\/pages\/470","targetHints":{"allow":["GET"]}}],"collection":[{"href":"https:\/\/www.green-planet.market\/it\/wp-json\/wp\/v2\/pages"}],"about":[{"href":"https:\/\/www.green-planet.market\/it\/wp-json\/wp\/v2\/types\/page"}],"author":[{"embeddable":true,"href":"https:\/\/www.green-planet.market\/it\/wp-json\/wp\/v2\/users\/1"}],"replies":[{"embeddable":true,"href":"https:\/\/www.green-planet.market\/it\/wp-json\/wp\/v2\/comments?post=470"}],"version-history":[{"count":3,"href":"https:\/\/www.green-planet.market\/it\/wp-json\/wp\/v2\/pages\/470\/revisions"}],"predecessor-version":[{"id":475,"href":"https:\/\/www.green-planet.market\/it\/wp-json\/wp\/v2\/pages\/470\/revisions\/475"}],"wp:attachment":[{"href":"https:\/\/www.green-planet.market\/it\/wp-json\/wp\/v2\/media?parent=470"}],"curies":[{"name":"wp","href":"https:\/\/api.w.org\/{rel}","templated":true}]}}